{"id":19428,"date":"2023-08-08T15:59:35","date_gmt":"2023-08-08T13:59:35","guid":{"rendered":"https:\/\/groupe-odealim.com\/el-grupo\/"},"modified":"2025-09-12T11:06:39","modified_gmt":"2025-09-12T09:06:39","slug":"el-grupo","status":"publish","type":"page","link":"https:\/\/groupe-odealim.com\/es\/el-grupo\/","title":{"rendered":"El Grupo"},"content":{"rendered":"<p>[et_pb_section fb_built=\u00bb1&#8243; _builder_version=\u00bb4.21.0&#8243; _module_preset=\u00bbdefault\u00bb global_colors_info=\u00bb{}\u00bb][et_pb_row column_structure=\u00bb1_3,1_3,1_3&#8243; use_custom_gutter=\u00bbon\u00bb gutter_width=\u00bb1&#8243; make_equal=\u00bbon\u00bb _builder_version=\u00bb4.21.0&#8243; _module_preset=\u00bbdefault\u00bb width=\u00bb100%\u00bb max_width=\u00bb70%\u00bb custom_padding=\u00bb70px||70px||true|false\u00bb global_colors_info=\u00bb{}\u00bb][et_pb_column type=\u00bb1_3&#8243; _builder_version=\u00bb4.21.0&#8243; _module_preset=\u00bbdefault\u00bb custom_css_main_element=\u00bbmargin: auto;\u00bb global_colors_info=\u00bb{}\u00bb][et_pb_image src=\u00bbhttp:\/\/groupe-odealim.com\/wp-content\/uploads\/2023\/08\/BULLE-1.png\u00bb title_text=\u00bbBULA-1&#8243; align=\u00bbcenter\u00bb _builder_version=\u00bb4.21.0&#8243; _module_preset=\u00bbdefault\u00bb width=\u00bb65%\u00bb custom_margin_tablet=\u00bb\u00bb custom_margin_phone=\u00bb||30px||false|false\u00bb custom_margin_last_edited=\u00bbon|phone\u00bb global_colors_info=\u00bb{}\u00bb][\/et_pb_image][et_pb_text _builder_version=\u00bb4.21.0&#8243; _module_preset=\u00bbdefault\u00bb text_font=\u00bbPoppins|600|||||||\u00bb text_text_color=\u00bb#000000&#8243; text_font_size=\u00bb16px\u00bb text_orientation=\u00bbcenter\u00bb custom_padding=\u00bb10px||||false|false\u00bb global_colors_info=\u00bb{}\u00bb]<\/p>\n<p>ASSURCOPRO<\/p>\n<p>[\/et_pb_text][\/et_pb_column][et_pb_column type=\u00bb1_3&#8243; _builder_version=\u00bb4.21.0&#8243; _module_preset=\u00bbdefault\u00bb custom_css_main_element=\u00bbwidth: 10%;||margin: auto;\u00bb global_colors_info=\u00bb{}\u00bb][et_pb_icon font_icon=\u00bb&#x43;||divi||400&#8243; icon_color=\u00bb#94887d\u00bb icon_width=\u00bb35px\u00bb disabled_on=\u00bbon|on|off\u00bb _builder_version=\u00bb4.21.0&#8243; _module_preset=\u00bbdefault\u00bb positioning=\u00bbfixed\u00bb position_origin_f=\u00bbcenter_center\u00bb position_origin_a_last_edited=\u00bboff|desktop\u00bb position_origin_f_last_edited=\u00bboff|desktop\u00bb position_origin_r_last_edited=\u00bboff|desktop\u00bb positioning_last_edited=\u00bboff|desktop\u00bb global_colors_info=\u00bb{}\u00bb][\/et_pb_icon][\/et_pb_column][et_pb_column type=\u00bb1_3&#8243; _builder_version=\u00bb4.21.0&#8243; _module_preset=\u00bbdefault\u00bb custom_css_main_element=\u00bbmargin: auto;\u00bb global_colors_info=\u00bb{}\u00bb][et_pb_text _builder_version=\u00bb4.21.0&#8243; _module_preset=\u00bbdefault\u00bb text_font=\u00bbPoppins|300|||||||\u00bb text_text_color=\u00bb#000000&#8243; header_2_font=\u00bbPoppins|600|||||||\u00bb header_2_text_color=\u00bb#000000&#8243; header_2_font_size=\u00bb45px\u00bb header_3_text_color=\u00bb#000000&#8243; header_3_font_size=\u00bb16px\u00bb text_orientation=\u00bbcenter\u00bb animation_style=\u00bbslide\u00bb animation_direction=\u00bbright\u00bb global_colors_info=\u00bb{}\u00bb]<\/p>\n<h2>1927<\/h2>\n<h3><\/h3>\n<h3>Creaci\u00f3n de Assurcopro (LMS Courtage)<\/h3>\n<p>Nuestra historia comenz\u00f3 en Niza, en 1927, con la creaci\u00f3n de Assurcopro (LMS Courtage), una corredur\u00eda especializada en seguros patrimoniales. La empresa se impuso r\u00e1pidamente como la referencia del seguro de bienes en la Costa Azul. Y como la proximidad es garant\u00eda de relevancia, Assurcopro se expandi\u00f3, abriendo oficinas en Par\u00eds y luego en Cannes.  <\/p>\n<p>[\/et_pb_text][\/et_pb_column][\/et_pb_row][et_pb_row column_structure=\u00bb1_3,1_3,1_3&#8243; use_custom_gutter=\u00bbon\u00bb gutter_width=\u00bb1&#8243; make_equal=\u00bbon\u00bb _builder_version=\u00bb4.21.0&#8243; _module_preset=\u00bbdefault\u00bb width=\u00bb100%\u00bb max_width=\u00bb70%\u00bb custom_padding=\u00bb70px||70px||true|false\u00bb global_colors_info=\u00bb{}\u00bb][et_pb_column type=\u00bb1_3&#8243; _builder_version=\u00bb4.21.0&#8243; _module_preset=\u00bbdefault\u00bb custom_css_main_element=\u00bbmargin: auto;\u00bb global_colors_info=\u00bb{}\u00bb][et_pb_text _builder_version=\u00bb4.21.0&#8243; _module_preset=\u00bbdefault\u00bb text_font=\u00bbPoppins|300|||||||\u00bb text_text_color=\u00bb#000000&#8243; header_text_color=\u00bb#000000&#8243; header_2_font=\u00bbPoppins|600|||||||\u00bb header_2_text_color=\u00bb#000000&#8243; header_2_font_size=\u00bb45px\u00bb header_3_text_color=\u00bb#000000&#8243; header_3_font_size=\u00bb16px\u00bb text_orientation=\u00bbcenter\u00bb custom_margin_tablet=\u00bb\u00bb custom_margin_phone=\u00bb||30px||false|false\u00bb custom_margin_last_edited=\u00bbon|phone\u00bb animation_style=\u00bbslide\u00bb animation_direction=\u00bbleft\u00bb global_colors_info=\u00bb{}\u00bb]<\/p>\n<h2>2016<\/h2>\n<h3><\/h3>\n<h3>Eurazeo PME apoya y acelera nuestra aventura<\/h3>\n<p>A partir de 2016, con el apoyo del fondo Eurazeo PME, el Grupo se expandi\u00f3 progresivamente con la llegada de Jacques Boulard -ahora JBSA-, Interassurances e Insor, lo que le permiti\u00f3 ampliar sus actividades de gesti\u00f3n de alquileres.<\/p>\n<p><strong>90 empleados<\/strong><br \/><strong>30.000 edificios asegurados<\/strong><br \/><strong>40.000 viviendas garantizadas<\/strong><\/p>\n<p>[\/et_pb_text][\/et_pb_column][et_pb_column type=\u00bb1_3&#8243; _builder_version=\u00bb4.21.0&#8243; _module_preset=\u00bbdefault\u00bb custom_css_main_element=\u00bbwidth: 10%;||margin: auto;\u00bb global_colors_info=\u00bb{}\u00bb][\/et_pb_column][et_pb_column type=\u00bb1_3&#8243; _builder_version=\u00bb4.21.0&#8243; _module_preset=\u00bbdefault\u00bb custom_css_main_element=\u00bbmargin: auto;\u00bb global_colors_info=\u00bb{}\u00bb][et_pb_image src=\u00bbhttp:\/\/groupe-odealim.com\/wp-content\/uploads\/2023\/08\/BULLE-2.png\u00bb title_text=\u00bbBULLE-2&#8243; align=\u00bbcenter\u00bb _builder_version=\u00bb4.21.0&#8243; _module_preset=\u00bbdefault\u00bb width=\u00bb65%\u00bb global_colors_info=\u00bb{}\u00bb][\/et_pb_image][et_pb_text _builder_version=\u00bb4.21.0&#8243; _module_preset=\u00bbdefault\u00bb text_font=\u00bbPoppins|600|||||||\u00bb text_text_color=\u00bb#000000&#8243; text_font_size=\u00bb16px\u00bb text_orientation=\u00bbcenter\u00bb custom_padding=\u00bb10px||||false|false\u00bb global_colors_info=\u00bb{}\u00bb]<\/p>\n<p>JBSA (Jacques Boulard)<br \/>INTERASSURANCES <br \/>INSOR<\/p>\n<p>[\/et_pb_text][\/et_pb_column][\/et_pb_row][et_pb_row column_structure=\u00bb1_3,1_3,1_3&#8243; use_custom_gutter=\u00bbon\u00bb gutter_width=\u00bb1&#8243; make_equal=\u00bbon\u00bb _builder_version=\u00bb4.21.0&#8243; _module_preset=\u00bbdefault\u00bb width=\u00bb100%\u00bb max_width=\u00bb70%\u00bb custom_padding=\u00bb70px||70px||true|false\u00bb global_colors_info=\u00bb{}\u00bb][et_pb_column type=\u00bb1_3&#8243; _builder_version=\u00bb4.21.0&#8243; _module_preset=\u00bbdefault\u00bb custom_css_main_element=\u00bbmargin: auto;\u00bb global_colors_info=\u00bb{}\u00bb][et_pb_image src=\u00bbhttp:\/\/groupe-odealim.com\/wp-content\/uploads\/2023\/08\/BULLE-4.png\u00bb title_text=\u00bbBULLE-4&#8243; align=\u00bbcenter\u00bb _builder_version=\u00bb4.21.0&#8243; _module_preset=\u00bbdefault\u00bb width=\u00bb65%\u00bb global_colors_info=\u00bb{}\u00bb][\/et_pb_image][et_pb_text _builder_version=\u00bb4.21.0&#8243; _module_preset=\u00bbdefault\u00bb text_font=\u00bbPoppins|600|||||||\u00bb text_text_color=\u00bb#000000&#8243; text_font_size=\u00bb16px\u00bb text_orientation=\u00bbcenter\u00bb custom_margin_tablet=\u00bb\u00bb custom_margin_phone=\u00bb||30px||false|false\u00bb custom_margin_last_edited=\u00bbon|phone\u00bb custom_padding=\u00bb10px||||false|false\u00bb global_colors_info=\u00bb{}\u00bb]BRUN ET JCD<br \/>\nCORIM ASSURANCES<br \/>\nFIDENTIALP<br \/>\nPISANO ASSURANCES CONSEILS<br \/>\nRIPERT DE GRISSAC<br \/>\nROSELINE BRUN[\/et_pb_text][\/et_pb_column][et_pb_column type=\u00bb1_3&#8243; _builder_version=\u00bb4.21.0&#8243; _module_preset=\u00bbdefault\u00bb custom_css_main_element=\u00bbwidth: 10%;||margin: auto;\u00bb global_colors_info=\u00bb{}\u00bb][et_pb_icon font_icon=\u00bb&#x43;||divi||400&#8243; icon_color=\u00bb#94887d\u00bb icon_width=\u00bb35px\u00bb disabled_on=\u00bbon|on|off\u00bb _builder_version=\u00bb4.21.0&#8243; _module_preset=\u00bbdefault\u00bb positioning=\u00bbfixed\u00bb position_origin_f=\u00bbcenter_center\u00bb position_origin_a_last_edited=\u00bboff|desktop\u00bb position_origin_f_last_edited=\u00bboff|desktop\u00bb position_origin_r_last_edited=\u00bboff|desktop\u00bb positioning_last_edited=\u00bboff|desktop\u00bb global_colors_info=\u00bb{}\u00bb][\/et_pb_icon][\/et_pb_column][et_pb_column type=\u00bb1_3&#8243; _builder_version=\u00bb4.21.0&#8243; _module_preset=\u00bbdefault\u00bb custom_css_main_element=\u00bbmargin: auto;\u00bb global_colors_info=\u00bb{}\u00bb][et_pb_text _builder_version=\u00bb4.21.0&#8243; _module_preset=\u00bbdefault\u00bb text_font=\u00bbPoppins|300|||||||\u00bb text_text_color=\u00bb#000000&#8243; header_2_font=\u00bbPoppins|600|||||||\u00bb header_2_text_color=\u00bb#000000&#8243; header_2_font_size=\u00bb45px\u00bb header_3_text_color=\u00bb#000000&#8243; header_3_font_size=\u00bb16px\u00bb text_orientation=\u00bbcenter\u00bb animation_style=\u00bbslide\u00bb animation_direction=\u00bbright\u00bb global_colors_info=\u00bb{}\u00bb]<\/p>\n<h2>2018 &#8211; 2019<\/h2>\n<h3><\/h3>\n<h3>El grupo se convierte en ODEALIM<\/h3>\n<p>Este grupo de corredores decidi\u00f3 dar un paso m\u00e1s uniendo sus fuerzas bajo un mismo nombre e identidad, con el objetivo de poner en com\u00fan sus recursos y reforzar su poder de negociaci\u00f3n.<br \/>El grupo Assurcopro cambi\u00f3 as\u00ed su nombre por el de ODEALIM. La llegada del fondo TA Associates ha reforzado a\u00fan m\u00e1s el desarrollo del grupo, con la incorporaci\u00f3n de Corim Assurances, corredor mayorista, y la llegada de Pisano Assurances Conseils, especialista en BET. Tambi\u00e9n ha abierto nuevas oficinas en Lyon, Marsella y Grenoble.  <\/p>\n<p><strong>180 empleados<\/strong><br \/><strong>34.500 edificios asegurados<\/strong><br \/><strong>130.000 viviendas garantizadas<\/strong><\/p>\n<p>[\/et_pb_text][\/et_pb_column][\/et_pb_row][et_pb_row column_structure=\u00bb1_3,1_3,1_3&#8243; use_custom_gutter=\u00bbon\u00bb gutter_width=\u00bb1&#8243; make_equal=\u00bbon\u00bb _builder_version=\u00bb4.21.0&#8243; _module_preset=\u00bbdefault\u00bb width=\u00bb100%\u00bb max_width=\u00bb70%\u00bb custom_padding=\u00bb70px||70px||true|false\u00bb global_colors_info=\u00bb{}\u00bb][et_pb_column type=\u00bb1_3&#8243; _builder_version=\u00bb4.21.0&#8243; _module_preset=\u00bbdefault\u00bb custom_css_main_element=\u00bbmargin: auto;\u00bb global_colors_info=\u00bb{}\u00bb][et_pb_text _builder_version=\u00bb4.21.0&#8243; _module_preset=\u00bbdefault\u00bb text_font=\u00bbPoppins|300|||||||\u00bb text_text_color=\u00bb#000000&#8243; header_text_color=\u00bb#000000&#8243; header_2_font=\u00bbPoppins|600|||||||\u00bb header_2_text_color=\u00bb#000000&#8243; header_2_font_size=\u00bb45px\u00bb header_3_text_color=\u00bb#000000&#8243; header_3_font_size=\u00bb16px\u00bb text_orientation=\u00bbcenter\u00bb custom_margin_tablet=\u00bb\u00bb custom_margin_phone=\u00bb||30px||false|false\u00bb custom_margin_last_edited=\u00bbon|phone\u00bb animation_style=\u00bbslide\u00bb animation_direction=\u00bbleft\u00bb global_colors_info=\u00bb{}\u00bb]<\/p>\n<h2>2020 &#8211; 2021<\/h2>\n<h3><\/h3>\n<h3>Una oferta diversificada con Art\u00e9mis Courtage<\/h3>\n<p>Contin\u00faa la expansi\u00f3n del Grupo, con la llegada de Globale Assure, CGR Assurances y la puesta en marcha de Simplis, que refuerzan su negocio de construcci\u00f3n.<\/p>\n<p>La divisi\u00f3n de Lyon tambi\u00e9n se ampl\u00eda con la llegada de Assurg\u00e9rance, BVD y SCA Brun, que aportan su experiencia en gesti\u00f3n de alquileres. En agosto de 2021, la llegada de Art\u00e9mis Courtage acelera la diversificaci\u00f3n de la oferta hacia la intermediaci\u00f3n crediticia y la financiaci\u00f3n inmobiliaria. En verano de 2021 tambi\u00e9n se cre\u00f3 el fondo Raise junto a TA Associates.  <\/p>\n<p><strong>700 empleados y agentes<\/strong><br \/><strong>45.000 edificios asegurados<\/strong><br \/><strong>180.000 viviendas garantizadas<\/strong><\/p>\n<p>[\/et_pb_text][\/et_pb_column][et_pb_column type=\u00bb1_3&#8243; _builder_version=\u00bb4.21.0&#8243; _module_preset=\u00bbdefault\u00bb custom_css_main_element=\u00bbwidth: 10%;||margin: auto;\u00bb global_colors_info=\u00bb{}\u00bb][\/et_pb_column][et_pb_column type=\u00bb1_3&#8243; _builder_version=\u00bb4.21.0&#8243; _module_preset=\u00bbdefault\u00bb custom_css_main_element=\u00bbmargin: auto;\u00bb global_colors_info=\u00bb{}\u00bb][et_pb_image src=\u00bbhttp:\/\/groupe-odealim.com\/wp-content\/uploads\/2023\/08\/BULLE-3.png\u00bb title_text=\u00bbBULLE-3&#8243; align=\u00bbcenter\u00bb _builder_version=\u00bb4.21.0&#8243; _module_preset=\u00bbdefault\u00bb width=\u00bb65%\u00bb global_colors_info=\u00bb{}\u00bb][\/et_pb_image][et_pb_text _builder_version=\u00bb4.21.0&#8243; _module_preset=\u00bbdefault\u00bb text_font=\u00bbPoppins|600|||||||\u00bb text_text_color=\u00bb#000000&#8243; text_font_size=\u00bb16px\u00bb text_orientation=\u00bbcenter\u00bb custom_padding=\u00bb10px||||false|false\u00bb global_colors_info=\u00bb{}\u00bb]<\/p>\n<p>ASSURGERANCE<br \/>ART\u00c9MIS COURTAGE<br \/>GLOBALE ASSURE<br \/>CGR ASSURANCES<br \/>SCA BRUN &#8211; BVD<br \/>SIMPLIS<\/p>\n<p>[\/et_pb_text][\/et_pb_column][\/et_pb_row][et_pb_row column_structure=\u00bb1_3,1_3,1_3&#8243; use_custom_gutter=\u00bbon\u00bb gutter_width=\u00bb1&#8243; make_equal=\u00bbon\u00bb _builder_version=\u00bb4.21.0&#8243; _module_preset=\u00bbdefault\u00bb width=\u00bb100%\u00bb max_width=\u00bb70%\u00bb custom_padding=\u00bb70px||70px||true|false\u00bb global_colors_info=\u00bb{}\u00bb][et_pb_column type=\u00bb1_3&#8243; _builder_version=\u00bb4.21.0&#8243; _module_preset=\u00bbdefault\u00bb custom_css_main_element=\u00bbmargin: auto;\u00bb global_colors_info=\u00bb{}\u00bb][et_pb_image src=\u00bbhttp:\/\/groupe-odealim.com\/wp-content\/uploads\/2023\/08\/BULLE-6.png\u00bb title_text=\u00bbBULLE-6&#8243; align=\u00bbcenter\u00bb _builder_version=\u00bb4.21.0&#8243; _module_preset=\u00bbdefault\u00bb width=\u00bb65%\u00bb global_colors_info=\u00bb{}\u00bb][\/et_pb_image][et_pb_text _builder_version=\u00bb4.21.0&#8243; _module_preset=\u00bbdefault\u00bb text_font=\u00bbPoppins|600|||||||\u00bb text_text_color=\u00bb#000000&#8243; text_font_size=\u00bb16px\u00bb text_orientation=\u00bbcenter\u00bb custom_padding=\u00bb10px||||false|false\u00bb global_colors_info=\u00bb{}\u00bb]<\/p>\n<p>CAUTIONEO<br \/>COURTAGE DE FRANCE<br \/>DIGITAL INSURE<br \/>GROUPE BAC<br \/>JBL COURTAGE<\/p>\n<p>[\/et_pb_text][\/et_pb_column][et_pb_column type=\u00bb1_3&#8243; _builder_version=\u00bb4.21.0&#8243; _module_preset=\u00bbdefault\u00bb custom_css_main_element=\u00bbwidth: 10%;||margin: auto;\u00bb global_colors_info=\u00bb{}\u00bb][et_pb_icon font_icon=\u00bb&#x43;||divi||400&#8243; icon_color=\u00bb#94887d\u00bb icon_width=\u00bb35px\u00bb disabled_on=\u00bbon|on|off\u00bb _builder_version=\u00bb4.21.0&#8243; _module_preset=\u00bbdefault\u00bb positioning=\u00bbfixed\u00bb position_origin_f=\u00bbcenter_center\u00bb position_origin_a_last_edited=\u00bboff|desktop\u00bb position_origin_f_last_edited=\u00bboff|desktop\u00bb position_origin_r_last_edited=\u00bboff|desktop\u00bb positioning_last_edited=\u00bboff|desktop\u00bb global_colors_info=\u00bb{}\u00bb][\/et_pb_icon][\/et_pb_column][et_pb_column type=\u00bb1_3&#8243; _builder_version=\u00bb4.21.0&#8243; _module_preset=\u00bbdefault\u00bb custom_css_main_element=\u00bbmargin: auto;\u00bb global_colors_info=\u00bb{}\u00bb][et_pb_text _builder_version=\u00bb4.21.0&#8243; _module_preset=\u00bbdefault\u00bb text_font=\u00bbPoppins|300|||||||\u00bb text_text_color=\u00bb#000000&#8243; header_2_font=\u00bbPoppins|600|||||||\u00bb header_2_text_color=\u00bb#000000&#8243; header_2_font_size=\u00bb45px\u00bb header_3_text_color=\u00bb#000000&#8243; header_3_font_size=\u00bb16px\u00bb text_orientation=\u00bbcenter\u00bb custom_margin_tablet=\u00bb\u00bb custom_margin_phone=\u00bb30px||||false|false\u00bb custom_margin_last_edited=\u00bbon|phone\u00bb animation_style=\u00bbslide\u00bb animation_direction=\u00bbright\u00bb global_colors_info=\u00bb{}\u00bb]<\/p>\n<h2><\/h2>\n<h2>2022-2024<\/h2>\n<h3><\/h3>\n<h3>Establecer sinergias<\/h3>\n<p>En 2022, el fondo Ardian se unir\u00e1 a la empresa.<br \/>Digital Insure, una insurtech francesa especializada en seguros de pr\u00e9stamos y previsi\u00f3n, se convertir\u00e1 en miembro al 100% del Grupo en septiembre de 2022. <br \/>La divisi\u00f3n de Seguros Patrimoniales y de la Construcci\u00f3n se reforzar\u00e1 con la llegada de la start-up Cautioneo y las empresas JBL Courtage, Groupe Bac y Courtage de France.<\/p>\n<p>Con la llegada de la empresa Euodia se crea la divisi\u00f3n de gesti\u00f3n de patrimonios. Odealim cuenta con casi 100 puntos de venta y 10 centros regionales de gesti\u00f3n en : Caen, Cannes, Grenoble, Lille, Lyon, Marsella, Nantes, Niza, Par\u00eds y Tours.  <\/p>\n<p><strong>1.015 empleados y agentes<\/strong><br \/><strong>55.000 edificios asegurados<\/strong><br \/><strong>225.000 viviendas garantizadas<br \/>17.000 clientes financiados en 2023 por 3.000 millones de euros <br \/><\/strong><strong>350.000 contratos de pr\u00e9stamo gestionados<br \/><\/strong><strong>160 millones de euros de facturaci\u00f3n en 2023*.<br \/><\/strong><span style=\"font-size: x-small;\">(*excluidas las ventas de gesti\u00f3n de activos)<\/span><\/p>\n<p>[\/et_pb_text][\/et_pb_column][\/et_pb_row][et_pb_row column_structure=\u00bb1_3,1_3,1_3&#8243; use_custom_gutter=\u00bbon\u00bb gutter_width=\u00bb1&#8243; make_equal=\u00bbon\u00bb _builder_version=\u00bb4.21.0&#8243; _module_preset=\u00bbdefault\u00bb width=\u00bb100%\u00bb max_width=\u00bb70%\u00bb custom_padding=\u00bb70px||70px||true|false\u00bb global_colors_info=\u00bb{}\u00bb][et_pb_column type=\u00bb1_3&#8243; _builder_version=\u00bb4.21.0&#8243; _module_preset=\u00bbdefault\u00bb custom_css_main_element=\u00bbmargin: auto;\u00bb global_colors_info=\u00bb{}\u00bb][et_pb_text _builder_version=\u00bb4.21.0&#8243; _module_preset=\u00bbdefault\u00bb text_font=\u00bbPoppins|300|||||||\u00bb text_text_color=\u00bb#000000&#8243; header_text_color=\u00bb#000000&#8243; header_2_font=\u00bbPoppins|600|||||||\u00bb header_2_text_color=\u00bb#000000&#8243; header_2_font_size=\u00bb45px\u00bb header_3_text_color=\u00bb#000000&#8243; header_3_font_size=\u00bb16px\u00bb text_orientation=\u00bbcenter\u00bb custom_margin_tablet=\u00bb\u00bb custom_margin_phone=\u00bb||30px||false|false\u00bb custom_margin_last_edited=\u00bbon|phone\u00bb animation_style=\u00bbslide\u00bb animation_direction=\u00bbleft\u00bb global_colors_info=\u00bb{}\u00bb]<\/p>\n<h2>Hoy<\/h2>\n<h3><\/h3>\n<h3>Juntos, nuestros colores tienen futuro.<\/h3>\n<p>El Grupo Odealim es una empresa que conf\u00eda en su experiencia. Los equipos tienen un excelente conocimiento de su mercado y han adquirido competencias s\u00f3lidas y punteras que les permiten comprender las necesidades de sus clientes y ofrecerles un servicio de calidad esencial.<\/p>\n<p>Establecido ahora como corredor nacional l\u00edder en seguros y financiaci\u00f3n inmobiliaria, el grupo est\u00e1 dividido en 4 grandes \u00e1reas de especializaci\u00f3n complementarias -Seguro de Da\u00f1os y Construcci\u00f3n, Seguro de Cr\u00e9dito, Pr\u00e9stamo y Protecci\u00f3n Personal, y Gesti\u00f3n Patrimonial- para garantizar un control cada vez mayor de la vertical inmobiliaria.<\/p>\n<p>[\/et_pb_text][\/et_pb_column][et_pb_column type=\u00bb1_3&#8243; _builder_version=\u00bb4.21.0&#8243; _module_preset=\u00bbdefault\u00bb custom_css_main_element=\u00bbwidth: 10%;||margin: auto;\u00bb global_colors_info=\u00bb{}\u00bb][\/et_pb_column][et_pb_column type=\u00bb1_3&#8243; _builder_version=\u00bb4.21.0&#8243; _module_preset=\u00bbdefault\u00bb custom_css_main_element=\u00bbmargin: auto;\u00bb global_colors_info=\u00bb{}\u00bb][et_pb_image src=\u00bbhttp:\/\/groupe-odealim.com\/wp-content\/uploads\/2023\/08\/BULLE-8.png\u00bb title_text=\u00bbBULLE-8&#8243; align=\u00bbcenter\u00bb _builder_version=\u00bb4.21.0&#8243; _module_preset=\u00bbdefault\u00bb width=\u00bb65%\u00bb global_colors_info=\u00bb{}\u00bb][\/et_pb_image][\/et_pb_column][\/et_pb_row][\/et_pb_section][et_pb_section fb_built=\u00bb1&#8243; disabled_on=\u00bbon|on|off\u00bb _builder_version=\u00bb4.21.0&#8243; _module_preset=\u00bbdefault\u00bb global_colors_info=\u00bb{}\u00bb][et_pb_row disabled_on=\u00bbon|on|off\u00bb _builder_version=\u00bb4.21.0&#8243; _module_preset=\u00bbdefault\u00bb global_colors_info=\u00bb{}\u00bb][et_pb_column type=\u00bb4_4&#8243; admin_label=\u00bbColumna\u00bb _builder_version=\u00bb4.21.0&#8243; _module_preset=\u00bbdefault\u00bb global_colors_info=\u00bb{}\u00bb][et_pb_code disabled_on=\u00bbon|on|off\u00bb _builder_version=\u00bb4.21.0&#8243; _module_preset=\u00bbdefault\u00bb positioning=\u00bbfixed\u00bb position_origin_a=\u00bbcenter_center\u00bb position_origin_f=\u00bbtop_center\u00bb vertical_offset_last_edited=\u00bboff|desktop\u00bb width=\u00bb100%\u00bb global_colors_info=\u00bb{}\u00bb]<!-- [et_pb_line_break_holder] --><!-- [et_pb_line_break_holder] --><!-- [et_pb_line_break_holder] --><meta name=\"viewport\" content=\"width=anchura-dispositivo, initial-scale=1\"><!-- [et_pb_line_break_holder] --><\/p>\n<style><!-- [et_pb_line_break_holder] -->.vl {<!-- [et_pb_line_break_holder] -->  border-left: 1px solid #94887D;<!-- [et_pb_line_break_holder] -->  height: 1500px;<!-- [et_pb_line_break_holder] -->  position: absolute;<!-- [et_pb_line_break_holder] -->  left: 50%;<!-- [et_pb_line_break_holder] -->  margin-left: -0.5px;<!-- [et_pb_line_break_holder] -->  top: 0;<!-- [et_pb_line_break_holder] -->}<!-- [et_pb_line_break_holder] --><\/style>\n<p><!-- [et_pb_line_break_holder] --><!-- [et_pb_line_break_holder] --><!-- [et_pb_line_break_holder] --><!-- [et_pb_line_break_holder] --><\/p>\n<div class=\"vl\"><\/div>\n<p><!-- [et_pb_line_break_holder] --><!-- [et_pb_line_break_holder] --><!-- [et_pb_line_break_holder] -->[\/et_pb_code][\/et_pb_column][\/et_pb_row][\/et_pb_section]<\/p>\n","protected":false},"excerpt":{"rendered":"<p>ASSURCOPRO1927 Creaci\u00f3n de Assurcopro (LMS Courtage) Nuestra historia comenz\u00f3 en Niza, en 1927, con la creaci\u00f3n de Assurcopro (LMS Courtage), una corredur\u00eda especializada en seguros patrimoniales. La empresa se impuso r\u00e1pidamente como la referencia del seguro de bienes en la Costa Azul. Y como la proximidad es garant\u00eda de relevancia, Assurcopro se expandi\u00f3, abriendo oficinas [&hellip;]<\/p>\n","protected":false},"author":2,"featured_media":0,"parent":0,"menu_order":0,"comment_status":"closed","ping_status":"closed","template":"","meta":{"_et_pb_use_builder":"on","_et_pb_old_content":"","_et_gb_content_width":"","footnotes":""},"folder":[],"class_list":["post-19428","page","type-page","status-publish","hentry"],"_links":{"self":[{"href":"https:\/\/groupe-odealim.com\/es\/wp-json\/wp\/v2\/pages\/19428","targetHints":{"allow":["GET"]}}],"collection":[{"href":"https:\/\/groupe-odealim.com\/es\/wp-json\/wp\/v2\/pages"}],"about":[{"href":"https:\/\/groupe-odealim.com\/es\/wp-json\/wp\/v2\/types\/page"}],"author":[{"embeddable":true,"href":"https:\/\/groupe-odealim.com\/es\/wp-json\/wp\/v2\/users\/2"}],"replies":[{"embeddable":true,"href":"https:\/\/groupe-odealim.com\/es\/wp-json\/wp\/v2\/comments?post=19428"}],"version-history":[{"count":2,"href":"https:\/\/groupe-odealim.com\/es\/wp-json\/wp\/v2\/pages\/19428\/revisions"}],"predecessor-version":[{"id":19432,"href":"https:\/\/groupe-odealim.com\/es\/wp-json\/wp\/v2\/pages\/19428\/revisions\/19432"}],"wp:attachment":[{"href":"https:\/\/groupe-odealim.com\/es\/wp-json\/wp\/v2\/media?parent=19428"}],"wp:term":[{"taxonomy":"folder","embeddable":true,"href":"https:\/\/groupe-odealim.com\/es\/wp-json\/wp\/v2\/folder?post=19428"}],"curies":[{"name":"wp","href":"https:\/\/api.w.org\/{rel}","templated":true}]}}