{"id":19423,"date":"2023-08-10T09:38:55","date_gmt":"2023-08-10T07:38:55","guid":{"rendered":"https:\/\/groupe-odealim.com\/financiacion\/avantage-courtage\/"},"modified":"2025-09-12T11:06:39","modified_gmt":"2025-09-12T09:06:39","slug":"avantage-courtage","status":"publish","type":"page","link":"https:\/\/groupe-odealim.com\/es\/financiacion\/avantage-courtage\/","title":{"rendered":"Avantage Courtage"},"content":{"rendered":"<p>[et_pb_section fb_built=\u00bb1&#8243; _builder_version=\u00bb4.21.0&#8243; _module_preset=\u00bbdefault\u00bb custom_margin=\u00bb0px||0px||true|false\u00bb custom_padding=\u00bb0px||0px||true|false\u00bb global_colors_info=\u00bb{}\u00bb][et_pb_row column_structure=\u00bb1_3,1_3,1_3&#8243; use_custom_gutter=\u00bbon\u00bb gutter_width=\u00bb1&#8243; make_equal=\u00bbon\u00bb _builder_version=\u00bb4.21.0&#8243; _module_preset=\u00bbdefault\u00bb width=\u00bb100%\u00bb max_width=\u00bb2560px\u00bb custom_margin=\u00bb||||false|false\u00bb custom_padding=\u00bb0px||0px||true|false\u00bb global_colors_info=\u00bb{}\u00bb][et_pb_column type=\u00bb1_3&#8243; _builder_version=\u00bb4.21.0&#8243; _module_preset=\u00bbdefault\u00bb background_image=\u00bbhttp:\/\/groupe-odealim.com\/wp-content\/uploads\/2023\/08\/AVANTAGE-COURTAGE-2.jpg\u00bb custom_padding=\u00bb||||false|false\u00bb custom_padding_tablet=\u00bb||||false|false\u00bb custom_padding_phone=\u00bb300px||300px||true|true\u00bb custom_padding_last_edited=\u00bbon|phone\u00bb custom_css_main_element=\u00bbwidth: 50%!important;\u00bb global_colors_info=\u00bb{}\u00bb custom_css_main_element_last_edited=\u00bbon|phone\u00bb custom_css_main_element_phone=\u00bb\/\u00bb custom_css_main_element_tablet=\u00bbwidth: 50%!important;\u00bb transform_styles__hover_enabled=\u00bboff|desktop\u00bb transform_scale__hover_enabled=\u00bboff|desktop\u00bb transform_translate__hover_enabled=\u00bboff|desktop\u00bb transform_rotate__hover_enabled=\u00bboff|desktop\u00bb transform_skew__hover_enabled=\u00bboff|desktop\u00bb transform_origin__hover_enabled=\u00bboff|desktop\u00bb transform_scale__hover=\u00bb103%|103%\u00bb][\/et_pb_column][et_pb_column type=\u00bb1_3&#8243; _builder_version=\u00bb4.21.0&#8243; _module_preset=\u00bbdefault\u00bb background_color=\u00bb#cad143&#8243; global_colors_info=\u00bb{}\u00bb][et_pb_text _builder_version=\u00bb4.21.0&#8243; _module_preset=\u00bbdefault\u00bb text_font=\u00bbPoppins|300|||||||\u00bb text_text_color=\u00bb#FFFFFF\u00bb text_font_size=\u00bb18px\u00bb text_line_height=\u00bb1.2em\u00bb header_2_font=\u00bbPoppins||||||||\u00bb header_2_text_color=\u00bb#FFFFFF\u00bb header_2_line_height=\u00bb1.2em\u00bb custom_padding=\u00bb160px|120px|160px|120px|true|true\u00bb custom_padding_tablet=\u00bb150px|120px|150px|120px|true|true\u00bb custom_padding_phone=\u00bb100px|60px|100px|60px|true|true\u00bb custom_padding_last_edited=\u00bbon|phone\u00bb hover_enabled=\u00bb0&#8243; global_colors_info=\u00bb{}\u00bb sticky_enabled=\u00bb0&#8243;]<\/p>\n<h2 class=\"p1\">Fundada en 2008, Avantage Courtage es una red de intermediarios hipotecarios y de seguros de pr\u00e9stamos, adem\u00e1s de especialista en inversi\u00f3n inmobiliaria de obra nueva.<\/h2>\n<p class=\"p1\">Los corredores, expertos en su campo, ayudan a cada uno de sus clientes a definir sus futuros planes inmobiliarios, utilizando su fuerza negociadora para estudiar la viabilidad de sus planes con sus bancos asociados.<br \/>Dan prioridad a la experiencia y a las relaciones estrechas con sus clientes, para apoyarles en todos sus proyectos vitales.<\/p>\n<p>[\/et_pb_text][et_pb_image src=\u00bbhttp:\/\/groupe-odealim.com\/wp-content\/uploads\/2023\/08\/AVANTAGE-COURTAGE-3.jpg\u00bb title_text=\u00bbVENTAJA-CORREDUR\u00cdA-3&#8243; align=\u00bbcenter\u00bb _builder_version=\u00bb4.21.0&#8243; _module_preset=\u00bbdefault\u00bb global_colors_info=\u00bb{}\u00bb transform_styles__hover_enabled=\u00bboff|desktop\u00bb transform_scale__hover_enabled=\u00bboff|desktop\u00bb transform_translate__hover_enabled=\u00bboff|desktop\u00bb transform_rotate__hover_enabled=\u00bboff|desktop\u00bb transform_skew__hover_enabled=\u00bboff|desktop\u00bb transform_origin__hover_enabled=\u00bboff|desktop\u00bb transform_scale__hover=\u00bb103%|103%\u00bb][\/et_pb_image][\/et_pb_column][et_pb_column type=\u00bb1_3&#8243; _builder_version=\u00bb4.21.0&#8243; _module_preset=\u00bbdefault\u00bb background_color=\u00bb#377d95&#8243; global_colors_info=\u00bb{}\u00bb][et_pb_image src=\u00bbhttp:\/\/groupe-odealim.com\/wp-content\/uploads\/2023\/08\/AVANTAGE-COURTAGE-4.jpg\u00bb title_text=\u00bbCORRETAJE-VENTAJA-4&#8243; _builder_version=\u00bb4.21.0&#8243; _module_preset=\u00bbdefault\u00bb transform_scale_last_edited=\u00bboff|desktop\u00bb transform_translate_last_edited=\u00bboff|desktop\u00bb transform_rotate_last_edited=\u00bboff|desktop\u00bb transform_skew_last_edited=\u00bboff|desktop\u00bb transform_origin_last_edited=\u00bboff|desktop\u00bb transform_styles_last_edited=\u00bboff|desktop\u00bb global_colors_info=\u00bb{}\u00bb transform_styles__hover_enabled=\u00bboff|desktop\u00bb transform_scale__hover_enabled=\u00bboff|desktop\u00bb transform_translate__hover_enabled=\u00bboff|desktop\u00bb transform_rotate__hover_enabled=\u00bboff|desktop\u00bb transform_skew__hover_enabled=\u00bboff|desktop\u00bb transform_origin__hover_enabled=\u00bboff|desktop\u00bb transform_scale__hover=\u00bb103%|103%\u00bb][\/et_pb_image][et_pb_text _builder_version=\u00bb4.21.0&#8243; _module_preset=\u00bbdefault\u00bb text_font=\u00bbPoppins|300|||||||\u00bb text_text_color=\u00bb#FFFFFF\u00bb text_font_size=\u00bb18px\u00bb text_line_height=\u00bb1.2em\u00bb header_2_font=\u00bbPoppins||||||||\u00bb header_2_text_color=\u00bb#FFFFFF\u00bb header_2_line_height=\u00bb1.2em\u00bb custom_padding=\u00bb100px|70px|100px|70px|true|true\u00bb global_colors_info=\u00bb{}\u00bb]<\/p>\n<p style=\"font-weight: 400;\">Nuestros expertos corredores estudian las mejores soluciones, las mejores ofertas, las mejores opciones y los mejores servicios para satisfacer mejor las necesidades de sus clientes.<\/p>\n<p style=\"font-weight: 400;\">Cuando eliges Avantage Courtage, te beneficias de una red de 70 agentes que te ofrecen apoyo a medida desde un \u00fanico intermediario en cada fase de tu proyecto inmobiliario.<\/p>\n<p>[\/et_pb_text][\/et_pb_column][\/et_pb_row][\/et_pb_section]<\/p>\n","protected":false},"excerpt":{"rendered":"<p>Fundada en 2008, Avantage Courtage es una red de intermediarios hipotecarios y de seguros de pr\u00e9stamos, adem\u00e1s de especialista en inversi\u00f3n inmobiliaria de obra nueva. Los corredores, expertos en su campo, ayudan a cada uno de sus clientes a definir sus futuros planes inmobiliarios, utilizando su fuerza negociadora para estudiar la viabilidad de sus planes [&hellip;]<\/p>\n","protected":false},"author":2,"featured_media":0,"parent":19277,"menu_order":0,"comment_status":"closed","ping_status":"closed","template":"","meta":{"_et_pb_use_builder":"on","_et_pb_old_content":"","_et_gb_content_width":"","footnotes":""},"folder":[13],"class_list":["post-19423","page","type-page","status-publish","hentry"],"_links":{"self":[{"href":"https:\/\/groupe-odealim.com\/es\/wp-json\/wp\/v2\/pages\/19423","targetHints":{"allow":["GET"]}}],"collection":[{"href":"https:\/\/groupe-odealim.com\/es\/wp-json\/wp\/v2\/pages"}],"about":[{"href":"https:\/\/groupe-odealim.com\/es\/wp-json\/wp\/v2\/types\/page"}],"author":[{"embeddable":true,"href":"https:\/\/groupe-odealim.com\/es\/wp-json\/wp\/v2\/users\/2"}],"replies":[{"embeddable":true,"href":"https:\/\/groupe-odealim.com\/es\/wp-json\/wp\/v2\/comments?post=19423"}],"version-history":[{"count":2,"href":"https:\/\/groupe-odealim.com\/es\/wp-json\/wp\/v2\/pages\/19423\/revisions"}],"predecessor-version":[{"id":19427,"href":"https:\/\/groupe-odealim.com\/es\/wp-json\/wp\/v2\/pages\/19423\/revisions\/19427"}],"up":[{"embeddable":true,"href":"https:\/\/groupe-odealim.com\/es\/wp-json\/wp\/v2\/pages\/19277"}],"wp:attachment":[{"href":"https:\/\/groupe-odealim.com\/es\/wp-json\/wp\/v2\/media?parent=19423"}],"wp:term":[{"taxonomy":"folder","embeddable":true,"href":"https:\/\/groupe-odealim.com\/es\/wp-json\/wp\/v2\/folder?post=19423"}],"curies":[{"name":"wp","href":"https:\/\/api.w.org\/{rel}","templated":true}]}}