{"id":19414,"date":"2023-06-06T10:49:21","date_gmt":"2023-06-06T08:49:21","guid":{"rendered":"https:\/\/groupe-odealim.com\/pagina-de-ejemplo\/"},"modified":"2025-09-12T11:06:37","modified_gmt":"2025-09-12T09:06:37","slug":"pagina-de-ejemplo","status":"publish","type":"page","link":"https:\/\/groupe-odealim.com\/es\/pagina-de-ejemplo\/","title":{"rendered":"P\u00e1gina de ejemplo"},"content":{"rendered":"\n<p>Esta es una p\u00e1gina de ejemplo. Es diferente de una entrada de blog porque permanecer\u00e1 en el mismo lugar y aparecer\u00e1 en la navegaci\u00f3n de tu sitio (en la mayor\u00eda de los temas). La mayor\u00eda de la gente empieza con una p\u00e1gina \u00abAcerca de\u00bb que presenta a las personas que visitan el sitio. Podr\u00eda ser algo parecido a esto   <\/p>\n\n<blockquote class=\"wp-block-quote is-layout-flow wp-block-quote-is-layout-flow\"><p>\u00a1Hola ! Soy un mec\u00e1nico que quiere ser actor, y \u00e9sta es mi p\u00e1gina web. Vivo en Burdeos, tengo un perro estupendo que se llama Russell y me encanta el vodka (as\u00ed como que me sorprenda la lluvia repentina durante largos paseos por la playa al atardecer).  <\/p><\/blockquote>\n\n<p>&#8230;o algo parecido:<\/p>\n\n<blockquote class=\"wp-block-quote is-layout-flow wp-block-quote-is-layout-flow\"><p>123 Machin Truc se fund\u00f3 en 1971, y desde entonces ha proporcionado al p\u00fablico artilugios de calidad. Situada en Saint-Remy-en-Bouzemont-Saint-Genest-et-Isson, 123 Machin Truc emplea a 2.000 personas, y fabrica todo tipo de cosas chulas para la comunidad de Bouzemont. <\/p><\/blockquote>\n\n<p>Como nuevo usuario de WordPress, debes ir a <a href=\"http:\/\/groupe-odealim.com\/wp-admin\/\">tu panel de control<\/a> para eliminar esta p\u00e1gina y crear nuevas p\u00e1ginas para tu contenido. \u00a1Divi\u00e9rtete! <\/p>\n","protected":false},"excerpt":{"rendered":"<p>Esta es una p\u00e1gina de ejemplo. Es diferente de una entrada de blog porque permanecer\u00e1 en el mismo lugar y aparecer\u00e1 en la navegaci\u00f3n de tu sitio (en la mayor\u00eda de los temas). La mayor\u00eda de la gente empieza con una p\u00e1gina \u00abAcerca de\u00bb que presenta a las personas que visitan el sitio. Podr\u00eda ser [&hellip;]<\/p>\n","protected":false},"author":1,"featured_media":0,"parent":0,"menu_order":0,"comment_status":"closed","ping_status":"open","template":"","meta":{"_et_pb_use_builder":"","_et_pb_old_content":"","_et_gb_content_width":"","footnotes":""},"folder":[],"class_list":["post-19414","page","type-page","status-publish","hentry"],"_links":{"self":[{"href":"https:\/\/groupe-odealim.com\/es\/wp-json\/wp\/v2\/pages\/19414","targetHints":{"allow":["GET"]}}],"collection":[{"href":"https:\/\/groupe-odealim.com\/es\/wp-json\/wp\/v2\/pages"}],"about":[{"href":"https:\/\/groupe-odealim.com\/es\/wp-json\/wp\/v2\/types\/page"}],"author":[{"embeddable":true,"href":"https:\/\/groupe-odealim.com\/es\/wp-json\/wp\/v2\/users\/1"}],"replies":[{"embeddable":true,"href":"https:\/\/groupe-odealim.com\/es\/wp-json\/wp\/v2\/comments?post=19414"}],"version-history":[{"count":2,"href":"https:\/\/groupe-odealim.com\/es\/wp-json\/wp\/v2\/pages\/19414\/revisions"}],"predecessor-version":[{"id":19421,"href":"https:\/\/groupe-odealim.com\/es\/wp-json\/wp\/v2\/pages\/19414\/revisions\/19421"}],"wp:attachment":[{"href":"https:\/\/groupe-odealim.com\/es\/wp-json\/wp\/v2\/media?parent=19414"}],"wp:term":[{"taxonomy":"folder","embeddable":true,"href":"https:\/\/groupe-odealim.com\/es\/wp-json\/wp\/v2\/folder?post=19414"}],"curies":[{"name":"wp","href":"https:\/\/api.w.org\/{rel}","templated":true}]}}