{"id":19404,"date":"2023-08-08T11:42:38","date_gmt":"2023-08-08T09:42:38","guid":{"rendered":"https:\/\/groupe-odealim.com\/seguros-inmobiliarios-y-de-construccion\/aseguro-mi-edificio\/"},"modified":"2025-09-12T11:06:58","modified_gmt":"2025-09-12T09:06:58","slug":"aseguro-mi-edificio","status":"publish","type":"page","link":"https:\/\/groupe-odealim.com\/es\/seguros-inmobiliarios-y-de-construccion\/aseguro-mi-edificio\/","title":{"rendered":"Aseguro mi edificio"},"content":{"rendered":"<p>[et_pb_section fb_built=\u00bb1&#8243; _builder_version=\u00bb4.21.0&#8243; _module_preset=\u00bbdefault\u00bb custom_margin=\u00bb0px||0px||true|false\u00bb custom_padding=\u00bb0px||0px||true|false\u00bb global_colors_info=\u00bb{}\u00bb][et_pb_row column_structure=\u00bb1_3,1_3,1_3&#8243; use_custom_gutter=\u00bbon\u00bb gutter_width=\u00bb1&#8243; make_equal=\u00bbon\u00bb _builder_version=\u00bb4.21.0&#8243; _module_preset=\u00bbdefault\u00bb width=\u00bb100%\u00bb max_width=\u00bb2560px\u00bb custom_margin=\u00bb||||false|false\u00bb custom_padding=\u00bb0px||0px||true|false\u00bb global_colors_info=\u00bb{}\u00bb][et_pb_column type=\u00bb1_3&#8243; _builder_version=\u00bb4.21.0&#8243; _module_preset=\u00bbdefault\u00bb background_image=\u00bbhttp:\/\/groupe-odealim.com\/wp-content\/uploads\/2023\/08\/JMI-2.jpg\u00bb custom_padding=\u00bb||||false|false\u00bb custom_padding_tablet=\u00bb||||false|false\u00bb custom_padding_phone=\u00bb300px||300px||true|true\u00bb custom_padding_last_edited=\u00bbon|phone\u00bb custom_css_main_element=\u00bbwidth: 50%!important;\u00bb global_colors_info=\u00bb{}\u00bb custom_css_main_element_last_edited=\u00bbon|phone\u00bb custom_css_main_element_phone=\u00bb\/\u00bb custom_css_main_element_tablet=\u00bbwidth: 50%!important;\u00bb][\/et_pb_column][et_pb_column type=\u00bb1_3&#8243; _builder_version=\u00bb4.21.0&#8243; _module_preset=\u00bbdefault\u00bb background_color=\u00bb#7dbb9f\u00bb global_colors_info=\u00bb{}\u00bb][et_pb_text _builder_version=\u00bb4.21.0&#8243; _module_preset=\u00bbdefault\u00bb text_font=\u00bbPoppins|300|||||||\u00bb text_text_color=\u00bb#FFFFFF\u00bb text_font_size=\u00bb18px\u00bb text_line_height=\u00bb1.2em\u00bb header_2_font=\u00bbPoppins||||||||\u00bb header_2_text_color=\u00bb#FFFFFF\u00bb header_2_line_height=\u00bb1.2em\u00bb custom_padding=\u00bb188px|120px|188px|120px|true|true\u00bb custom_padding_tablet=\u00bb150px|120px|150px|120px|true|true\u00bb custom_padding_phone=\u00bb100px|60px|100px|60px|true|true\u00bb custom_padding_last_edited=\u00bbon|phone\u00bb global_colors_info=\u00bb{}\u00bb]<\/p>\n<h2>Especializada en<br \/>seguros para<br \/>bienes inmuebles, J&#8217;assuremonimmeuble.com es una marca<br \/>100% digital<br \/>que se lanz\u00f3<br \/>en 2018.<\/h2>\n<p>&nbsp;<\/p>\n<p>Respaldada por importantes socios, la marca evoluciona y se renueva en 2021, para consolidar su posici\u00f3n de especialista en seguros de edificios para administradores de fincas voluntarios y cooperativas.<\/p>\n<p>[\/et_pb_text][et_pb_image src=\u00bbhttp:\/\/groupe-odealim.com\/wp-content\/uploads\/2023\/08\/JMI-3.jpg\u00bb title_text=\u00bbJMI-3&#8243; align=\u00bbcenter\u00bb _builder_version=\u00bb4.21.0&#8243; _module_preset=\u00bbdefault\u00bb global_colors_info=\u00bb{}\u00bb][\/et_pb_image][\/et_pb_column][et_pb_column type=\u00bb1_3&#8243; _builder_version=\u00bb4.21.0&#8243; _module_preset=\u00bbdefault\u00bb background_color=\u00bb#d3307c\u00bb global_colors_info=\u00bb{}\u00bb][et_pb_image src=\u00bbhttp:\/\/groupe-odealim.com\/wp-content\/uploads\/2023\/08\/JMI-4.jpg\u00bb title_text=\u00bbJMI-4&#8243; _builder_version=\u00bb4.21.0&#8243; _module_preset=\u00bbdefault\u00bb global_colors_info=\u00bb{}\u00bb][\/et_pb_image][et_pb_text _builder_version=\u00bb4.21.0&#8243; _module_preset=\u00bbdefault\u00bb text_font=\u00bbPoppins|300|||||||\u00bb text_text_color=\u00bb#FFFFFF\u00bb text_font_size=\u00bb18px\u00bb text_line_height=\u00bb1.2em\u00bb header_2_font=\u00bbPoppins||||||||\u00bb header_2_text_color=\u00bb#FFFFFF\u00bb header_2_line_height=\u00bb1.2em\u00bb custom_padding=\u00bb100px|70px|100px|70px|true|true\u00bb global_colors_info=\u00bb{}\u00bb]<\/p>\n<p style=\"font-weight: 400;\">Con la promesa de ser una plataforma para construir soluciones, JMI ofrece actualmente garant\u00edas \u00fatiles y espec\u00edficas para las peque\u00f1as copropiedades.<\/p>\n<p style=\"font-weight: 400;\">\n<p style=\"font-weight: 400;\">Su objetivo es simplificar la gesti\u00f3n de los seguros para los fideicomisarios voluntarios, con un proceso de suscripci\u00f3n 100% digital dise\u00f1ado para ser r\u00e1pido y sencillo, sin renunciar a la calidad de la gesti\u00f3n proporcionada por un especialista en caso de siniestro.<\/p>\n<p>[\/et_pb_text][\/et_pb_column][\/et_pb_row][\/et_pb_section]<\/p>\n","protected":false},"excerpt":{"rendered":"<p>Especializada enseguros parabienes inmuebles, J&#8217;assuremonimmeuble.com es una marca100% digitalque se lanz\u00f3en 2018. &nbsp; Respaldada por importantes socios, la marca evoluciona y se renueva en 2021, para consolidar su posici\u00f3n de especialista en seguros de edificios para administradores de fincas voluntarios y cooperativas.Con la promesa de ser una plataforma para construir soluciones, JMI ofrece actualmente garant\u00edas [&hellip;]<\/p>\n","protected":false},"author":2,"featured_media":0,"parent":19276,"menu_order":0,"comment_status":"closed","ping_status":"closed","template":"","meta":{"_et_pb_use_builder":"on","_et_pb_old_content":"","_et_gb_content_width":"","footnotes":""},"folder":[6],"class_list":["post-19404","page","type-page","status-publish","hentry"],"_links":{"self":[{"href":"https:\/\/groupe-odealim.com\/es\/wp-json\/wp\/v2\/pages\/19404","targetHints":{"allow":["GET"]}}],"collection":[{"href":"https:\/\/groupe-odealim.com\/es\/wp-json\/wp\/v2\/pages"}],"about":[{"href":"https:\/\/groupe-odealim.com\/es\/wp-json\/wp\/v2\/types\/page"}],"author":[{"embeddable":true,"href":"https:\/\/groupe-odealim.com\/es\/wp-json\/wp\/v2\/users\/2"}],"replies":[{"embeddable":true,"href":"https:\/\/groupe-odealim.com\/es\/wp-json\/wp\/v2\/comments?post=19404"}],"version-history":[{"count":2,"href":"https:\/\/groupe-odealim.com\/es\/wp-json\/wp\/v2\/pages\/19404\/revisions"}],"predecessor-version":[{"id":19412,"href":"https:\/\/groupe-odealim.com\/es\/wp-json\/wp\/v2\/pages\/19404\/revisions\/19412"}],"up":[{"embeddable":true,"href":"https:\/\/groupe-odealim.com\/es\/wp-json\/wp\/v2\/pages\/19276"}],"wp:attachment":[{"href":"https:\/\/groupe-odealim.com\/es\/wp-json\/wp\/v2\/media?parent=19404"}],"wp:term":[{"taxonomy":"folder","embeddable":true,"href":"https:\/\/groupe-odealim.com\/es\/wp-json\/wp\/v2\/folder?post=19404"}],"curies":[{"name":"wp","href":"https:\/\/api.w.org\/{rel}","templated":true}]}}