{"id":19403,"date":"2023-09-13T09:57:01","date_gmt":"2023-09-13T07:57:01","guid":{"rendered":"https:\/\/groupe-odealim.com\/informacion-legal\/"},"modified":"2025-09-12T11:06:39","modified_gmt":"2025-09-12T09:06:39","slug":"informacion-legal","status":"publish","type":"page","link":"https:\/\/groupe-odealim.com\/es\/informacion-legal\/","title":{"rendered":"Informaci\u00f3n legal"},"content":{"rendered":"<p>[et_pb_section fb_built=\u00bb1&#8243; _builder_version=\u00bb4.21.0&#8243; _module_preset=\u00bbdefault\u00bb global_colors_info=\u00bb{}\u00bb][et_pb_row _builder_version=\u00bb4.21.0&#8243; _module_preset=\u00bbdefault\u00bb global_colors_info=\u00bb{}\u00bb][et_pb_column type=\u00bb4_4&#8243; _builder_version=\u00bb4.21.0&#8243; _module_preset=\u00bbdefault\u00bb global_colors_info=\u00bb{}\u00bb][et_pb_text _builder_version=\u00bb4.21.0&#8243; _module_preset=\u00bbdefault\u00bb hover_enabled=\u00bb0&#8243; global_colors_info=\u00bb{}\u00bb sticky_enabled=\u00bb0&#8243;]<\/p>\n<p style=\"font-weight: 400;\"><strong>PRESENTACI\u00d3N GENERAL<\/strong><\/p>\n<p style=\"font-weight: 400;\">El sitio www.groupe-odealim.com (en adelante, el \u00abSitio\u00bb) tiene por objeto informarte de las novedades del Grupo Odealim y de las distintas ofertas y servicios de nuestras diferentes \u00e1reas de especializaci\u00f3n.<\/p>\n<p style=\"font-weight: 400;\">\n<p style=\"font-weight: 400;\">El director de la publicaci\u00f3n es el Sr. Xavier SAUBESTRE, Director General.<\/p>\n<p style=\"font-weight: 400;\">\n<p style=\"font-weight: 400;\">El editor del Sitio Web es GROUPE ODEALIM, SASU con un capital de 120.649.135,00 euros &#8211; RCS Par\u00eds B 822 532 529 &#8211; Grupo de sociedades de corretaje de seguros &#8211; Domicilio social: 14 rue de Richelieu 75001 Par\u00eds &#8211; Sociedad sujeta a la supervisi\u00f3n de la Autorit\u00e9 de contr\u00f4le prudentiel et de r\u00e9solution:<span>  <\/span>ACPR &#8211; 4 Place de Budapest &#8211; CS 92459 &#8211; 75436 PARIS Cedex 09.<\/p>\n<p style=\"font-weight: 400;\">\n<p style=\"font-weight: 400;\">N\u00famero de IVA intracomunitario: FR 49 822 532 529<\/p>\n<p style=\"font-weight: 400;\">\n<p style=\"font-weight: 400;\">Tel: 01 81 804 804 &#8211; Direcci\u00f3n de correo electr\u00f3nico: contact@odealim.com<\/p>\n<p style=\"font-weight: 400;\">\n<p style=\"font-weight: 400;\">El Sitio est\u00e1 alojado y administrado por el Departamento de Inform\u00e1tica del Grupo Odealim.<\/p>\n<p style=\"font-weight: 400;\">\n<p style=\"font-weight: 400;\">El Sitio proporciona acceso a otros sitios pertenecientes al grupo Odealim, que pueden tener sus propios avisos legales, que deben ser consultados y respetados.<\/p>\n<p style=\"font-weight: 400;\">\n<p style=\"font-weight: 400;\"><strong>RESPONSABILIDAD<\/strong><\/p>\n<p style=\"font-weight: 400;\">El Grupo Odealim s\u00f3lo tiene una obligaci\u00f3n de medios para todas las etapas y funciones del Sitio. No podr\u00e1 ser considerado responsable de los inconvenientes o da\u00f1os inherentes a la utilizaci\u00f3n de Internet, en particular una interrupci\u00f3n del servicio, una intrusi\u00f3n externa o la presencia de virus inform\u00e1ticos, o cualquier acontecimiento calificado de fuerza mayor, seg\u00fan la jurisprudencia. <\/p>\n<p style=\"font-weight: 400;\">\n<p style=\"font-weight: 400;\"><strong>DATOS PERSONALES<\/strong><\/p>\n<p style=\"font-weight: 400;\">Como socio de confianza, el Grupo Odealim concede gran importancia a la protecci\u00f3n de tus datos personales. En su calidad de responsable del tratamiento, a trav\u00e9s de sus distintas marcas, el Grupo Odealim es responsable de la recogida y el tratamiento de tus datos personales en el marco de sus actividades. <\/p>\n<p style=\"font-weight: 400;\">\n<p style=\"font-weight: 400;\">Dependiendo del caso que te afecte, y teniendo en cuenta la diversidad de negocios, sectores y servicios del Grupo Odealim, est\u00e1 disponible en l\u00ednea una secci\u00f3n espec\u00edfica para cada divisi\u00f3n. Su objetivo es explicarte c\u00f3mo procesamos tus datos personales y c\u00f3mo puedes controlarlos y gestionarlos. <\/p>\n<p style=\"font-weight: 400;\">\n<ul>\n<li>Para la Divisi\u00f3n de Seguros de Da\u00f1os y Construcci\u00f3n: https: <a href=\"https:\/\/odealim.com\/politique-de-confidentialite\/\">\/\/odealim.com\/politique-de-confidentialite\/<\/a><\/li>\n<li>Para la divisi\u00f3n de Cr\u00e9dito: https: <a href=\"https:\/\/www.artemiscourtage.com\/confidentialite\/\">\/\/www.artemiscourtage.com\/confidentialite\/<\/a><\/li>\n<li>Para la divisi\u00f3n de Seguros de Pr\u00e9stamos y Riesgos Personales: https: <a href=\"https:\/\/www.digital-insure.fr\/mentions-legales-et-politique-de-confidentialite\/\">\/\/www.digital-insure.fr\/mentions-legales-et-politique-de-confidentialite\/<\/a><\/li>\n<\/ul>\n<p style=\"font-weight: 400;\">\n<p style=\"font-weight: 400;\"><strong>PROPIEDAD INTELECTUAL<\/strong><\/p>\n<p style=\"font-weight: 400;\"><u>Derecho de marcas<\/u><\/p>\n<p style=\"font-weight: 400;\">La marca figurativa ODEALIM est\u00e1 registrada por el Grupo Odealim en el INPI con el n\u00famero 5007742. Como tal, cualquier persona que proceda, sin el consentimiento previo y expreso del Grupo Odealim, a la presentaci\u00f3n, reproducci\u00f3n, anidaci\u00f3n, distribuci\u00f3n y redifusi\u00f3n, total o parcial, de dicha marca incurrir\u00e1 en las sanciones previstas en los art\u00edculos L713-2 y siguientes del C\u00f3digo de la Propiedad Intelectual. <\/p>\n<p style=\"font-weight: 400;\">\n<p style=\"font-weight: 400;\"><u>Derechos de autor<\/u><\/p>\n<p style=\"font-weight: 400;\">El contenido del Sitio, las cartas visuales y gr\u00e1ficos, textos, fotograf\u00edas, diagramas, ilustraciones, logotipos, marcas y otros signos distintivos son propiedad del Grupo Odealim. En caso contrario, el Grupo Odealim tiene los derechos para explotarlos. No pueden ser reproducidos ni utilizados sin el consentimiento previo y expreso del Grupo Odealim.  <\/p>\n<p style=\"font-weight: 400;\">\n<p style=\"font-weight: 400;\">Del mismo modo, queda prohibida la inserci\u00f3n de enlaces de hipertexto que apunten a la totalidad o parte del Sitio sin la autorizaci\u00f3n previa por escrito del Grupo Odealim.<\/p>\n<p style=\"font-weight: 400;\">\n<p style=\"font-weight: 400;\">Queda prohibida la utilizaci\u00f3n, reproducci\u00f3n y explotaci\u00f3n de cualquier elemento de dise\u00f1o gr\u00e1fico (fotograf\u00edas, im\u00e1genes, textos, etc.) y, por regla general, de todos los elementos de publicaci\u00f3n del Sitio sin el consentimiento previo de su autor. El incumplimiento de esta prohibici\u00f3n constituye una infracci\u00f3n de los derechos de autor, de la que el infractor podr\u00e1 ser considerado responsable civil y penalmente. <\/p>\n<p style=\"font-weight: 400;\">\n<p style=\"font-weight: 400;\"><strong>USO USUARIO<\/strong><\/p>\n<p style=\"font-weight: 400;\">El usuario del Sitio reconoce :<\/p>\n<ul>\n<li>Disponer de las habilidades y medios necesarios para acceder y utilizar este Sitio;<\/li>\n<li>Haber comprobado que la configuraci\u00f3n inform\u00e1tica utilizada est\u00e1 en perfecto estado de funcionamiento.<\/li>\n<\/ul>\n<p style=\"font-weight: 400;\">\n<p style=\"font-weight: 400;\">De conformidad con el art\u00edculo 7 de la Directiva 2001\/29\/CE del Parlamento Europeo y del Consejo, de 22 de mayo de 2001, relativa a la armonizaci\u00f3n de determinados aspectos de los derechos de autor y derechos afines a los derechos de autor en la sociedad de la informaci\u00f3n, queda prohibido, sin la autorizaci\u00f3n del Grupo Odealim :<\/p>\n<p style=\"font-weight: 400;\">\n<ul>\n<li>La supresi\u00f3n o modificaci\u00f3n de cualquier informaci\u00f3n relativa al plan de derechos en formato electr\u00f3nico;<\/li>\n<li>La distribuci\u00f3n, importaci\u00f3n para distribuci\u00f3n, radiodifusi\u00f3n, comunicaci\u00f3n al p\u00fablico o puesta a disposici\u00f3n de obras o prestaciones protegidas en virtud de la Directiva o del Cap\u00edtulo III de la Directiva 96\/9\/CE que puedan dar lugar, permitir, facilitar o encubrir una infracci\u00f3n de un derecho de autor o de los derechos afines a los derechos de autor previstos por la ley, o del derecho sui generis previsto en el Cap\u00edtulo III de la Directiva 96\/9\/CE.<\/li>\n<\/ul>\n<p style=\"font-weight: 400;\">\n<p style=\"font-weight: 400;\">Adem\u00e1s, el usuario se compromete a no introducir, voluntaria o involuntariamente, ning\u00fan virus o archivo de cualquier naturaleza que pueda perturbar la actividad del Sitio.<\/p>\n<p style=\"font-weight: 400;\">\n<p style=\"font-weight: 400;\">Estos actos delictivos dar\u00edan lugar a enjuiciamiento.<\/p>\n<p style=\"font-weight: 400;\">\n<p style=\"font-weight: 400;\">El Usuario reconoce que el coste de acceso y navegaci\u00f3n por el Sitio corre exclusivamente a su cargo.<\/p>\n<p style=\"font-weight: 400;\">\n<p style=\"font-weight: 400;\"><strong>COOKIES<\/strong><\/p>\n<p style=\"font-weight: 400;\">El Sitio no utiliza cookies estad\u00edsticas ni cookies de terceros.<\/p>\n<p style=\"font-weight: 400;\">\n<p style=\"font-weight: 400;\">Sin embargo, debe tenerse en cuenta que el Sitio proporciona acceso a otros sitios pertenecientes al Grupo Odealim, que pueden utilizar cookies. Para m\u00e1s informaci\u00f3n sobre el uso de cookies, existe una secci\u00f3n espec\u00edfica en l\u00ednea en cada uno de los sitios en cuesti\u00f3n. <\/p>\n<p style=\"font-weight: 400;\">\n<p style=\"font-weight: 400;\"><strong>CONTENIDO DEL SITIO<\/strong><\/p>\n<p style=\"font-weight: 400;\">El Grupo Odealim se reserva el derecho a modificar este aviso legal en cualquier momento.<\/p>\n<p style=\"font-weight: 400;\">\n<p style=\"font-weight: 400;\">A pesar del especial cuidado puesto en su elaboraci\u00f3n, pueden haberse deslizado errores en las informaciones, documentos o elementos presentados. Adem\u00e1s, dada la actividad del Grupo Odealim, ciertas informaciones, noticias o anuncios pueden estar obsoletos. El Grupo Odealim no puede garantizar, aunque realiza los esfuerzos necesarios, la exactitud y actualizaci\u00f3n de todos los documentos, informaciones, elementos, noticias o anuncios que se difunden en el Sitio.  <\/p>\n<p style=\"font-weight: 400;\">\n<p style=\"font-weight: 400;\">La ley aplicable al Sitio es la ley francesa.<\/p>\n<p style=\"font-weight: 400;\">\n<p style=\"font-weight: 400;\"><em>El Aviso Legal se actualiz\u00f3 por \u00faltima vez el 25\/03\/2024.<\/em><\/p>\n<p>[\/et_pb_text][\/et_pb_column][\/et_pb_row][\/et_pb_section]<\/p>\n","protected":false},"excerpt":{"rendered":"<p>PRESENTACI\u00d3N GENERAL El sitio www.groupe-odealim.com (en adelante, el \u00abSitio\u00bb) tiene por objeto informarte de las novedades del Grupo Odealim y de las distintas ofertas y servicios de nuestras diferentes \u00e1reas de especializaci\u00f3n. El director de la publicaci\u00f3n es el Sr. Xavier SAUBESTRE, Director General. El editor del Sitio Web es GROUPE ODEALIM, SASU con un [&hellip;]<\/p>\n","protected":false},"author":2,"featured_media":0,"parent":0,"menu_order":0,"comment_status":"closed","ping_status":"closed","template":"","meta":{"_et_pb_use_builder":"on","_et_pb_old_content":"","_et_gb_content_width":"","footnotes":""},"folder":[29],"class_list":["post-19403","page","type-page","status-publish","hentry"],"_links":{"self":[{"href":"https:\/\/groupe-odealim.com\/es\/wp-json\/wp\/v2\/pages\/19403","targetHints":{"allow":["GET"]}}],"collection":[{"href":"https:\/\/groupe-odealim.com\/es\/wp-json\/wp\/v2\/pages"}],"about":[{"href":"https:\/\/groupe-odealim.com\/es\/wp-json\/wp\/v2\/types\/page"}],"author":[{"embeddable":true,"href":"https:\/\/groupe-odealim.com\/es\/wp-json\/wp\/v2\/users\/2"}],"replies":[{"embeddable":true,"href":"https:\/\/groupe-odealim.com\/es\/wp-json\/wp\/v2\/comments?post=19403"}],"version-history":[{"count":2,"href":"https:\/\/groupe-odealim.com\/es\/wp-json\/wp\/v2\/pages\/19403\/revisions"}],"predecessor-version":[{"id":19409,"href":"https:\/\/groupe-odealim.com\/es\/wp-json\/wp\/v2\/pages\/19403\/revisions\/19409"}],"wp:attachment":[{"href":"https:\/\/groupe-odealim.com\/es\/wp-json\/wp\/v2\/media?parent=19403"}],"wp:term":[{"taxonomy":"folder","embeddable":true,"href":"https:\/\/groupe-odealim.com\/es\/wp-json\/wp\/v2\/folder?post=19403"}],"curies":[{"name":"wp","href":"https:\/\/api.w.org\/{rel}","templated":true}]}}