{"id":19390,"date":"2023-08-10T10:01:10","date_gmt":"2023-08-10T08:01:10","guid":{"rendered":"https:\/\/groupe-odealim.com\/seguro-de-prestamo\/seguro-digital\/"},"modified":"2026-02-26T10:35:42","modified_gmt":"2026-02-26T09:35:42","slug":"seguro-digital","status":"publish","type":"page","link":"https:\/\/groupe-odealim.com\/es\/seguro-de-prestamo\/seguro-digital\/","title":{"rendered":"Seguro Digital"},"content":{"rendered":"<p>[et_pb_section fb_built=\u00bb1&#8243; _builder_version=\u00bb4.21.0&#8243; _module_preset=\u00bbdefault\u00bb custom_margin=\u00bb0px||0px||true|false\u00bb custom_padding=\u00bb0px||0px||true|false\u00bb global_colors_info=\u00bb{}\u00bb][et_pb_row column_structure=\u00bb1_3,1_3,1_3&#8243; use_custom_gutter=\u00bbon\u00bb gutter_width=\u00bb1&#8243; make_equal=\u00bbon\u00bb _builder_version=\u00bb4.21.0&#8243; _module_preset=\u00bbdefault\u00bb width=\u00bb100%\u00bb max_width=\u00bb2560px\u00bb custom_margin=\u00bb||||false|false\u00bb custom_padding=\u00bb0px||0px||true|false\u00bb global_colors_info=\u00bb{}\u00bb][et_pb_column type=\u00bb1_3&#8243; _builder_version=\u00bb4.21.0&#8243; _module_preset=\u00bbdefault\u00bb background_image=\u00bbhttp:\/\/groupe-odealim.com\/wp-content\/uploads\/2023\/08\/DI-2.jpg\u00bb custom_padding=\u00bb||||false|false\u00bb custom_padding_tablet=\u00bb||||false|false\u00bb custom_padding_phone=\u00bb300px||300px||true|true\u00bb custom_padding_last_edited=\u00bbon|phone\u00bb custom_css_main_element=\u00bbwidth: 50%!important;\u00bb global_colors_info=\u00bb{}\u00bb custom_css_main_element_last_edited=\u00bbon|phone\u00bb custom_css_main_element_phone=\u00bb\/\u00bb custom_css_main_element_tablet=\u00bbwidth: 50%!important;\u00bb transform_styles__hover_enabled=\u00bboff|desktop\u00bb transform_scale__hover_enabled=\u00bboff|desktop\u00bb transform_translate__hover_enabled=\u00bboff|desktop\u00bb transform_rotate__hover_enabled=\u00bboff|desktop\u00bb transform_skew__hover_enabled=\u00bboff|desktop\u00bb transform_origin__hover_enabled=\u00bboff|desktop\u00bb transform_scale__hover=\u00bb103%|103%\u00bb][\/et_pb_column][et_pb_column type=\u00bb1_3&#8243; _builder_version=\u00bb4.21.0&#8243; _module_preset=\u00bbdefault\u00bb background_color=\u00bb#354994&#8243; global_colors_info=\u00bb{}\u00bb][et_pb_text _builder_version=\u00bb4.21.0&#8243; _module_preset=\u00bbdefault\u00bb text_font=\u00bbPoppins|300|||||||\u00bb text_text_color=\u00bb#FFFFFF\u00bb text_font_size=\u00bb18px\u00bb text_line_height=\u00bb1.2em\u00bb header_2_font=\u00bbPoppins||||||||\u00bb header_2_text_color=\u00bb#FFFFFF\u00bb header_2_line_height=\u00bb1.2em\u00bb custom_padding=\u00bb110px|120px|110px|120px|true|true\u00bb custom_padding_tablet=\u00bb150px|120px|150px|120px|true|true\u00bb custom_padding_phone=\u00bb100px|60px|100px|60px|true|true\u00bb custom_padding_last_edited=\u00bbon|phone\u00bb global_colors_info=\u00bb{}\u00bb]<\/p>\n<h2 class=\"p1\">Lanzada en 2014, Digital Insure es una corredur\u00eda decididamente \u00abTech\u00bb especializada en seguros de pr\u00e9stamos y protecci\u00f3n personal.<\/h2>\n<h2 class=\"p1\"><span class=\"apple-converted-space\"> <\/span><o:p><\/o:p><\/h2>\n<p class=\"p2\">Sus servicios 100% digitales simplifican y aceleran todas las etapas, desde la comparaci\u00f3n de ofertas hasta la suscripci\u00f3n y la gesti\u00f3n de siniestros para todos los actores de los seguros personales.<\/p>\n<p class=\"p2\">Como corredor mayorista, Digital Insure pone a disposici\u00f3n de los corredores-distribuidores (corredores generalistas, corredores especializados, web players, etc.) productos exclusivos de seguros de pr\u00e9stamos y seguros de riesgos personales<br \/>adaptados a los perfiles de sus clientes (aut\u00f3nomos, personas clave, perfiles de alto riesgo con<br \/>portaci\u00f3n de armas, deportistas de alto nivel, etc.), procedimientos digitales de comparaci\u00f3n y suscripci\u00f3n<br \/>, accesibles directamente o expuestos v\u00eda API, y una alta calidad de servicio en la gesti\u00f3n de contratos<br \/>.<\/p>\n<p>[\/et_pb_text][et_pb_image src=\u00bbhttp:\/\/groupe-odealim.com\/wp-content\/uploads\/2023\/08\/DI-3.jpg\u00bb title_text=\u00bbDI-3&#8243; align=\u00bbcenter\u00bb _builder_version=\u00bb4.21.0&#8243; _module_preset=\u00bbdefault\u00bb global_colors_info=\u00bb{}\u00bb transform_styles__hover_enabled=\u00bboff|desktop\u00bb transform_scale__hover_enabled=\u00bboff|desktop\u00bb transform_translate__hover_enabled=\u00bboff|desktop\u00bb transform_rotate__hover_enabled=\u00bboff|desktop\u00bb transform_skew__hover_enabled=\u00bboff|desktop\u00bb transform_origin__hover_enabled=\u00bboff|desktop\u00bb transform_scale__hover=\u00bb103%|103%\u00bb][\/et_pb_image][\/et_pb_column][et_pb_column type=\u00bb1_3&#8243; _builder_version=\u00bb4.21.0&#8243; _module_preset=\u00bbdefault\u00bb background_color=\u00bb#b72b51&#8243; global_colors_info=\u00bb{}\u00bb][et_pb_image src=\u00bbhttp:\/\/groupe-odealim.com\/wp-content\/uploads\/2023\/08\/DI-4.jpg\u00bb title_text=\u00bbDI-4&#8243; _builder_version=\u00bb4.21.0&#8243; _module_preset=\u00bbdefault\u00bb transform_scale_last_edited=\u00bboff|desktop\u00bb transform_translate_last_edited=\u00bboff|desktop\u00bb transform_rotate_last_edited=\u00bboff|desktop\u00bb transform_skew_last_edited=\u00bboff|desktop\u00bb transform_origin_last_edited=\u00bboff|desktop\u00bb transform_styles_last_edited=\u00bboff|desktop\u00bb global_colors_info=\u00bb{}\u00bb transform_styles__hover_enabled=\u00bboff|desktop\u00bb transform_scale__hover_enabled=\u00bboff|desktop\u00bb transform_translate__hover_enabled=\u00bboff|desktop\u00bb transform_rotate__hover_enabled=\u00bboff|desktop\u00bb transform_skew__hover_enabled=\u00bboff|desktop\u00bb transform_origin__hover_enabled=\u00bboff|desktop\u00bb transform_scale__hover=\u00bb103%|103%\u00bb][\/et_pb_image][et_pb_text _builder_version=\u00bb4.21.0&#8243; _module_preset=\u00bbdefault\u00bb text_font=\u00bbPoppins|300|||||||\u00bb text_text_color=\u00bb#FFFFFF\u00bb text_font_size=\u00bb18px\u00bb text_line_height=\u00bb1.2em\u00bb header_2_font=\u00bbPoppins||||||||\u00bb header_2_text_color=\u00bb#FFFFFF\u00bb header_2_line_height=\u00bb1.2em\u00bb custom_padding=\u00bb100px|70px|100px|70px|true|true\u00bb global_colors_info=\u00bb{}\u00bb]<\/p>\n<p style=\"font-weight: 400;\">Digital Insure Services, broker-manager, ofrece a aseguradoras, mutuas y bancos<br \/>apoyo en sus proyectos estrat\u00e9gicos de transformaci\u00f3n digital, mediante soluciones tecnol\u00f3gicas o proyectos innovadores, y gesti\u00f3n en marca blanca de sus contratos.<\/p>\n<p style=\"font-weight: 400;\">Digital Insure es miembro de la primera clase de Tech 120 francesa y participa en varios grupos financieros y de seguros.<\/p>\n<p>[\/et_pb_text][\/et_pb_column][\/et_pb_row][\/et_pb_section][et_pb_section fb_built=\u00bb1&#8243; _builder_version=\u00bb4.21.0&#8243; _module_preset=\u00bbdefault\u00bb global_colors_info=\u00bb{}\u00bb][et_pb_row column_structure=\u00bb1_5,1_5,1_5,1_5,1_5&#8243; _builder_version=\u00bb4.21.0&#8243; _module_preset=\u00bbdefault\u00bb width=\u00bb100%\u00bb max_width=\u00bb100%\u00bb global_colors_info=\u00bb{}\u00bb][et_pb_column type=\u00bb1_5&#8243; _builder_version=\u00bb4.21.0&#8243; _module_preset=\u00bbdefault\u00bb global_colors_info=\u00bb{}\u00bb][et_pb_text _builder_version=\u00bb4.21.0&#8243; _module_preset=\u00bbdefault\u00bb text_font=\u00bbPoppins|600|||||||\u00bb text_text_color=\u00bb#b72b51&#8243; text_font_size=\u00bb26px\u00bb header_2_font=\u00bbPoppins|800|||||||\u00bb header_3_font=\u00bbPoppins|800|||||||\u00bb header_3_text_color=\u00bb#b72b51&#8243; header_3_font_size=\u00bb55px\u00bb text_orientation=\u00bbcenter\u00bb text_font_size_tablet=\u00bb26px\u00bb text_font_size_phone=\u00bb23px\u00bb text_font_size_last_edited=\u00bbon|phone\u00bb header_3_font_size_tablet=\u00bb65px\u00bb header_3_font_size_phone=\u00bb55px\u00bb header_3_font_size_last_edited=\u00bbon|phone\u00bb global_colors_info=\u00bb{}\u00bb]<\/p>\n<h3>170<\/h3>\n<p>empleados<\/p>\n<p>[\/et_pb_text][\/et_pb_column][et_pb_column type=\u00bb1_5&#8243; _builder_version=\u00bb4.21.0&#8243; _module_preset=\u00bbdefault\u00bb global_colors_info=\u00bb{}\u00bb][et_pb_text _builder_version=\u00bb4.21.0&#8243; _module_preset=\u00bbdefault\u00bb text_font=\u00bbPoppins|600|||||||\u00bb text_text_color=\u00bb#354994&#8243; text_font_size=\u00bb26px\u00bb header_2_font=\u00bbPoppins|800|||||||\u00bb header_3_font=\u00bbPoppins|800|||||||\u00bb header_3_text_color=\u00bb#354994&#8243; header_3_font_size=\u00bb55px\u00bb text_orientation=\u00bbcenter\u00bb text_font_size_tablet=\u00bb26px\u00bb text_font_size_phone=\u00bb23px\u00bb text_font_size_last_edited=\u00bbon|phone\u00bb header_3_font_size_tablet=\u00bb65px\u00bb header_3_font_size_phone=\u00bb55px\u00bb header_3_font_size_last_edited=\u00bbon|phone\u00bb global_colors_info=\u00bb{}\u00bb]<\/p>\n<h3>430 000<\/h3>\n<p>clientes asegurados<\/p>\n<p>[\/et_pb_text][\/et_pb_column][et_pb_column type=\u00bb1_5&#8243; _builder_version=\u00bb4.21.0&#8243; _module_preset=\u00bbdefault\u00bb global_colors_info=\u00bb{}\u00bb][et_pb_text _builder_version=\u00bb4.21.0&#8243; _module_preset=\u00bbdefault\u00bb text_font=\u00bbPoppins|600|||||||\u00bb text_text_color=\u00bb#b72b51&#8243; text_font_size=\u00bb26px\u00bb header_2_font=\u00bbPoppins|800|||||||\u00bb header_3_font=\u00bbPoppins|800|||||||\u00bb header_3_text_color=\u00bb#b72b51&#8243; header_3_font_size=\u00bb55px\u00bb text_orientation=\u00bbcenter\u00bb text_font_size_tablet=\u00bb26px\u00bb text_font_size_phone=\u00bb23px\u00bb text_font_size_last_edited=\u00bbon|phone\u00bb header_3_font_size_tablet=\u00bb65px\u00bb header_3_font_size_phone=\u00bb55px\u00bb header_3_font_size_last_edited=\u00bbon|phone\u00bb global_colors_info=\u00bb{}\u00bb]<\/p>\n<h3>50.000 millones<\/h3>\n<p>del capital<br \/>asegurado<\/p>\n<p>[\/et_pb_text][\/et_pb_column][et_pb_column type=\u00bb1_5&#8243; _builder_version=\u00bb4.21.0&#8243; _module_preset=\u00bbdefault\u00bb global_colors_info=\u00bb{}\u00bb][et_pb_text _builder_version=\u00bb4.21.0&#8243; _module_preset=\u00bbdefault\u00bb text_font=\u00bbPoppins|600|||||||\u00bb text_text_color=\u00bb#354994&#8243; text_font_size=\u00bb26px\u00bb header_2_font=\u00bbPoppins|800|||||||\u00bb header_3_font=\u00bbPoppins|800|||||||\u00bb header_3_text_color=\u00bb#354994&#8243; header_3_font_size=\u00bb55px\u00bb text_orientation=\u00bbcenter\u00bb text_font_size_tablet=\u00bb26px\u00bb text_font_size_phone=\u00bb23px\u00bb text_font_size_last_edited=\u00bbon|phone\u00bb header_3_font_size_tablet=\u00bb65px\u00bb header_3_font_size_phone=\u00bb55px\u00bb header_3_font_size_last_edited=\u00bbon|phone\u00bb global_colors_info=\u00bb{}\u00bb]<\/p>\n<h3>12<\/h3>\n<p>socios<br \/>aseguradoras<\/p>\n<p>[\/et_pb_text][\/et_pb_column][et_pb_column type=\u00bb1_5&#8243; _builder_version=\u00bb4.21.0&#8243; _module_preset=\u00bbdefault\u00bb global_colors_info=\u00bb{}\u00bb][et_pb_text _builder_version=\u00bb4.21.0&#8243; _module_preset=\u00bbdefault\u00bb text_font=\u00bbPoppins|600|||||||\u00bb text_text_color=\u00bb#b72b51&#8243; text_font_size=\u00bb26px\u00bb header_2_font=\u00bbPoppins|800|||||||\u00bb header_3_font=\u00bbPoppins|800|||||||\u00bb header_3_text_color=\u00bb#b72b51&#8243; header_3_font_size=\u00bb55px\u00bb text_orientation=\u00bbcenter\u00bb text_font_size_tablet=\u00bb26px\u00bb text_font_size_phone=\u00bb23px\u00bb text_font_size_last_edited=\u00bbon|phone\u00bb header_3_font_size_tablet=\u00bb65px\u00bb header_3_font_size_phone=\u00bb55px\u00bb header_3_font_size_last_edited=\u00bbon|phone\u00bb global_colors_info=\u00bb{}\u00bb]<\/p>\n<h3>4<\/h3>\n<p>reaseguradores<br \/>socios<\/p>\n<p>[\/et_pb_text][\/et_pb_column][\/et_pb_row][\/et_pb_section]<\/p>\n","protected":false},"excerpt":{"rendered":"<p>Lanzada en 2014, Digital Insure es una corredur\u00eda decididamente \u00abTech\u00bb especializada en seguros de pr\u00e9stamos y protecci\u00f3n personal. Sus servicios 100% digitales simplifican y aceleran todas las etapas, desde la comparaci\u00f3n de ofertas hasta la suscripci\u00f3n y la gesti\u00f3n de siniestros para todos los actores de los seguros personales. Como corredor mayorista, Digital Insure pone [&hellip;]<\/p>\n","protected":false},"author":2,"featured_media":0,"parent":19284,"menu_order":0,"comment_status":"closed","ping_status":"closed","template":"","meta":{"_et_pb_use_builder":"on","_et_pb_old_content":"","_et_gb_content_width":"","footnotes":""},"folder":[14],"class_list":["post-19390","page","type-page","status-publish","hentry"],"_links":{"self":[{"href":"https:\/\/groupe-odealim.com\/es\/wp-json\/wp\/v2\/pages\/19390","targetHints":{"allow":["GET"]}}],"collection":[{"href":"https:\/\/groupe-odealim.com\/es\/wp-json\/wp\/v2\/pages"}],"about":[{"href":"https:\/\/groupe-odealim.com\/es\/wp-json\/wp\/v2\/types\/page"}],"author":[{"embeddable":true,"href":"https:\/\/groupe-odealim.com\/es\/wp-json\/wp\/v2\/users\/2"}],"replies":[{"embeddable":true,"href":"https:\/\/groupe-odealim.com\/es\/wp-json\/wp\/v2\/comments?post=19390"}],"version-history":[{"count":9,"href":"https:\/\/groupe-odealim.com\/es\/wp-json\/wp\/v2\/pages\/19390\/revisions"}],"predecessor-version":[{"id":20034,"href":"https:\/\/groupe-odealim.com\/es\/wp-json\/wp\/v2\/pages\/19390\/revisions\/20034"}],"up":[{"embeddable":true,"href":"https:\/\/groupe-odealim.com\/es\/wp-json\/wp\/v2\/pages\/19284"}],"wp:attachment":[{"href":"https:\/\/groupe-odealim.com\/es\/wp-json\/wp\/v2\/media?parent=19390"}],"wp:term":[{"taxonomy":"folder","embeddable":true,"href":"https:\/\/groupe-odealim.com\/es\/wp-json\/wp\/v2\/folder?post=19390"}],"curies":[{"name":"wp","href":"https:\/\/api.w.org\/{rel}","templated":true}]}}