{"id":19386,"date":"2023-08-10T10:21:02","date_gmt":"2023-08-10T08:21:02","guid":{"rendered":"https:\/\/groupe-odealim.com\/nuestro-consejo-de-administracion\/"},"modified":"2025-09-12T11:06:39","modified_gmt":"2025-09-12T09:06:39","slug":"nuestro-consejo-de-administracion","status":"publish","type":"page","link":"https:\/\/groupe-odealim.com\/es\/nuestro-consejo-de-administracion\/","title":{"rendered":"Nuestro Consejo de Administraci\u00f3n"},"content":{"rendered":"<p>[et_pb_section fb_built=\u00bb1&#8243; _builder_version=\u00bb4.21.0&#8243; _module_preset=\u00bbdefault\u00bb global_colors_info=\u00bb{}\u00bb][et_pb_row column_structure=\u00bb1_2,1_2&#8243; _builder_version=\u00bb4.21.0&#8243; _module_preset=\u00bbdefault\u00bb custom_margin=\u00bb||100px||false|false\u00bb global_colors_info=\u00bb{}\u00bb][et_pb_column type=\u00bb1_2&#8243; _builder_version=\u00bb4.21.0&#8243; _module_preset=\u00bbdefault\u00bb global_colors_info=\u00bb{}\u00bb][et_pb_team_member name=\u00bbXavier SAUBESTRE\u00bb position=\u00bbPresidente\u00bb image_url=\u00bbhttps:\/\/groupe-odealim.com\/wp-content\/uploads\/2023\/11\/Xavier.png\u00bb icon_color=\u00bb#000000&#8243; use_icon_font_size=\u00bbon\u00bb icon_font_size=\u00bb25px\u00bb _builder_version=\u00bb4.21.0&#8243; _module_preset=\u00bbdefault\u00bb header_font=\u00bbPoppins||||||||\u00bb header_text_align=\u00bbcenter\u00bb position_font=\u00bbPoppins|300|||||||\u00bb position_text_align=\u00bbcenter\u00bb position_text_color=\u00bb#000000&#8243; custom_css_member_image=\u00bbmargin:auto;||margin-bottom:20px;\u00bb custom_css_title=\u00bbmargin-bottom:-5px;\u00bb custom_css_member_social_links=\u00bbtext-align: center;\u00bb global_colors_info=\u00bb{}\u00bb][\/et_pb_team_member][\/et_pb_column][et_pb_column type=\u00bb1_2&#8243; _builder_version=\u00bb4.21.0&#8243; _module_preset=\u00bbdefault\u00bb global_colors_info=\u00bb{}\u00bb][et_pb_team_member name=\u00bbXavier PATUREL\u00bb position=\u00bbDirector General\u00bb image_url=\u00bbhttps:\/\/groupe-odealim.com\/wp-content\/uploads\/2023\/11\/Xavier.P.png\u00bb icon_color=\u00bb#000000&#8243; use_icon_font_size=\u00bbon\u00bb icon_font_size=\u00bb25px\u00bb _builder_version=\u00bb4.21.0&#8243; _module_preset=\u00bbdefault\u00bb header_font=\u00bbPoppins||||||||\u00bb header_text_align=\u00bbcenter\u00bb position_font=\u00bbPoppins|300|||||||\u00bb position_text_align=\u00bbcenter\u00bb position_text_color=\u00bb#000000&#8243; custom_css_member_image=\u00bbmargin:auto;||margin-bottom:20px;\u00bb custom_css_title=\u00bbmargin-bottom:-5px;\u00bb custom_css_member_social_links=\u00bbtext-align: center;\u00bb global_colors_info=\u00bb{}\u00bb][\/et_pb_team_member][\/et_pb_column][\/et_pb_row][et_pb_row admin_label=\u00bbL\u00ednea\u00bb _builder_version=\u00bb4.21.0&#8243; _module_preset=\u00bbdefault\u00bb custom_padding=\u00bb||0px||false|false\u00bb global_colors_info=\u00bb{}\u00bb][et_pb_column type=\u00bb4_4&#8243; _builder_version=\u00bb4.21.0&#8243; _module_preset=\u00bbdefault\u00bb global_colors_info=\u00bb{}\u00bb][et_pb_text _builder_version=\u00bb4.21.0&#8243; _module_preset=\u00bbdefault\u00bb header_2_text_align=\u00bbcenter\u00bb custom_margin=\u00bb||||false|false\u00bb custom_padding=\u00bb||||false|false\u00bb global_colors_info=\u00bb{}\u00bb]<\/p>\n<h2>Responsables interfuncionales<\/h2>\n<p>[\/et_pb_text][\/et_pb_column][\/et_pb_row][et_pb_row column_structure=\u00bb1_3,1_3,1_3&#8243; _builder_version=\u00bb4.21.0&#8243; _module_preset=\u00bbdefault\u00bb width=\u00bb100%\u00bb max_width=\u00bb65%\u00bb global_colors_info=\u00bb{}\u00bb][et_pb_column type=\u00bb1_3&#8243; _builder_version=\u00bb4.21.0&#8243; _module_preset=\u00bbdefault\u00bb global_colors_info=\u00bb{}\u00bb][et_pb_team_member name=\u00bbVal\u00e9rie CHANET\u00bb position=\u00bbDirector de Marketing, Comunicaci\u00f3n y Digital\u00bb image_url=\u00bbhttps:\/\/groupe-odealim.com\/wp-content\/uploads\/2023\/11\/Valerie.png\u00bb icon_color=\u00bb#000000&#8243; use_icon_font_size=\u00bbon\u00bb icon_font_size=\u00bb25px\u00bb _builder_version=\u00bb4.21.0&#8243; _module_preset=\u00bbdefault\u00bb header_font=\u00bbPoppins||||||||\u00bb header_text_align=\u00bbcenter\u00bb position_font=\u00bbPoppins|300|||||||\u00bb position_text_align=\u00bbcenter\u00bb position_text_color=\u00bb#000000&#8243; custom_css_member_image=\u00bbmargin:auto;||margin-bottom:20px;\u00bb custom_css_title=\u00bbmargin-bottom:-5px;\u00bb custom_css_member_social_links=\u00bbtext-align: center;\u00bb global_colors_info=\u00bb{}\u00bb][\/et_pb_team_member][\/et_pb_column][et_pb_column type=\u00bb1_3&#8243; _builder_version=\u00bb4.21.0&#8243; _module_preset=\u00bbdefault\u00bb global_colors_info=\u00bb{}\u00bb][et_pb_team_member name=\u00bbAnne LEKIEFFRE\u00bb position=\u00bbDirector de Recursos Humanos\u00bb image_url=\u00bbhttps:\/\/groupe-odealim.com\/wp-content\/uploads\/2023\/11\/Anne.png\u00bb icon_color=\u00bb#000000&#8243; use_icon_font_size=\u00bbon\u00bb icon_font_size=\u00bb25px\u00bb _builder_version=\u00bb4.21.0&#8243; _module_preset=\u00bbdefault\u00bb header_font=\u00bbPoppins||||||||\u00bb header_text_align=\u00bbcenter\u00bb position_font=\u00bbPoppins|300|||||||\u00bb position_text_align=\u00bbcenter\u00bb position_text_color=\u00bb#000000&#8243; hover_enabled=\u00bb0&#8243; custom_css_member_image=\u00bbmargin:auto;||margin-bottom:20px;\u00bb custom_css_title=\u00bbmargin-bottom:-5px;\u00bb custom_css_member_social_links=\u00bbtext-align: center;\u00bb global_colors_info=\u00bb{}\u00bb sticky_enabled=\u00bb0&#8243;][\/et_pb_team_member][\/et_pb_column][et_pb_column type=\u00bb1_3&#8243; _builder_version=\u00bb4.21.0&#8243; _module_preset=\u00bbdefault\u00bb global_colors_info=\u00bb{}\u00bb][et_pb_team_member name=\u00bbClaire MORINEAUX\u00bb position=\u00bbDirector de Operaciones y Transformaci\u00f3n\u00bb image_url=\u00bbhttps:\/\/groupe-odealim.com\/wp-content\/uploads\/2024\/02\/Portrait_rond_Claire.png\u00bb icon_color=\u00bb#000000&#8243; use_icon_font_size=\u00bbon\u00bb icon_font_size=\u00bb25px\u00bb _builder_version=\u00bb4.21.0&#8243; _module_preset=\u00bbdefault\u00bb header_font=\u00bbPoppins||||||||\u00bb header_text_align=\u00bbcenter\u00bb position_font=\u00bbPoppins|300|||||||\u00bb position_text_align=\u00bbcenter\u00bb position_text_color=\u00bb#000000&#8243; hover_enabled=\u00bb0&#8243; custom_css_member_image=\u00bbmargin:auto;||margin-bottom:20px;\u00bb custom_css_title=\u00bbmargin-bottom:-5px;\u00bb custom_css_member_social_links=\u00bbtext-align: center;\u00bb global_colors_info=\u00bb{}\u00bb sticky_enabled=\u00bb0&#8243;][\/et_pb_team_member][\/et_pb_column][\/et_pb_row][et_pb_row column_structure=\u00bb1_2,1_2&#8243; _builder_version=\u00bb4.21.0&#8243; _module_preset=\u00bbdefault\u00bb width=\u00bb100%\u00bb max_width=\u00bb65%\u00bb global_colors_info=\u00bb{}\u00bb][et_pb_column type=\u00bb1_2&#8243; _builder_version=\u00bb4.21.0&#8243; _module_preset=\u00bbdefault\u00bb global_colors_info=\u00bb{}\u00bb][et_pb_team_member name=\u00bbGr\u00e9gory SALMAN\u00bb position=\u00bbJefe de Cumplimiento y Riesgos\u00bb image_url=\u00bbhttps:\/\/groupe-odealim.com\/wp-content\/uploads\/2023\/11\/Gregory.png\u00bb icon_color=\u00bb#000000&#8243; use_icon_font_size=\u00bbon\u00bb icon_font_size=\u00bb25px\u00bb _builder_version=\u00bb4.21.0&#8243; _module_preset=\u00bbdefault\u00bb header_font=\u00bbPoppins||||||||\u00bb header_text_align=\u00bbcenter\u00bb position_font=\u00bbPoppins|300|||||||\u00bb position_text_align=\u00bbcenter\u00bb position_text_color=\u00bb#000000&#8243; custom_css_member_image=\u00bbmargin:auto;||margin-bottom:20px;\u00bb custom_css_title=\u00bbmargin-bottom:-5px;\u00bb custom_css_member_social_links=\u00bbtext-align: center;\u00bb global_colors_info=\u00bb{}\u00bb][\/et_pb_team_member][\/et_pb_column][et_pb_column type=\u00bb1_2&#8243; _builder_version=\u00bb4.21.0&#8243; _module_preset=\u00bbdefault\u00bb global_colors_info=\u00bb{}\u00bb][et_pb_team_member name=\u00bbRichard THIBAULT\u00bb position=\u00bbDirector de TI\u00bb image_url=\u00bbhttps:\/\/groupe-odealim.com\/wp-content\/uploads\/2023\/11\/Richard.png\u00bb icon_color=\u00bb#000000&#8243; use_icon_font_size=\u00bbon\u00bb icon_font_size=\u00bb25px\u00bb _builder_version=\u00bb4.21.0&#8243; _module_preset=\u00bbdefault\u00bb header_font=\u00bbPoppins||||||||\u00bb header_text_align=\u00bbcenter\u00bb position_font=\u00bbPoppins|300|||||||\u00bb position_text_align=\u00bbcenter\u00bb position_text_color=\u00bb#000000&#8243; custom_css_member_image=\u00bbmargin:auto;||margin-bottom:20px;\u00bb custom_css_title=\u00bbmargin-bottom:-5px;\u00bb custom_css_member_social_links=\u00bbtext-align: center;\u00bb global_colors_info=\u00bb{}\u00bb][\/et_pb_team_member][\/et_pb_column][\/et_pb_row][et_pb_row admin_label=\u00bbL\u00ednea\u00bb _builder_version=\u00bb4.21.0&#8243; _module_preset=\u00bbdefault\u00bb custom_padding=\u00bb||0px||false|false\u00bb global_colors_info=\u00bb{}\u00bb][et_pb_column type=\u00bb4_4&#8243; _builder_version=\u00bb4.21.0&#8243; _module_preset=\u00bbdefault\u00bb global_colors_info=\u00bb{}\u00bb][et_pb_text _builder_version=\u00bb4.21.0&#8243; _module_preset=\u00bbdefault\u00bb header_2_text_align=\u00bbcenter\u00bb custom_margin=\u00bb||||false|false\u00bb custom_padding=\u00bb||||false|false\u00bb global_colors_info=\u00bb{}\u00bb]<\/p>\n<h2>Jefes de Sector<\/h2>\n<p>[\/et_pb_text][\/et_pb_column][\/et_pb_row][et_pb_row column_structure=\u00bb1_3,1_3,1_3&#8243; _builder_version=\u00bb4.21.0&#8243; _module_preset=\u00bbdefault\u00bb width=\u00bb100%\u00bb max_width=\u00bb65%\u00bb global_colors_info=\u00bb{}\u00bb][et_pb_column type=\u00bb1_3&#8243; _builder_version=\u00bb4.21.0&#8243; _module_preset=\u00bbdefault\u00bb global_colors_info=\u00bb{}\u00bb][et_pb_team_member name=\u00bbChristophe CHOMBARD\u00bb position=\u00bbDirector Asociado de la Divisi\u00f3n de Seguros de Da\u00f1os Materiales y Construcci\u00f3n\u00bb image_url=\u00bbhttps:\/\/groupe-odealim.com\/wp-content\/uploads\/2023\/11\/Christophe.png\u00bb icon_color=\u00bb#000000&#8243; use_icon_font_size=\u00bbon\u00bb icon_font_size=\u00bb25px\u00bb _builder_version=\u00bb4.21.0&#8243; _module_preset=\u00bbdefault\u00bb header_font=\u00bbPoppins||||||||\u00bb header_text_align=\u00bbcenter\u00bb position_font=\u00bbPoppins|300|||||||\u00bb position_text_align=\u00bbcenter\u00bb position_text_color=\u00bb#000000&#8243; custom_css_member_image=\u00bbmargin:auto;||margin-bottom:20px;\u00bb custom_css_title=\u00bbmargin-bottom:-5px;\u00bb custom_css_member_social_links=\u00bbtext-align: center;\u00bb global_colors_info=\u00bb{}\u00bb][\/et_pb_team_member][\/et_pb_column][et_pb_column type=\u00bb1_3&#8243; _builder_version=\u00bb4.21.0&#8243; _module_preset=\u00bbdefault\u00bb global_colors_info=\u00bb{}\u00bb][et_pb_team_member name=\u00bbChristophe GROUAS\u00bb position=\u00bbDirector General de la Divisi\u00f3n de Seguros de Pr\u00e9stamos y Protecci\u00f3n Personal\u00bb image_url=\u00bbhttps:\/\/groupe-odealim.com\/wp-content\/uploads\/2023\/11\/Christophe.G.png\u00bb icon_color=\u00bb#000000&#8243; use_icon_font_size=\u00bbon\u00bb icon_font_size=\u00bb25px\u00bb _builder_version=\u00bb4.21.0&#8243; _module_preset=\u00bbdefault\u00bb header_font=\u00bbPoppins||||||||\u00bb header_text_align=\u00bbcenter\u00bb position_font=\u00bbPoppins|300|||||||\u00bb position_text_align=\u00bbcenter\u00bb position_text_color=\u00bb#000000&#8243; hover_enabled=\u00bb0&#8243; custom_css_member_image=\u00bbmargin:auto;||margin-bottom:20px;\u00bb custom_css_title=\u00bbmargin-bottom:-5px;\u00bb custom_css_member_social_links=\u00bbtext-align: center;\u00bb global_colors_info=\u00bb{}\u00bb sticky_enabled=\u00bb0&#8243;][\/et_pb_team_member][\/et_pb_column][et_pb_column type=\u00bb1_3&#8243; _builder_version=\u00bb4.21.0&#8243; _module_preset=\u00bbdefault\u00bb global_colors_info=\u00bb{}\u00bb][et_pb_team_member name=\u00bbLudovic HUZIEUX\u00bb position=\u00bbCofundador Art\u00e9mis Courtage, Divisi\u00f3n de Cr\u00e9dito\u00bb image_url=\u00bbhttps:\/\/groupe-odealim.com\/wp-content\/uploads\/2023\/11\/Ludovic.png\u00bb icon_color=\u00bb#000000&#8243; use_icon_font_size=\u00bbon\u00bb icon_font_size=\u00bb25px\u00bb _builder_version=\u00bb4.21.0&#8243; _module_preset=\u00bbdefault\u00bb header_font=\u00bbPoppins||||||||\u00bb header_text_align=\u00bbcenter\u00bb position_font=\u00bbPoppins|300|||||||\u00bb position_text_align=\u00bbcenter\u00bb position_text_color=\u00bb#000000&#8243; custom_css_member_image=\u00bbmargin:auto;||margin-bottom:20px;\u00bb custom_css_title=\u00bbmargin-bottom:-5px;\u00bb custom_css_member_social_links=\u00bbtext-align: center;\u00bb global_colors_info=\u00bb{}\u00bb][\/et_pb_team_member][\/et_pb_column][\/et_pb_row][et_pb_row column_structure=\u00bb1_3,1_3,1_3&#8243; _builder_version=\u00bb4.21.0&#8243; _module_preset=\u00bbdefault\u00bb width=\u00bb100%\u00bb max_width=\u00bb65%\u00bb global_colors_info=\u00bb{}\u00bb][et_pb_column type=\u00bb1_3&#8243; _builder_version=\u00bb4.21.0&#8243; _module_preset=\u00bbdefault\u00bb global_colors_info=\u00bb{}\u00bb][et_pb_team_member name=\u00bbXavier LACOMBE\u00bb position=\u00bbCofundador Art\u00e9mis Courtage, Divisi\u00f3n de Cr\u00e9dito\u00bb image_url=\u00bbhttps:\/\/groupe-odealim.com\/wp-content\/uploads\/2023\/11\/Xavier-Lacombe.png\u00bb icon_color=\u00bb#000000&#8243; use_icon_font_size=\u00bbon\u00bb icon_font_size=\u00bb25px\u00bb _builder_version=\u00bb4.21.0&#8243; _module_preset=\u00bbdefault\u00bb header_font=\u00bbPoppins||||||||\u00bb header_text_align=\u00bbcenter\u00bb position_font=\u00bbPoppins|300|||||||\u00bb position_text_align=\u00bbcenter\u00bb position_text_color=\u00bb#000000&#8243; custom_css_member_image=\u00bbmargin:auto;||margin-bottom:20px;\u00bb custom_css_title=\u00bbmargin-bottom:-5px;\u00bb custom_css_member_social_links=\u00bbtext-align: center;\u00bb global_colors_info=\u00bb{}\u00bb][\/et_pb_team_member][\/et_pb_column][et_pb_column type=\u00bb1_3&#8243; _builder_version=\u00bb4.21.0&#8243; _module_preset=\u00bbdefault\u00bb global_colors_info=\u00bb{}\u00bb][et_pb_team_member name=\u00bbMuriel MARCHESINI\u00bb position=\u00bbDirector de Servicios al Cliente, Divisi\u00f3n de Seguros de Da\u00f1os y Construcci\u00f3n\u00bb image_url=\u00bbhttps:\/\/groupe-odealim.com\/wp-content\/uploads\/2023\/11\/Muriel.png\u00bb icon_color=\u00bb#000000&#8243; use_icon_font_size=\u00bbon\u00bb icon_font_size=\u00bb25px\u00bb _builder_version=\u00bb4.21.0&#8243; _module_preset=\u00bbdefault\u00bb header_font=\u00bbPoppins||||||||\u00bb header_text_align=\u00bbcenter\u00bb position_font=\u00bbPoppins|300|||||||\u00bb position_text_align=\u00bbcenter\u00bb position_text_color=\u00bb#000000&#8243; custom_css_member_image=\u00bbmargin:auto;||margin-bottom:20px;\u00bb custom_css_title=\u00bbmargin-bottom:-5px;\u00bb custom_css_member_social_links=\u00bbtext-align: center;\u00bb global_colors_info=\u00bb{}\u00bb][\/et_pb_team_member][et_pb_team_member name=\u00bbMathieu PREVOST\u00bb position=\u00bbCofundador Art\u00e9mis Courtage, Divisi\u00f3n de Cr\u00e9dito\u00bb image_url=\u00bbhttps:\/\/groupe-odealim.com\/wp-content\/uploads\/2023\/11\/Mathieu.png\u00bb icon_color=\u00bb#000000&#8243; use_icon_font_size=\u00bbon\u00bb icon_font_size=\u00bb25px\u00bb _builder_version=\u00bb4.21.0&#8243; _module_preset=\u00bbdefault\u00bb header_font=\u00bbPoppins||||||||\u00bb header_text_align=\u00bbcenter\u00bb position_font=\u00bbPoppins|300|||||||\u00bb position_text_align=\u00bbcenter\u00bb position_text_color=\u00bb#000000&#8243; custom_css_member_image=\u00bbmargin:auto;||margin-bottom:20px;\u00bb custom_css_title=\u00bbmargin-bottom:-5px;\u00bb custom_css_member_social_links=\u00bbtext-align: center;\u00bb global_colors_info=\u00bb{}\u00bb][\/et_pb_team_member][\/et_pb_column][et_pb_column type=\u00bb1_3&#8243; _builder_version=\u00bb4.21.0&#8243; _module_preset=\u00bbdefault\u00bb global_colors_info=\u00bb{}\u00bb][et_pb_team_member name=\u00bbLaurent LHERMENIER\u00bb position=\u00bbDirector de Desarrollo de Negocio, Divisi\u00f3n de Seguros de Da\u00f1os Materiales y Construcci\u00f3n\u00bb image_url=\u00bbhttps:\/\/groupe-odealim.com\/wp-content\/uploads\/2023\/11\/Laurent.png\u00bb icon_color=\u00bb#000000&#8243; use_icon_font_size=\u00bbon\u00bb icon_font_size=\u00bb25px\u00bb _builder_version=\u00bb4.21.0&#8243; _module_preset=\u00bbdefault\u00bb header_font=\u00bbPoppins||||||||\u00bb header_text_align=\u00bbcenter\u00bb position_font=\u00bbPoppins|300|||||||\u00bb position_text_align=\u00bbcenter\u00bb position_text_color=\u00bb#000000&#8243; custom_css_member_image=\u00bbmargin:auto;||margin-bottom:20px;\u00bb custom_css_title=\u00bbmargin-bottom:-5px;\u00bb custom_css_member_social_links=\u00bbtext-align: center;\u00bb global_colors_info=\u00bb{}\u00bb][\/et_pb_team_member][\/et_pb_column][\/et_pb_row][\/et_pb_section]<\/p>\n","protected":false},"excerpt":{"rendered":"<p>Responsables interfuncionalesJefes de Sector<\/p>\n","protected":false},"author":2,"featured_media":0,"parent":0,"menu_order":0,"comment_status":"closed","ping_status":"closed","template":"","meta":{"_et_pb_use_builder":"on","_et_pb_old_content":"","_et_gb_content_width":"","footnotes":""},"folder":[],"class_list":["post-19386","page","type-page","status-publish","hentry"],"_links":{"self":[{"href":"https:\/\/groupe-odealim.com\/es\/wp-json\/wp\/v2\/pages\/19386","targetHints":{"allow":["GET"]}}],"collection":[{"href":"https:\/\/groupe-odealim.com\/es\/wp-json\/wp\/v2\/pages"}],"about":[{"href":"https:\/\/groupe-odealim.com\/es\/wp-json\/wp\/v2\/types\/page"}],"author":[{"embeddable":true,"href":"https:\/\/groupe-odealim.com\/es\/wp-json\/wp\/v2\/users\/2"}],"replies":[{"embeddable":true,"href":"https:\/\/groupe-odealim.com\/es\/wp-json\/wp\/v2\/comments?post=19386"}],"version-history":[{"count":5,"href":"https:\/\/groupe-odealim.com\/es\/wp-json\/wp\/v2\/pages\/19386\/revisions"}],"predecessor-version":[{"id":19393,"href":"https:\/\/groupe-odealim.com\/es\/wp-json\/wp\/v2\/pages\/19386\/revisions\/19393"}],"wp:attachment":[{"href":"https:\/\/groupe-odealim.com\/es\/wp-json\/wp\/v2\/media?parent=19386"}],"wp:term":[{"taxonomy":"folder","embeddable":true,"href":"https:\/\/groupe-odealim.com\/es\/wp-json\/wp\/v2\/folder?post=19386"}],"curies":[{"name":"wp","href":"https:\/\/api.w.org\/{rel}","templated":true}]}}