{"id":19381,"date":"2024-01-23T11:22:08","date_gmt":"2024-01-23T10:22:08","guid":{"rendered":"https:\/\/groupe-odealim.com\/nuestros-valores-2\/"},"modified":"2025-09-12T11:06:40","modified_gmt":"2025-09-12T09:06:40","slug":"nuestros-valores-2","status":"publish","type":"page","link":"https:\/\/groupe-odealim.com\/es\/nuestros-valores-2\/","title":{"rendered":"Nuestros valores"},"content":{"rendered":"<p>[et_pb_section fb_built=\u00bb1&#8243; disabled_on=\u00bboff|off|off\u00bb _builder_version=\u00bb4.21.0&#8243; _module_preset=\u00bbdefault\u00bb custom_margin=\u00bb||||true|false\u00bb custom_padding=\u00bb0px||0px||true|false\u00bb global_colors_info=\u00bb{}\u00bb][et_pb_row column_structure=\u00bb1_3,1_3,1_3&#8243; use_custom_gutter=\u00bbon\u00bb gutter_width=\u00bb1&#8243; make_equal=\u00bbon\u00bb _builder_version=\u00bb4.21.0&#8243; _module_preset=\u00bbdefault\u00bb width=\u00bb100%\u00bb max_width=\u00bb2560px\u00bb custom_margin=\u00bb||||false|false\u00bb custom_padding=\u00bb0px||0px||true|false\u00bb global_colors_info=\u00bb{}\u00bb][et_pb_column type=\u00bb1_3&#8243; admin_label=\u00bbColumna\u00bb _builder_version=\u00bb4.21.0&#8243; _module_preset=\u00bbdefault\u00bb background_color=\u00bb#000000&#8243; background_image=\u00bbhttps:\/\/groupe-odealim.com\/wp-content\/uploads\/2024\/01\/josh-calabrese-Ev1XqeVL2wI-unsplash-scaled.jpg\u00bb background_size=\u00bbcontain\u00bb background_repeat=\u00bbrepeat\u00bb custom_padding=\u00bb||||false|false\u00bb custom_padding_tablet=\u00bb||||false|false\u00bb custom_padding_phone=\u00bb300px||300px||true|true\u00bb custom_padding_last_edited=\u00bbon|phone\u00bb custom_css_main_element=\u00bb\/*width: 50%!important;\u00bb global_colors_info=\u00bb{}\u00bb custom_css_main_element_last_edited=\u00bbon|phone\u00bb custom_css_main_element_phone=\u00bb\/\u00bb custom_css_main_element_tablet=\u00bbwidth: 50%!important;\u00bb transform_styles__hover_enabled=\u00bboff|desktop\u00bb transform_scale__hover_enabled=\u00bboff|desktop\u00bb transform_translate__hover_enabled=\u00bboff|desktop\u00bb transform_rotate__hover_enabled=\u00bboff|desktop\u00bb transform_skew__hover_enabled=\u00bboff|desktop\u00bb transform_origin__hover_enabled=\u00bboff|desktop\u00bb transform_scale__hover=\u00bb103%|103%\u00bb][et_pb_text _builder_version=\u00bb4.21.0&#8243; _module_preset=\u00bbdefault\u00bb text_font=\u00bbPoppins|300|||||||\u00bb text_text_color=\u00bb#FFFFFF\u00bb text_font_size=\u00bb18px\u00bb text_line_height=\u00bb1.2em\u00bb header_2_font=\u00bbPoppins||||||||\u00bb header_2_text_color=\u00bb#FFFFFF\u00bb header_2_line_height=\u00bb1.2em\u00bb background_color=\u00bb#2d2d2d\u00bb custom_margin=\u00bb0px||||false|false\u00bb custom_padding=\u00bb100px|120px|100px|120px|true|true\u00bb custom_padding_tablet=\u00bb150px|120px|150px|120px|true|true\u00bb custom_padding_phone=\u00bb100px|60px|100px|60px|true|true\u00bb custom_padding_last_edited=\u00bbon|phone\u00bb global_colors_info=\u00bb{}\u00bb]<\/p>\n<h2 style=\"font-weight: 400;\"><strong>Esp\u00edritu de equipo<\/strong><\/h2>\n<p><span>Porque creemos firmemente en el poder del esp\u00edritu de equipo.<br \/><\/span>Entendemos que el \u00e9xito colectivo es mayor que los logros individuales. Juntos formamos un equipo fuerte, que comparte una visi\u00f3n com\u00fan para alcanzar objetivos ambiciosos. <\/p>\n<p>[\/et_pb_text][\/et_pb_column][et_pb_column type=\u00bb1_3&#8243; _builder_version=\u00bb4.21.0&#8243; _module_preset=\u00bbdefault\u00bb background_color=\u00bb#501b3f\u00bb global_colors_info=\u00bb{}\u00bb][et_pb_text _builder_version=\u00bb4.21.0&#8243; _module_preset=\u00bbdefault\u00bb text_font=\u00bbPoppins|300|||||||\u00bb text_text_color=\u00bb#FFFFFF\u00bb text_font_size=\u00bb18px\u00bb text_line_height=\u00bb1.2em\u00bb header_2_font=\u00bbPoppins||||||||\u00bb header_2_text_color=\u00bb#FFFFFF\u00bb header_2_line_height=\u00bb1.2em\u00bb background_color=\u00bb#b8a0dc\u00bb background_image=\u00bbhttps:\/\/groupe-odealim.com\/wp-content\/uploads\/2024\/01\/AAA.png\u00bb background_size=\u00bbcontain\u00bb background_position=\u00bbtop_center\u00bb custom_padding=\u00bb110px|120px|110px|120px|true|true\u00bb custom_padding_tablet=\u00bb150px|120px|150px|120px|true|true\u00bb custom_padding_phone=\u00bb100px|60px|100px|60px|true|true\u00bb custom_padding_last_edited=\u00bbon|phone\u00bb global_colors_info=\u00bb{}\u00bb]<\/p>\n<h2 style=\"font-weight: 400;\"><\/h2>\n<h2 style=\"font-weight: 400;\"><strong style=\"font-size: 23px;\"><\/strong><\/h2>\n<h2 style=\"font-weight: 400;\"><strong style=\"font-size: 23px;\"><\/strong><\/h2>\n<h2 style=\"font-weight: 400;\"><strong style=\"font-size: 23px;\"><\/strong><\/h2>\n<h2 style=\"font-weight: 400;\"><strong style=\"font-size: 23px;\"><\/strong><\/h2>\n<h2 style=\"font-weight: 400;\"><strong style=\"font-size: 23px;\"><\/strong><\/h2>\n<h2 style=\"font-weight: 400;\"><strong style=\"font-size: 23px;\"><\/strong><\/h2>\n<h2 style=\"font-weight: 400;\"><strong style=\"font-size: 23px;\"><\/strong><\/h2>\n<h2 style=\"font-weight: 400;\"><strong style=\"font-size: 23px;\"><\/strong><\/h2>\n<h2 style=\"font-weight: 400;\"><strong style=\"font-size: 23px;\"><\/strong><\/h2>\n<h2 style=\"font-weight: 400;\"><strong style=\"font-size: 23px;\"><\/strong><\/h2>\n<h2 style=\"font-weight: 400;\"><strong style=\"font-size: 23px;\"><\/strong><\/h2>\n<h2 style=\"font-weight: 400;\"><strong style=\"font-size: 23px;\"><\/strong><\/h2>\n<h2 style=\"font-weight: 400;\"><strong style=\"font-size: 23px;\"><\/strong><\/h2>\n<h2 style=\"font-weight: 400;\"><strong style=\"font-size: 23px;\"><\/strong><\/h2>\n<h2 style=\"font-weight: 400;\"><strong style=\"font-size: 23px;\"><\/strong><\/h2>\n<h2 style=\"font-weight: 400;\"><strong style=\"font-size: 23px;\"><\/strong><\/h2>\n<h2 style=\"font-weight: 400;\"><strong style=\"font-size: 23px;\"><\/strong><\/h2>\n<h2 style=\"font-weight: 400;\"><strong style=\"font-size: 23px;\"><\/strong><\/h2>\n<h2 style=\"font-weight: 400;\"><strong style=\"font-size: 23px;\"><\/strong><\/h2>\n<h2 style=\"font-weight: 400;\"><strong style=\"font-size: 23px;\"><\/strong><\/h2>\n<h2 style=\"font-weight: 400;\"><strong style=\"font-size: 23px;\"><\/strong><\/h2>\n<h2 style=\"font-weight: 400;\"><strong style=\"font-size: 23px;\"><\/strong><\/h2>\n<h2 style=\"font-weight: 400;\"><strong style=\"font-size: 23px;\"><\/strong><\/h2>\n<h2 style=\"font-weight: 400;\"><strong style=\"font-size: 23px;\"><\/strong><\/h2>\n<h2 style=\"font-weight: 400;\"><strong style=\"font-size: 23px;\"><\/strong><\/h2>\n<h2 style=\"font-weight: 400;\"><strong style=\"font-size: 23px;\"><\/strong><\/h2>\n<h2 style=\"font-weight: 400;\"><strong style=\"font-size: 23px;\"><\/strong><\/h2>\n<h2 style=\"font-weight: 400;\"><strong style=\"font-size: 23px;\"><\/strong><\/h2>\n<h2 style=\"font-weight: 400;\"><strong style=\"font-size: 23px;\"><\/strong><\/h2>\n<h2 style=\"font-weight: 400;\"><strong style=\"font-size: 23px;\"><\/strong><\/h2>\n<h2 style=\"font-weight: 400;\"><strong style=\"font-size: 23px;\"><\/strong><\/h2>\n<h2 style=\"font-weight: 400;\"><strong style=\"font-size: 23px;\"><\/strong><\/h2>\n<h2 style=\"font-weight: 400;\"><strong style=\"font-size: 23px;\"><\/strong><\/h2>\n<h2 style=\"font-weight: 400;\"><strong style=\"font-size: 23px;\"><\/strong><\/h2>\n<h2 style=\"font-weight: 400;\"><strong style=\"font-size: 23px;\"><\/strong><\/h2>\n<h2 style=\"font-weight: 400;\"><strong style=\"font-size: 23px;\"><\/strong><\/h2>\n<h2 style=\"font-weight: 400;\"><strong style=\"font-size: 23px;\"><\/strong><\/h2>\n<h2 style=\"font-weight: 400;\"><strong style=\"font-size: 23px;\"><\/strong><\/h2>\n<h2 style=\"font-weight: 400;\"><strong style=\"font-size: 23px;\">Proximidad<\/strong><br \/><strong style=\"font-size: 23px;\"><\/strong><\/h2>\n<p><span>Ser corredor significa ante todo ser un profesional de las relaciones, y nuestras habilidades interpersonales son tan importantes como nuestra experiencia empresarial. Por eso creemos que la proximidad es esencial. <\/span><\/p>\n<p><span>Nos enorgullecemos de establecer relaciones s\u00f3lidas y duraderas con nuestros clientes.<\/span><\/p>\n<p><span>Porque nos posicionamos como un socio de confianza, disponible y sobre todo accesible.  <\/span><\/p>\n<p>[\/et_pb_text][et_pb_image src=\u00bbhttps:\/\/groupe-odealim.com\/wp-content\/uploads\/2024\/01\/johannes-mandle-Y7pijhr5oqU-unsplash.png\u00bb title_text=\u00bbjohannes-mandle-Y7pijhr5oqU-unsplash\u00bb align=\u00bbcenter\u00bb _builder_version=\u00bb4.21.0&#8243; _module_preset=\u00bbdefault\u00bb custom_margin=\u00bb||-130px||false|false\u00bb custom_padding=\u00bb||||false|false\u00bb global_colors_info=\u00bb{}\u00bb transform_styles__hover_enabled=\u00bboff|desktop\u00bb transform_scale__hover_enabled=\u00bboff|desktop\u00bb transform_translate__hover_enabled=\u00bboff|desktop\u00bb transform_rotate__hover_enabled=\u00bboff|desktop\u00bb transform_skew__hover_enabled=\u00bboff|desktop\u00bb transform_origin__hover_enabled=\u00bboff|desktop\u00bb transform_scale__hover=\u00bb103%|103%\u00bb][\/et_pb_image][et_pb_text _builder_version=\u00bb4.21.0&#8243; _module_preset=\u00bbdefault\u00bb text_font=\u00bbPoppins|300|||||||\u00bb text_text_color=\u00bb#FFFFFF\u00bb text_font_size=\u00bb18px\u00bb text_line_height=\u00bb1.2em\u00bb header_2_font=\u00bbPoppins||||||||\u00bb header_2_text_color=\u00bb#FFFFFF\u00bb header_2_line_height=\u00bb1.2em\u00bb background_color=\u00bb#afc2d3&#8243; custom_padding=\u00bb100px|120px|100px|120px|true|true\u00bb global_colors_info=\u00bb{}\u00bb]<\/p>\n<h2 style=\"font-weight: 400;\"><strong>Experiencia<\/strong><\/h2>\n<p><span>Porque el sector inmobiliario es un \u00e1mbito que nos toca muy de cerca, llevamos casi un siglo ejerciendo una profesi\u00f3n \u00fanica, animados por nuestros valores compartidos, decididamente humanos.<\/span><\/p>\n<p>Convencidos de que la experiencia es calidad, y de que lo especial requiere un especialista, hemos concentrado nuestros esfuerzos en este mercado espec\u00edfico.<\/p>\n<p>[\/et_pb_text][\/et_pb_column][et_pb_column type=\u00bb1_3&#8243; _builder_version=\u00bb4.21.0&#8243; _module_preset=\u00bbdefault\u00bb background_enable_color=\u00bboff\u00bb background_image=\u00bbhttps:\/\/groupe-odealim.com\/wp-content\/uploads\/2024\/01\/joshua-earle-8hVAgHtYyVU-unsplash-scaled.jpg\u00bb global_colors_info=\u00bb{}\u00bb][et_pb_text _builder_version=\u00bb4.21.0&#8243; _module_preset=\u00bbdefault\u00bb text_font=\u00bbPoppins|300|||||||\u00bb text_text_color=\u00bb#FFFFFF\u00bb text_font_size=\u00bb18px\u00bb text_line_height=\u00bb1.2em\u00bb header_2_font=\u00bbPoppins|600|||||||\u00bb header_2_text_color=\u00bb#FFFFFF\u00bb header_2_line_height=\u00bb1.2em\u00bb custom_margin=\u00bb||||false|false\u00bb custom_padding=\u00bb1173px|120px|50px|120px|false|true\u00bb custom_padding_tablet=\u00bb60px|120px|50px|120px|false|true\u00bb custom_padding_phone=\u00bb60px|60px|60px|60px|true|true\u00bb custom_padding_last_edited=\u00bbon|phone\u00bb global_colors_info=\u00bb{}\u00bb]<\/p>\n<h2 style=\"font-weight: 400;\"><strong>Compromiso<\/strong><\/h2>\n<p><span><span style=\"font-family: arial, sans-serif;\">A trav\u00e9s de nuestra cobertura regional, reforzamos nuestro compromiso con nuestros clientes para dar la mejor respuesta posible a sus problemas y expectativas.<\/span><\/span><\/p>\n<p><span><span style=\"font-family: arial, sans-serif;\">Dado que los equipos comprometidos son la fuerza motriz de la innovaci\u00f3n y el rendimiento, la excelencia est\u00e1 en el centro de nuestras decisiones y acciones.<\/span><\/span><\/p>\n<p><span><span style=\"font-family: arial, sans-serif;\">Juntos podemos construir un futuro excepcional.  <\/span><\/span><\/p>\n<p>[\/et_pb_text][\/et_pb_column][\/et_pb_row][\/et_pb_section]<\/p>\n","protected":false},"excerpt":{"rendered":"<p>Esp\u00edritu de equipo Porque creemos firmemente en el poder del esp\u00edritu de equipo.Entendemos que el \u00e9xito colectivo es mayor que los logros individuales. Juntos formamos un equipo fuerte, que comparte una visi\u00f3n com\u00fan para alcanzar objetivos ambiciosos. Proximidad Ser corredor significa ante todo ser un profesional de las relaciones, y nuestras habilidades interpersonales son tan [&hellip;]<\/p>\n","protected":false},"author":2,"featured_media":0,"parent":0,"menu_order":0,"comment_status":"closed","ping_status":"closed","template":"","meta":{"_et_pb_use_builder":"on","_et_pb_old_content":"","_et_gb_content_width":"","footnotes":""},"folder":[],"class_list":["post-19381","page","type-page","status-publish","hentry"],"_links":{"self":[{"href":"https:\/\/groupe-odealim.com\/es\/wp-json\/wp\/v2\/pages\/19381","targetHints":{"allow":["GET"]}}],"collection":[{"href":"https:\/\/groupe-odealim.com\/es\/wp-json\/wp\/v2\/pages"}],"about":[{"href":"https:\/\/groupe-odealim.com\/es\/wp-json\/wp\/v2\/types\/page"}],"author":[{"embeddable":true,"href":"https:\/\/groupe-odealim.com\/es\/wp-json\/wp\/v2\/users\/2"}],"replies":[{"embeddable":true,"href":"https:\/\/groupe-odealim.com\/es\/wp-json\/wp\/v2\/comments?post=19381"}],"version-history":[{"count":2,"href":"https:\/\/groupe-odealim.com\/es\/wp-json\/wp\/v2\/pages\/19381\/revisions"}],"predecessor-version":[{"id":19385,"href":"https:\/\/groupe-odealim.com\/es\/wp-json\/wp\/v2\/pages\/19381\/revisions\/19385"}],"wp:attachment":[{"href":"https:\/\/groupe-odealim.com\/es\/wp-json\/wp\/v2\/media?parent=19381"}],"wp:term":[{"taxonomy":"folder","embeddable":true,"href":"https:\/\/groupe-odealim.com\/es\/wp-json\/wp\/v2\/folder?post=19381"}],"curies":[{"name":"wp","href":"https:\/\/api.w.org\/{rel}","templated":true}]}}