{"id":19328,"date":"2023-09-13T10:11:44","date_gmt":"2023-09-13T08:11:44","guid":{"rendered":"https:\/\/groupe-odealim.com\/politica-de-gestion-de-cookies\/"},"modified":"2025-09-12T11:06:40","modified_gmt":"2025-09-12T09:06:40","slug":"politica-de-gestion-de-cookies","status":"publish","type":"page","link":"https:\/\/groupe-odealim.com\/es\/politica-de-gestion-de-cookies\/","title":{"rendered":"Pol\u00edtica de gesti\u00f3n de cookies"},"content":{"rendered":"<p>[et_pb_section fb_built=\u00bb1&#8243; _builder_version=\u00bb4.21.0&#8243; _module_preset=\u00bbdefault\u00bb global_colors_info=\u00bb{}\u00bb][et_pb_row _builder_version=\u00bb4.21.0&#8243; _module_preset=\u00bbdefault\u00bb global_colors_info=\u00bb{}\u00bb][et_pb_column type=\u00bb4_4&#8243; _builder_version=\u00bb4.21.0&#8243; _module_preset=\u00bbdefault\u00bb global_colors_info=\u00bb{}\u00bb][et_pb_text _builder_version=\u00bb4.21.0&#8243; _module_preset=\u00bbdefault\u00bb global_colors_info=\u00bb{}\u00bb]<\/p>\n<p>Esta secci\u00f3n est\u00e1 dedicada a la pol\u00edtica de gesti\u00f3n de cookies de ODEALIM.<\/p>\n<p><span>Te permite obtener m\u00e1s informaci\u00f3n sobre el origen y el uso de la informaci\u00f3n de navegaci\u00f3n procesada durante tu visita a nuestro Sitio, as\u00ed como sobre tus derechos.<\/span><\/p>\n<p>&nbsp;<\/p>\n<h3><strong>\u00bfQU\u00c9 ES UNA GALLETA?<\/strong><\/h3>\n<p>Una cookie es un peque\u00f1o archivo de texto almacenado que se descarga en tu terminal (ordenador, tableta, smartphone, etc.) a trav\u00e9s de tu navegador cuando visitas determinadas p\u00e1ginas web.<\/p>\n<p>Estos bloques de datos no permiten identificar al usuario, pero se utilizan para registrar informaci\u00f3n relativa a la navegaci\u00f3n del usuario en nuestro Sitio.<\/p>\n<p>&nbsp;<\/p>\n<h3><strong>\u00bfPARA QU\u00c9 SE UTILIZAN LAS COOKIES?<\/strong><\/h3>\n<p>Gracias a las cookies, se registra informaci\u00f3n sobre tu visita (tu idioma preferido, por ejemplo) y otros par\u00e1metros. Esto puede facilitarte la navegaci\u00f3n por nuestro Sitio en el futuro y hacerlo a\u00fan m\u00e1s \u00fatil para ti. <\/p>\n<p>Las cookies desempe\u00f1an un papel importante. Sin ellas, utilizar la Web podr\u00eda ser mucho m\u00e1s frustrante. <\/p>\n<p>&nbsp;<\/p>\n<h3><strong>\u00bfQU\u00c9 COOKIES UTILIZAMOS?<\/strong><\/h3>\n<p>Mientras que algunas de ellas son esenciales para utilizar nuestro Sitio, otras nos ayudan a mejorar tu experiencia de usuario, y algunas pueden utilizarse con fines publicitarios.<\/p>\n<p>Aqu\u00ed tienes una lista de las diferentes cookies que utilizamos actualmente en nuestro Sitio Web.<\/p>\n<p><strong><u>Cookies vinculadas al funcionamiento del Sitio<\/u><\/strong><\/p>\n<p><strong>Las cookies necesarias para que el sitio funcione te permiten acceder a las principales funciones de nuestro sitio. Sin estas cookies, no podr\u00e1s utilizar nuestro sitio con normalidad. <\/strong><\/p>\n<table width=\"605\">\n<tbody>\n<tr>\n<td width=\"104\">Nombre<\/td>\n<td width=\"94\">Proveedor<\/td>\n<td width=\"302\">Finalidad<\/td>\n<td width=\"104\">Caducidad<\/td>\n<\/tr>\n<tr>\n<td width=\"104\">CONSENTIMIENTO<\/td>\n<td width=\"94\">google.com<\/td>\n<td width=\"302\">Cookie utilizada para gestionar el funcionamiento t\u00e9cnico de la recogida del consentimiento para el dep\u00f3sito de cookies.<\/td>\n<td width=\"104\">NC<\/td>\n<\/tr>\n<tr>\n<td width=\"104\">SERVERID567<\/td>\n<td width=\"94\">odealim.com<\/td>\n<td width=\"302\">Cookie de sesi\u00f3n que caduca cuando se cierra la p\u00e1gina. El funcionamiento del host requiere la presencia de esta cookie correspondiente a un determinado n\u00famero de servidores \u00abSERVERIDES\u00bb para garantizar que el sitio se carga correctamente. <\/td>\n<td width=\"104\">Fin de la sesi\u00f3n<\/td>\n<\/tr>\n<\/tbody>\n<\/table>\n<p><strong><u><\/u><\/strong><\/p>\n<p><strong><u>Cookies de medici\u00f3n de audiencia<\/u><\/strong><\/p>\n<p><strong>Son cookies que nos permiten hacer un seguimiento del tr\u00e1fico de usuarios en el sitio y sus distintas secciones. Estas cookies nos permiten mejorar el contenido y el funcionamiento del sitio (por ejemplo, las p\u00e1ginas m\u00e1s consultadas). <\/strong><\/p>\n<table width=\"605\">\n<tbody>\n<tr>\n<td width=\"104\">Nombre<\/td>\n<td width=\"94\">Proveedor<\/td>\n<td width=\"302\">Finalidad<\/td>\n<td width=\"104\">Caducidad<\/td>\n<\/tr>\n<tr>\n<td width=\"104\">_ga<\/td>\n<td width=\"94\">odealim.com<\/td>\n<td width=\"302\">Esta cookie se utiliza para Google Universal Analytics. Se utiliza para controlar el rendimiento de las p\u00e1ginas consultadas por los usuarios del Sitio. <\/td>\n<td width=\"104\">2 a\u00f1os<\/td>\n<\/tr>\n<tr>\n<td width=\"104\">gat_gtag_UA<\/td>\n<td width=\"94\">odealim.com<\/td>\n<td width=\"302\">Esta cookie es utilizada por Google Universal Analytics para reducir la tasa de solicitudes en caso de tr\u00e1fico intenso.<\/td>\n<td width=\"104\">1 mn<\/td>\n<\/tr>\n<tr>\n<td width=\"104\">_gid<\/td>\n<td width=\"94\">odealim.com<\/td>\n<td width=\"302\">Esta cookie es utilizada por Google Universal Analytics para registrar un identificador \u00fanico con el fin de generar datos estad\u00edsticos sobre c\u00f3mo los visitantes utilizan el Sitio.<\/td>\n<td width=\"104\">1 d\u00eda<\/td>\n<\/tr>\n<\/tbody>\n<\/table>\n<p><strong><u><\/u><\/strong><\/p>\n<p><strong><u>Cookies publicitarias, cookies de terceros<\/u><\/strong><\/p>\n<p><strong>Estas cookies se utilizan principalmente para :<\/strong><\/p>\n<ul>\n<li><strong><span>presentar<\/span> anuncios adaptados a tus intereses en nuestro Sitio o en otros sitios<\/strong><\/li>\n<li><strong><span>limitar<\/span> el n\u00famero de veces que se muestra el mismo anuncio<\/strong><\/li>\n<li><strong><span>medir<\/span> la eficacia de una campa\u00f1a publicitaria<\/strong><\/li>\n<\/ul>\n<p><strong>Si rechazas estas cookies, puedes seguir utilizando nuestro Sitio sin detener la visualizaci\u00f3n de anuncios. Sin embargo, los anuncios mostrados ya no tendr\u00e1n en cuenta tus \u00e1reas de inter\u00e9s. <\/strong><\/p>\n<table width=\"605\">\n<tbody>\n<tr>\n<td width=\"104\">Nombre<\/td>\n<td width=\"94\">Proveedor<\/td>\n<td width=\"302\">Finalidad<\/td>\n<td width=\"104\">Caducidad<\/td>\n<\/tr>\n<tr>\n<td width=\"104\">NID<\/td>\n<td width=\"94\">google.es<\/td>\n<td width=\"302\">Esta cookie se utiliza para la reorientaci\u00f3n, optimizaci\u00f3n, elaboraci\u00f3n de informes y atribuci\u00f3n de publicidad en l\u00ednea.<\/td>\n<td width=\"104\">6 meses<\/td>\n<\/tr>\n<tr>\n<td width=\"104\">DV<\/td>\n<td width=\"94\">google.com<\/td>\n<td width=\"302\">Esta cookie se genera para mostrar anuncios basados en las preferencias de la sesi\u00f3n activa del usuario.<\/td>\n<td width=\"104\">10 minutos<\/td>\n<\/tr>\n<tr>\n<td width=\"104\">1P_JAR<\/td>\n<td width=\"94\">google.com<\/td>\n<td width=\"302\">Cookie publicitaria de Google utilizada para rastrear a los usuarios y orientar los anuncios.<\/td>\n<td width=\"104\">1 mes<\/td>\n<\/tr>\n<tr>\n<td width=\"104\">ANID<\/td>\n<td width=\"94\">google.com<\/td>\n<td width=\"302\">Esta cookie se utiliza para publicidad online.<\/td>\n<td width=\"104\">13 meses<\/td>\n<\/tr>\n<\/tbody>\n<\/table>\n<p><strong><u><\/u><\/strong><\/p>\n<p><strong><u>Cookies de redes sociales<\/u><\/strong><\/p>\n<p><strong>Nuestro sitio utiliza botones sociales que permiten a los usuarios compartir p\u00e1ginas en las distintas plataformas de redes sociales y \u00abgustar\u00bb nuestro contenido. Estos botones utilizan cookies para rastrear los h\u00e1bitos de navegaci\u00f3n de los usuarios, si son o no usuarios de estas plataformas, y si est\u00e1n o no conectados a la red social durante su navegaci\u00f3n. <\/strong><\/p>\n<p>Estas cookies, sobre las que ODEALIM no tiene ning\u00fan control, pueden ser depositadas en tu navegador por estas redes. Te invitamos a consultar las pol\u00edticas de confidencialidad espec\u00edficas de cada uno de estos sitios de redes sociales para conocer los fines para los que las redes sociales pueden recopilar informaci\u00f3n de navegaci\u00f3n mediante estos botones y m\u00f3dulos. <\/p>\n<ul>\n<li>Para LinkedIn, consulta la siguiente p\u00e1gina: https: <a href=\"https:\/\/www.linkedin.com\/legal\/cookie-policy?trk=homepage-basic_footer-cookie-policy\">\/\/www.linkedin.com\/legal\/cookie-policy?trk=homepage-basic_footer-cookie-policy<\/a><span> <\/span><u> <\/u><\/li>\n<li><span>Para Twitter, ve a <\/span><span><\/span><a href=\"https:\/\/help.twitter.com\/fr\/rules-and-policies\/twitter-cookies\">https:\/\/help.twitter.com\/fr\/rules-and-policies\/twitter-cookie<\/a><\/li>\n<li>Para Instagram, visita <a href=\"https:\/\/help.instagram.com\/581066165581870\">https:\/\/help.instagram.com\/581066165581870<\/a> <\/li>\n<li>Para Facebook, visita <a href=\"https:\/\/www.facebook.com\/terms\">https:\/\/www.facebook.com\/terms<\/a> <\/li>\n<\/ul>\n<p>&nbsp;<\/p>\n<h3><strong>TUS OPCIONES RELATIVAS A LAS COOKIES<\/strong><\/h3>\n<p>Tienes varias opciones para gestionar las cookies.  <span>Puedes elegir en cualquier momento expresar y modificar tus deseos con respecto a las cookies.<\/span><\/p>\n<p>&nbsp;<\/p>\n<p><strong><u>Acuerdo sobre cookies<\/u><\/strong><\/p>\n<p>El registro de una cookie en un terminal est\u00e1 sujeto al consentimiento previo del usuario, que puede expresarse y modificarse en cualquier momento y de forma gratuita mediante las opciones que ofrece el software de navegaci\u00f3n del usuario.<\/p>\n<p>Si has aceptado el almacenamiento de cookies en tu terminal en el software de tu navegador, las cookies integradas en las p\u00e1ginas y contenidos que hayas consultado podr\u00e1n almacenarse temporalmente en un espacio dedicado de tu terminal. All\u00ed s\u00f3lo podr\u00e1n ser le\u00eddas por el remitente. <\/p>\n<p>&nbsp;<\/p>\n<p><strong><u>Rechazar cookies<\/u><\/strong><\/p>\n<p>Los ajustes que realices pueden afectar a tu navegaci\u00f3n por Internet y a tus condiciones de acceso a determinados servicios que requieren el uso de Cookies.<\/p>\n<p>En su caso, declinamos toda responsabilidad por las consecuencias vinculadas al funcionamiento degradado de nuestros servicios resultante de la imposibilidad para nosotros de registrar o consultar las cookies necesarias para su funcionamiento y que t\u00fa hubieras rechazado o suprimido.<\/p>\n<p>&nbsp;<\/p>\n<p><strong><u>\u00bfC\u00f3mo ejerces tus opciones, seg\u00fan el navegador que utilices?<\/u><\/strong><\/p>\n<p>La mayor\u00eda de los navegadores te permiten gestionar las cookies de forma personalizada. S\u00f3lo tienes que seguir las instrucciones del men\u00fa de ayuda de tu navegador. <\/p>\n<p>Para m\u00e1s informaci\u00f3n sobre la gesti\u00f3n y configuraci\u00f3n de las cookies, visita las p\u00e1ginas explicativas de los editores:<\/p>\n<table width=\"600\">\n<tbody>\n<tr>\n<td width=\"172\">Internet Explorer\u2122.<\/td>\n<td width=\"428\"><a href=\"https:\/\/support.microsoft.com\/fr-fr\/help\/17442\/windows-internet-explorer-delete-manage-cookies\">https:\/\/support.microsoft.com\/fr-fr\/help\/17442\/windows-internet-explorer-delete-manage-cookies<\/a><\/td>\n<\/tr>\n<tr>\n<td width=\"172\">Safari<\/td>\n<td width=\"428\"><a href=\"https:\/\/support.apple.com\/fr-fr\/guide\/safari\/sfri11471\/mac\">https:\/\/support.apple.com\/fr-fr\/guide\/safari\/sfri11471\/mac<\/a><\/td>\n<\/tr>\n<tr>\n<td width=\"172\">Cromo<\/td>\n<td width=\"428\"><a href=\"https:\/\/support.google.com\/chrome\/answer\/95647?co=GENIE.Platform%3DDesktop&amp;hl=fr\">https:\/\/support.google.com\/chrome\/answer\/95647?co=GENIE.Platform%3DDesktop&amp;hl=fr<\/a><\/td>\n<\/tr>\n<tr>\n<td width=\"172\">Firefox\u2122<\/td>\n<td width=\"428\"><a href=\"https:\/\/support.mozilla.org\/fr\/kb\/protection-renforcee-contre-pistage-firefox-ordinateur?redirectlocale=fr&amp;redirectslug=activer-desactiver-cookies-preferences\">https:\/\/support.mozilla.org\/fr\/kb\/protection-renforcee-contre-pistage-firefox-ordinateur?redirectlocale=fr&amp;redirectslug=activer-desactiver-cookies-preferences<\/a><\/td>\n<\/tr>\n<tr>\n<td width=\"172\">\u00d3pera<\/td>\n<td width=\"428\"><a href=\"https:\/\/help.opera.com\/Windows\/10.20\/fr\/cookies.html\">https:\/\/help.opera.com\/Windows\/10.20\/fr\/cookies.html<\/a><\/td>\n<\/tr>\n<\/tbody>\n<\/table>\n<p>&nbsp;<\/p>\n<p><em>La Pol\u00edtica de Cookies se actualiz\u00f3 por \u00faltima vez el 02\/01\/2020.<\/em><\/p>\n<p>[\/et_pb_text][\/et_pb_column][\/et_pb_row][\/et_pb_section]<\/p>\n","protected":false},"excerpt":{"rendered":"<p>Esta secci\u00f3n est\u00e1 dedicada a la pol\u00edtica de gesti\u00f3n de cookies de ODEALIM. Te permite obtener m\u00e1s informaci\u00f3n sobre el origen y el uso de la informaci\u00f3n de navegaci\u00f3n procesada durante tu visita a nuestro Sitio, as\u00ed como sobre tus derechos. &nbsp; \u00bfQU\u00c9 ES UNA GALLETA? Una cookie es un peque\u00f1o archivo de texto almacenado [&hellip;]<\/p>\n","protected":false},"author":2,"featured_media":0,"parent":0,"menu_order":0,"comment_status":"closed","ping_status":"closed","template":"","meta":{"_et_pb_use_builder":"on","_et_pb_old_content":"","_et_gb_content_width":"","footnotes":""},"folder":[29],"class_list":["post-19328","page","type-page","status-publish","hentry"],"_links":{"self":[{"href":"https:\/\/groupe-odealim.com\/es\/wp-json\/wp\/v2\/pages\/19328","targetHints":{"allow":["GET"]}}],"collection":[{"href":"https:\/\/groupe-odealim.com\/es\/wp-json\/wp\/v2\/pages"}],"about":[{"href":"https:\/\/groupe-odealim.com\/es\/wp-json\/wp\/v2\/types\/page"}],"author":[{"embeddable":true,"href":"https:\/\/groupe-odealim.com\/es\/wp-json\/wp\/v2\/users\/2"}],"replies":[{"embeddable":true,"href":"https:\/\/groupe-odealim.com\/es\/wp-json\/wp\/v2\/comments?post=19328"}],"version-history":[{"count":3,"href":"https:\/\/groupe-odealim.com\/es\/wp-json\/wp\/v2\/pages\/19328\/revisions"}],"predecessor-version":[{"id":19331,"href":"https:\/\/groupe-odealim.com\/es\/wp-json\/wp\/v2\/pages\/19328\/revisions\/19331"}],"wp:attachment":[{"href":"https:\/\/groupe-odealim.com\/es\/wp-json\/wp\/v2\/media?parent=19328"}],"wp:term":[{"taxonomy":"folder","embeddable":true,"href":"https:\/\/groupe-odealim.com\/es\/wp-json\/wp\/v2\/folder?post=19328"}],"curies":[{"name":"wp","href":"https:\/\/api.w.org\/{rel}","templated":true}]}}