{"id":19324,"date":"2023-09-13T10:10:22","date_gmt":"2023-09-13T08:10:22","guid":{"rendered":"https:\/\/groupe-odealim.com\/politica-de-privacidad\/"},"modified":"2025-09-12T11:06:40","modified_gmt":"2025-09-12T09:06:40","slug":"politica-de-privacidad","status":"publish","type":"page","link":"https:\/\/groupe-odealim.com\/es\/politica-de-privacidad\/","title":{"rendered":"Pol\u00edtica de privacidad"},"content":{"rendered":"<p>[et_pb_section fb_built=\u00bb1&#8243; _builder_version=\u00bb4.21.0&#8243; _module_preset=\u00bbdefault\u00bb global_colors_info=\u00bb{}\u00bb][et_pb_row _builder_version=\u00bb4.21.0&#8243; _module_preset=\u00bbdefault\u00bb global_colors_info=\u00bb{}\u00bb][et_pb_column type=\u00bb4_4&#8243; _builder_version=\u00bb4.21.0&#8243; _module_preset=\u00bbdefault\u00bb global_colors_info=\u00bb{}\u00bb][et_pb_text _builder_version=\u00bb4.21.0&#8243; _module_preset=\u00bbdefault\u00bb global_colors_info=\u00bb{}\u00bb]<\/p>\n<h1 class=\"wp-block-heading\"><strong>POL\u00cdTICA DE CONFIDENCIALIDAD DE DATOS<\/strong><\/h1>\n<h2><strong>PRE\u00c1MBULO<\/strong><\/h2>\n<p>Odealim, soci\u00e9t\u00e9 par actions simplifi\u00e9e (sociedad por acciones simplificada) con un capital de 76.954.899,00 euros, con domicilio social en 14 rue de Richelieu 75001 Par\u00eds, y sus entidades, en particular Assurcopro Paris, Assurcopro Sud, Assur&#8217;Partenaires, Odealim JBSA, Insor, Interassurances, Corim Assurances, Ripert de Grissac, Pisano Assurances et Conseils, SCA Roseline Brun, Brun et JCD, Fidentialp, Assurg\u00e9rance y Globale Assure, en lo sucesivo denominadas conjuntamente \u00abGrupo Odealim\u00bb, es un grupo de sociedades de corretaje de seguros especializadas en seguros de bienes.<\/p>\n<p>Esta Pol\u00edtica de Privacidad establece los compromisos del Grupo Odealim en relaci\u00f3n con la protecci\u00f3n de tus datos personales en tu calidad de cliente potencial, cliente, navegante y usuario de servicios. Presenta las modalidades de recogida y utilizaci\u00f3n de tus datos personales, as\u00ed como tus derechos al respecto. <\/p>\n<p>El Grupo Odealim, en todos sus procesos, toma todas las precauciones necesarias para garantizar su conformidad con las disposiciones de la Ley n\u00ba 78-17 de 6 de enero de 1978 relativa a la inform\u00e1tica, los archivos y las libertades (conocida como Ley \u00abInform\u00e1tica y Libertades\u00bb) en su versi\u00f3n modificada, el Reglamento n\u00ba 2016\/679 de 27 de abril de 2016, conocido como Reglamento General de Protecci\u00f3n de Datos (RGPD), as\u00ed como las recomendaciones y decisiones de la autoridad de control para la protecci\u00f3n de datos de car\u00e1cter personal (CNIL).<\/p>\n<p>El Grupo Odealim ha designado a un Delegado de Protecci\u00f3n de Datos para garantizar la correcta aplicaci\u00f3n de la ley y el respeto de tus derechos de acceso, rectificaci\u00f3n, oposici\u00f3n, supresi\u00f3n, limitaci\u00f3n y portabilidad, de conformidad con la citada ley<a href=\"mailto:contact-dpo@odealim.fr\">(contact-dpo@odealim.fr).<\/a><\/p>\n<h2><strong>\u00c1MBITO DE APLICACI\u00d3N Y EXCLUSI\u00d3N<\/strong><\/h2>\n<p>Esta pol\u00edtica se aplica a todos los tratamientos de datos personales realizados por el Grupo Odealim, sea cual sea el canal de comunicaci\u00f3n:<\/p>\n<ul>\n<li>En sus p\u00e1ginas web<\/li>\n<li>Por correo postal y\/o electr\u00f3nico<\/li>\n<li>Por tel\u00e9fono<\/li>\n<li>Cara a cara en las instalaciones del cliente o en la oficina.<\/li>\n<\/ul>\n<p>Esta pol\u00edtica no se aplica al tratamiento realizado en sitios web o aplicaciones de terceros de cuyo tratamiento no es responsable el Grupo Odealim.<\/p>\n<h2><strong>\u00bfQU\u00c9 DATOS SE RECOGEN?<\/strong><\/h2>\n<p>En aplicaci\u00f3n del principio de minimizaci\u00f3n, el Grupo Odealim garantiza que s\u00f3lo se utilizan los datos estrictamente necesarios para la finalidad para la que fueron recogidos.<\/p>\n<h3><strong><u>Categor\u00edas de datos personales :<\/u><\/strong><\/h3>\n<ul>\n<li>Datos de identificaci\u00f3n (estado civil, apellidos, nombre, direcci\u00f3n postal, direcci\u00f3n de correo electr\u00f3nico y n\u00famero de tel\u00e9fono)<\/li>\n<li>Datos de gesti\u00f3n (n\u00famero de contrato)<\/li>\n<li>Datos necesarios para evaluar el riesgo<\/li>\n<li>Datos relativos a los h\u00e1bitos de vida y al uso de bienes en relaci\u00f3n con los riesgos asegurados o los servicios ofrecidos<\/li>\n<\/ul>\n<h3><\/h3>\n<h3><strong><u>Personas afectadas por el tratamiento de datos personales:<\/u><\/strong><\/h3>\n<ul>\n<li>Perspectivas<\/li>\n<li>Asegurado<\/li>\n<\/ul>\n<h2><strong>\u00bfPARA QU\u00c9 USOS?<\/strong><\/h2>\n<p>El tratamiento de datos personales realizado por el Grupo Odealim responde sistem\u00e1ticamente a una finalidad expl\u00edcita, leg\u00edtima y espec\u00edfica.<\/p>\n<p>Los datos personales se recogen principalmente con fines de distribuci\u00f3n, suscripci\u00f3n, gesti\u00f3n y cumplimiento de contratos de seguro, y en particular :<\/p>\n<ul>\n<li>Suscripci\u00f3n de contratos<\/li>\n<li>Gestionar la vida de los contratos<\/li>\n<li>Cobro de primas y pago a las aseguradoras<\/li>\n<li>Cobro de primas (amistoso y contencioso)<\/li>\n<li>Gesti\u00f3n \/ Liquidaci\u00f3n de siniestros<\/li>\n<li>Tramitaci\u00f3n de reclamaciones<\/li>\n<li>Gesti\u00f3n de recursos<\/li>\n<li>Lucha contra el blanqueo de capitales y la financiaci\u00f3n del terrorismo (ALD\/LFT)<\/li>\n<\/ul>\n<h2><strong>\u00bfQUI\u00c9N RECIBIR\u00c1 TUS DATOS PERSONALES?<\/strong><\/h2>\n<p>Todos los datos recogidos, por cualquier medio, son para uso exclusivo del Grupo Odealim y de las Aseguradoras que representa.<\/p>\n<h2><strong>CU\u00c1NTO TIEMPO CONSERVAMOS TUS DATOS PERSONALES<\/strong><\/h2>\n<p>El Grupo Odealim s\u00f3lo conserva tus datos personales durante un per\u00edodo limitado, en funci\u00f3n de la finalidad del tratamiento y del per\u00edodo de conservaci\u00f3n exigido por las obligaciones legales.<\/p>\n<p>Los plazos de retenci\u00f3n tambi\u00e9n deben cumplir los plazos de prescripci\u00f3n legales. En particular, para la gesti\u00f3n y ejecuci\u00f3n de contratos de seguro, el plazo m\u00e1ximo de conservaci\u00f3n ser\u00e1 de 10 a\u00f1os desde la finalizaci\u00f3n del contrato. <\/p>\n<h2><strong>SEGURIDAD DE LOS DATOS PERSONALES<\/strong><\/h2>\n<p>El Grupo Odealim pone todos los medios t\u00e9cnicos y organizativos para garantizar la seguridad de tus datos personales y prevenir cualquier riesgo de p\u00e9rdida, deterioro o uso indebido de los mismos.<\/p>\n<p>En caso de violaci\u00f3n de datos personales, y de conformidad con las nuevas exigencias del RGPD, el Grupo Odealim se compromete a notificarla a la CNIL a m\u00e1s tardar 72 horas despu\u00e9s de tener conocimiento de ella. Cuando la violaci\u00f3n pueda suponer un alto riesgo para los derechos y libertades de la persona afectada, el Grupo Odealim tambi\u00e9n informar\u00e1 lo antes posible. <\/p>\n<h2><strong>COOKIES<\/strong><\/h2>\n<p>Una cookie es un simple archivo de texto almacenado temporal o permanentemente en tu dispositivo fijo o m\u00f3vil y, en algunos casos, en tu navegador.<\/p>\n<p>Las cookies son \u00fatiles, por no decir imprescindibles, para navegar por Internet porque permiten a los editores de sitios web :<\/p>\n<ul>\n<li>Mejorar el rendimiento de su sitio web<\/li>\n<li>Ofrecer una mejor experiencia de navegaci\u00f3n a sus visitantes.<\/li>\n<\/ul>\n<p>Si quieres saber m\u00e1s sobre las cookies que utilizamos y c\u00f3mo funcionan, consulta nuestra <a href=\"https:\/\/odealim.com\/politique-de-gestion-des-cookies\/\"><u>pol\u00edtica de gesti\u00f3n de cookies<\/u><\/a>.<\/p>\n<h2><strong>TUS DERECHOS<\/strong><\/h2>\n<p>Tienes derecho a acceder, rectificar, suprimir, limitar, oponerte y portar tus datos personales en cualquier momento, as\u00ed como derecho a organizar directivas post mortem.<\/p>\n<p>Para todas estas solicitudes, basta con enviar un correo electr\u00f3nico o una carta a la siguiente direcci\u00f3n:<\/p>\n<p>Grupo Odealim<br \/>Corresponsal de Protecci\u00f3n de Datos<br \/>14 rue de Richelieu<br \/>75001 Par\u00eds<br \/><a href=\"mailto:contact-dpo@odealim.fr\">contact-dpo@odealim.fr<\/a><\/p>\n<p>De conformidad con el Decreto n\u00ba 2007-451, de 25 de marzo de 2007, por el que se aplica la Ley francesa de Protecci\u00f3n de Datos, tus solicitudes deben realizarse por escrito, firmadas y acompa\u00f1adas de una fotocopia de un documento de identidad en el que figure tu firma. La solicitud debe especificar la direcci\u00f3n a la que debe enviarse la respuesta. El Grupo Odealim dispondr\u00e1 entonces de un plazo de 1 (un) mes para responder tras la recepci\u00f3n de tu solicitud. Ten en cuenta que este plazo podr\u00e1 prorrogarse dos (2) meses en caso necesario, dada la complejidad y el n\u00famero de solicitudes.   <\/p>\n<p>Tambi\u00e9n tienes derecho a presentar una reclamaci\u00f3n ante la Comisi\u00f3n Nacional de Inform\u00e1tica y Libertades (CNIL) si no hemos respondido a tu solicitud en el plazo concedido tras tu petici\u00f3n.<\/p>\n<p><em>La Pol\u00edtica de Privacidad se actualiz\u00f3 por \u00faltima vez el 20\/05\/2020.<\/em><\/p>\n<p>[\/et_pb_text][\/et_pb_column][\/et_pb_row][\/et_pb_section]<\/p>\n","protected":false},"excerpt":{"rendered":"<p>POL\u00cdTICA DE CONFIDENCIALIDAD DE DATOS PRE\u00c1MBULO Odealim, soci\u00e9t\u00e9 par actions simplifi\u00e9e (sociedad por acciones simplificada) con un capital de 76.954.899,00 euros, con domicilio social en 14 rue de Richelieu 75001 Par\u00eds, y sus entidades, en particular Assurcopro Paris, Assurcopro Sud, Assur&#8217;Partenaires, Odealim JBSA, Insor, Interassurances, Corim Assurances, Ripert de Grissac, Pisano Assurances et Conseils, SCA [&hellip;]<\/p>\n","protected":false},"author":2,"featured_media":0,"parent":0,"menu_order":0,"comment_status":"closed","ping_status":"closed","template":"","meta":{"_et_pb_use_builder":"on","_et_pb_old_content":"","_et_gb_content_width":"","footnotes":""},"folder":[29],"class_list":["post-19324","page","type-page","status-publish","hentry"],"_links":{"self":[{"href":"https:\/\/groupe-odealim.com\/es\/wp-json\/wp\/v2\/pages\/19324","targetHints":{"allow":["GET"]}}],"collection":[{"href":"https:\/\/groupe-odealim.com\/es\/wp-json\/wp\/v2\/pages"}],"about":[{"href":"https:\/\/groupe-odealim.com\/es\/wp-json\/wp\/v2\/types\/page"}],"author":[{"embeddable":true,"href":"https:\/\/groupe-odealim.com\/es\/wp-json\/wp\/v2\/users\/2"}],"replies":[{"embeddable":true,"href":"https:\/\/groupe-odealim.com\/es\/wp-json\/wp\/v2\/comments?post=19324"}],"version-history":[{"count":3,"href":"https:\/\/groupe-odealim.com\/es\/wp-json\/wp\/v2\/pages\/19324\/revisions"}],"predecessor-version":[{"id":19327,"href":"https:\/\/groupe-odealim.com\/es\/wp-json\/wp\/v2\/pages\/19324\/revisions\/19327"}],"wp:attachment":[{"href":"https:\/\/groupe-odealim.com\/es\/wp-json\/wp\/v2\/media?parent=19324"}],"wp:term":[{"taxonomy":"folder","embeddable":true,"href":"https:\/\/groupe-odealim.com\/es\/wp-json\/wp\/v2\/folder?post=19324"}],"curies":[{"name":"wp","href":"https:\/\/api.w.org\/{rel}","templated":true}]}}