{"id":19304,"date":"2023-09-05T15:55:01","date_gmt":"2023-09-05T13:55:01","guid":{"rendered":"https:\/\/groupe-odealim.com\/pulsa\/"},"modified":"2025-09-12T11:06:40","modified_gmt":"2025-09-12T09:06:40","slug":"pulsa","status":"publish","type":"page","link":"https:\/\/groupe-odealim.com\/es\/pulsa\/","title":{"rendered":"Pulsa"},"content":{"rendered":"<p>[et_pb_section fb_built=\u00bb1&#8243; _builder_version=\u00bb4.21.0&#8243; _module_preset=\u00bbdefault\u00bb background_color=\u00bb#c9d4d6&#8243; global_colors_info=\u00bb{}\u00bb][et_pb_row column_structure=\u00bb1_2,1_2&#8243; _builder_version=\u00bb4.21.0&#8243; _module_preset=\u00bbdefault\u00bb global_colors_info=\u00bb{}\u00bb][et_pb_column type=\u00bb1_2&#8243; _builder_version=\u00bb4.21.0&#8243; _module_preset=\u00bbdefault\u00bb global_colors_info=\u00bb{}\u00bb][et_pb_text _builder_version=\u00bb4.21.0&#8243; _module_preset=\u00bbdefault\u00bb header_2_font=\u00bbPoppins||||||||\u00bb header_2_font_size=\u00bb30px\u00bb header_2_line_height=\u00bb0.8em\u00bb custom_padding=\u00bb||||false|false\u00bb global_colors_info=\u00bb{}\u00bb]<\/p>\n<h2><span style=\"color: #333332;\">Tenemos informaci\u00f3n<\/span><\/h2>\n<h2><span style=\"color: #657c7b;\">\u00a1que te interesar\u00e1!<\/span><\/h2>\n<p>[\/et_pb_text][et_pb_search exclude_pages=\u00bbon\u00bb show_button=\u00bboff\u00bb placeholder=\u00bbBusca en\u00bb button_color=\u00bbRGBA(255,255,255,0)\u00bb placeholder_color=\u00bb#657c7b\u00bb _builder_version=\u00bb4.21.0&#8243; _module_preset=\u00bbdefault\u00bb form_field_background_color=\u00bbRGBA(255,255,255,0)\u00bb form_field_text_color=\u00bb#657c7b\u00bb button_font=\u00bbPoppins||||||||\u00bb form_field_font=\u00bbPoppins||||||||\u00bb form_field_font_size=\u00bb18px\u00bb background_color=\u00bbRGBA(255,255,255,0)\u00bb width=\u00bb40%\u00bb custom_margin=\u00bb|-17px||||\u00bb custom_padding=\u00bb0.715em|0.715em|0.715em|0em|false|false\u00bb border_radii=\u00bbon|0px|0px|0px|0px\u00bb border_width_all=\u00bb0px\u00bb border_width_bottom=\u00bb1px\u00bb border_color_bottom=\u00bb#657c7b\u00bb global_colors_info=\u00bb{}\u00bb][\/et_pb_search][\/et_pb_column][et_pb_column type=\u00bb1_2&#8243; _builder_version=\u00bb4.21.0&#8243; _module_preset=\u00bbdefault\u00bb global_colors_info=\u00bb{}\u00bb][et_pb_text _builder_version=\u00bb4.21.0&#8243; _module_preset=\u00bbdefault\u00bb header_2_font=\u00bbPoppins||||||||\u00bb header_2_font_size=\u00bb30px\u00bb header_2_line_height=\u00bb0.8em\u00bb custom_padding=\u00bb||||false|false\u00bb global_colors_info=\u00bb{}\u00bb link_text_color=\u00bb#000000&#8243; link_font=\u00bb||||on||||\u00bb]<\/p>\n<div class=\"et_pb_module et_pb_text et_pb_text_30 et_pb_text_align_left et_pb_bg_layout_light\">\n<div class=\"et_pb_text_inner\">\n<h2><span style=\"color: #657c7b;\">Contactos<\/span><\/h2>\n<p>Nuestro equipo de Relaciones con la Prensa est\u00e1 a tu disposici\u00f3n para cualquier entrevista o informaci\u00f3n que necesites.<\/p>\n<\/div>\n<\/div>\n<div class=\"et_pb_module et_pb_text et_pb_text_31 et_pb_text_align_left et_pb_bg_layout_light\">\n<div class=\"et_pb_text_inner\">\n<h3><span style=\"color: #657c7b;\">Agencia EPOKA<\/span><\/h3>\n<p>Nicolas Cr\u00e9pin: <a href=\"mailto:ncrepin@epoka.fr\">ncrepin@epoka.fr<\/a> &#8211; 06 52 32 10 11 &#8211; <span style=\"font-size: 14px;\"><\/span><a href=\"https:\/\/www.epoka.fr\/\" target=\"_blank\" rel=\"noopener noreferrer\" title=\"Agencia EPOKA\" style=\"font-size: 14px;\">www.epoka.fr<\/a><\/p>\n<\/div>\n<\/div>\n<p>[\/et_pb_text][\/et_pb_column][\/et_pb_row][et_pb_row _builder_version=\u00bb4.21.0&#8243; _module_preset=\u00bbdefault\u00bb custom_padding=\u00bb||200px|||\u00bb global_colors_info=\u00bb{}\u00bb][et_pb_column type=\u00bb4_4&#8243; _builder_version=\u00bb4.21.0&#8243; _module_preset=\u00bbdefault\u00bb global_colors_info=\u00bb{}\u00bb][et_pb_text _builder_version=\u00bb4.21.0&#8243; _module_preset=\u00bbdefault\u00bb header_2_font=\u00bbPoppins||||||||\u00bb header_2_text_align=\u00bbcenter\u00bb header_2_text_color=\u00bb#FFFFFF\u00bb header_2_font_size=\u00bb28px\u00bb header_2_line_height=\u00bb1.2em\u00bb custom_padding=\u00bb40px||||false|false\u00bb global_colors_info=\u00bb{}\u00bb]<\/p>\n<h2>Descubre lo m\u00e1s destacado<br \/>.<\/h2>\n<p>[\/et_pb_text][et_pb_blog fullwidth=\u00bboff\u00bb posts_number=\u00bb3&#8243; excerpt_length=\u00bb150&#8243; show_more=\u00bbon\u00bb show_author=\u00bboff\u00bb masonry_tile_background_color=\u00bbRGBA(255,255,255,0)\u00bb _builder_version=\u00bb4.21.0&#8243; _module_preset=\u00bbdefault\u00bb header_font=\u00bbPoppins|600|||||||\u00bb header_text_color=\u00bb#657c7b\u00bb header_line_height=\u00bb1.3em\u00bb body_font=\u00bbPoppins||||||||\u00bb body_text_color=\u00bb#333332&#8243; body_font_size=\u00bb13px\u00bb body_line_height=\u00bb1.4em\u00bb meta_text_color=\u00bb#FFFFFF\u00bb read_more_font=\u00bbPoppins||||on||||\u00bb read_more_text_color=\u00bb#657c7b\u00bb read_more_line_height=\u00bb2.8em\u00bb pagination_font=\u00bbPoppins||||||||\u00bb pagination_text_color=\u00bb#657c7b\u00bb custom_margin=\u00bb|||-18px|false|false\u00bb custom_padding=\u00bb||||false|false\u00bb custom_css_title=\u00bbpadding-bottom:5%\u00bb custom_css_pagenavi=\u00bbpadding-left:100px\u00bb border_width_all=\u00bb0px\u00bb global_colors_info=\u00bb{}\u00bb transform_styles__hover_enabled=\u00bboff|hover\u00bb transform_scale__hover_enabled=\u00bboff|hover\u00bb transform_translate__hover_enabled=\u00bboff|hover\u00bb transform_rotate__hover_enabled=\u00bboff|hover\u00bb transform_skew__hover_enabled=\u00bboff|hover\u00bb transform_origin__hover_enabled=\u00bboff|hover\u00bb masonry_tile_background_color__hover_enabled=\u00bboff|desktop\u00bb masonry_tile_background_color__hover=\u00bb#fafafa\u00bb][\/et_pb_blog][\/et_pb_column][\/et_pb_row][\/et_pb_section]<\/p>\n","protected":false},"excerpt":{"rendered":"<p>Tenemos informaci\u00f3n \u00a1que te interesar\u00e1! Contactos Nuestro equipo de Relaciones con la Prensa est\u00e1 a tu disposici\u00f3n para cualquier entrevista o informaci\u00f3n que necesites. Agencia EPOKA Nicolas Cr\u00e9pin: ncrepin@epoka.fr &#8211; 06 52 32 10 11 &#8211; www.epoka.fr Descubre lo m\u00e1s destacado.<\/p>\n","protected":false},"author":2,"featured_media":0,"parent":0,"menu_order":0,"comment_status":"closed","ping_status":"closed","template":"","meta":{"_et_pb_use_builder":"on","_et_pb_old_content":"","_et_gb_content_width":"","footnotes":""},"folder":[],"class_list":["post-19304","page","type-page","status-publish","hentry"],"_links":{"self":[{"href":"https:\/\/groupe-odealim.com\/es\/wp-json\/wp\/v2\/pages\/19304","targetHints":{"allow":["GET"]}}],"collection":[{"href":"https:\/\/groupe-odealim.com\/es\/wp-json\/wp\/v2\/pages"}],"about":[{"href":"https:\/\/groupe-odealim.com\/es\/wp-json\/wp\/v2\/types\/page"}],"author":[{"embeddable":true,"href":"https:\/\/groupe-odealim.com\/es\/wp-json\/wp\/v2\/users\/2"}],"replies":[{"embeddable":true,"href":"https:\/\/groupe-odealim.com\/es\/wp-json\/wp\/v2\/comments?post=19304"}],"version-history":[{"count":3,"href":"https:\/\/groupe-odealim.com\/es\/wp-json\/wp\/v2\/pages\/19304\/revisions"}],"predecessor-version":[{"id":19307,"href":"https:\/\/groupe-odealim.com\/es\/wp-json\/wp\/v2\/pages\/19304\/revisions\/19307"}],"wp:attachment":[{"href":"https:\/\/groupe-odealim.com\/es\/wp-json\/wp\/v2\/media?parent=19304"}],"wp:term":[{"taxonomy":"folder","embeddable":true,"href":"https:\/\/groupe-odealim.com\/es\/wp-json\/wp\/v2\/folder?post=19304"}],"curies":[{"name":"wp","href":"https:\/\/api.w.org\/{rel}","templated":true}]}}