{"id":19296,"date":"2023-08-09T10:50:26","date_gmt":"2023-08-09T08:50:26","guid":{"rendered":"https:\/\/groupe-odealim.com\/carrera-profesional\/"},"modified":"2025-09-12T11:06:39","modified_gmt":"2025-09-12T09:06:39","slug":"carrera-profesional","status":"publish","type":"page","link":"https:\/\/groupe-odealim.com\/es\/carrera-profesional\/","title":{"rendered":"Carrera profesional"},"content":{"rendered":"<p>[et_pb_section fb_built=\u00bb1&#8243; _builder_version=\u00bb4.21.0&#8243; _module_preset=\u00bbdefault\u00bb custom_margin=\u00bb||||false|false\u00bb custom_padding=\u00bb||0px||false|false\u00bb global_colors_info=\u00bb{}\u00bb][et_pb_row column_structure=\u00bb1_2,1_2&#8243; use_custom_gutter=\u00bbon\u00bb gutter_width=\u00bb1&#8243; custom_padding_last_edited=\u00bbon|phone\u00bb _builder_version=\u00bb4.21.0&#8243; _module_preset=\u00bbdefault\u00bb width=\u00bb100%\u00bb max_width=\u00bb100%\u00bb custom_padding=\u00bb60px|15%|60px|15%|true|true\u00bb custom_padding_tablet=\u00bb60px|15%|60px|15%|true|true\u00bb custom_padding_phone=\u00bb60px|50px|60px|50px|true|true\u00bb global_colors_info=\u00bb{}\u00bb][et_pb_column type=\u00bb1_2&#8243; _builder_version=\u00bb4.21.0&#8243; _module_preset=\u00bbdefault\u00bb global_colors_info=\u00bb{}\u00bb][et_pb_text _builder_version=\u00bb4.21.0&#8243; _module_preset=\u00bbdefault\u00bb header_2_font=\u00bbPoppins||||||||\u00bb header_2_text_color=\u00bb#96887b\u00bb header_2_font_size=\u00bb46px\u00bb global_colors_info=\u00bb{}\u00bb]<\/p>\n<h2>Te est\u00e1bamos esperando<br \/>.<\/h2>\n<p>[\/et_pb_text][\/et_pb_column][et_pb_column type=\u00bb1_2&#8243; _builder_version=\u00bb4.21.0&#8243; _module_preset=\u00bbdefault\u00bb global_colors_info=\u00bb{}\u00bb][et_pb_text _builder_version=\u00bb4.21.0&#8243; _module_preset=\u00bbdefault\u00bb text_font=\u00bbPoppins|300|||||||\u00bb global_colors_info=\u00bb{}\u00bb]<\/p>\n<p>En Odealim, creemos en la fuerza de nuestros equipos para llevar a nuestra empresa <br \/>al \u00e9xito. Buscamos personas motivadas y <br \/>apasionadas que se unan a nuestros equipos y nos ayuden a construir nuestro futuro. <\/p>\n<p>Presentes en toda Francia a trav\u00e9s de nuestras distintas entidades <br \/>, ofrecemos oportunidades profesionales gratificantes en un entorno de trabajo estimulante y din\u00e1mico <br \/>.<\/p>\n<p>[\/et_pb_text][\/et_pb_column][\/et_pb_row][et_pb_row column_structure=\u00bb1_2,1_2&#8243; use_custom_gutter=\u00bbon\u00bb gutter_width=\u00bb1&#8243; make_equal=\u00bbon\u00bb _builder_version=\u00bb4.21.0&#8243; _module_preset=\u00bbdefault\u00bb width=\u00bb100%\u00bb max_width=\u00bb100%\u00bb global_colors_info=\u00bb{}\u00bb][et_pb_column type=\u00bb1_2&#8243; _builder_version=\u00bb4.21.0&#8243; _module_preset=\u00bbdefault\u00bb custom_css_main_element=\u00bbmargin: auto;\u00bb global_colors_info=\u00bb{}\u00bb][et_pb_text _builder_version=\u00bb4.21.0&#8243; _module_preset=\u00bbdefault\u00bb text_font=\u00bbPoppins|300|||||||\u00bb custom_margin=\u00bb|30%||30%|false|true\u00bb custom_margin_tablet=\u00bb|30%||30%|false|true\u00bb custom_margin_phone=\u00bb|50px|50px|50px|false|true\u00bb custom_margin_last_edited=\u00bbon|phone\u00bb global_colors_info=\u00bb{}\u00bb]<\/p>\n<h2>Una cultura de la diversidad<\/h2>\n<p>&nbsp;<\/p>\n<p><span>Convencidos de que esto es esencial para el \u00e9xito de nuestro negocio, nos esforzamos por valorar la diversidad. Reconocemos que son nuestras diversas perspectivas y riqueza de experiencia las que contribuyen a nuestro \u00e9xito colectivo.   <\/span><\/p>\n<p>[\/et_pb_text][\/et_pb_column][et_pb_column type=\u00bb1_2&#8243; _builder_version=\u00bb4.21.0&#8243; _module_preset=\u00bbdefault\u00bb global_colors_info=\u00bb{}\u00bb][et_pb_image src=\u00bbhttp:\/\/groupe-odealim.com\/wp-content\/uploads\/2023\/09\/image-HD-carrieres.jpg\u00bb title_text=\u00bbimagen-HD-carreras\u00bb _builder_version=\u00bb4.21.0&#8243; _module_preset=\u00bbdefault\u00bb global_colors_info=\u00bb{}\u00bb][\/et_pb_image][\/et_pb_column][\/et_pb_row][et_pb_row column_structure=\u00bb1_2,1_2&#8243; use_custom_gutter=\u00bbon\u00bb gutter_width=\u00bb1&#8243; make_equal=\u00bbon\u00bb _builder_version=\u00bb4.21.0&#8243; _module_preset=\u00bbdefault\u00bb width=\u00bb100%\u00bb max_width=\u00bb100%\u00bb global_colors_info=\u00bb{}\u00bb][et_pb_column type=\u00bb1_2&#8243; _builder_version=\u00bb4.21.0&#8243; _module_preset=\u00bbdefault\u00bb custom_css_main_element=\u00bbmargin: auto;\u00bb global_colors_info=\u00bb{}\u00bb][et_pb_text _builder_version=\u00bb4.21.0&#8243; _module_preset=\u00bbdefault\u00bb text_font=\u00bbPoppins|300|||||||\u00bb header_2_line_height=\u00bb1.2em\u00bb custom_margin=\u00bb|30%||30%|false|true\u00bb custom_margin_tablet=\u00bb|30%||30%|false|true\u00bb custom_margin_phone=\u00bb|50px|50px|50px|false|true\u00bb custom_margin_last_edited=\u00bbon|phone\u00bb global_colors_info=\u00bb{}\u00bb]<\/p>\n<h2>Florecer desde dentro<\/h2>\n<p>&nbsp;<\/p>\n<p>Recompensamos a las personas con muchas oportunidades de desarrollo personal y profesional. En Odealim, tendr\u00e1s la oportunidad de trabajar junto a profesionales con talento y pasi\u00f3n, que comparten la misma visi\u00f3n y la ambici\u00f3n de crear un impacto positivo. <\/p>\n<p>[\/et_pb_text][\/et_pb_column][et_pb_column type=\u00bb1_2&#8243; _builder_version=\u00bb4.21.0&#8243; _module_preset=\u00bbdefault\u00bb global_colors_info=\u00bb{}\u00bb][et_pb_image src=\u00bbhttp:\/\/groupe-odealim.com\/wp-content\/uploads\/2023\/08\/carrieres-3.jpg\u00bb title_text=\u00bbcarreras-3&#8243; _builder_version=\u00bb4.21.0&#8243; _module_preset=\u00bbdefault\u00bb global_colors_info=\u00bb{}\u00bb][\/et_pb_image][\/et_pb_column][\/et_pb_row][et_pb_row use_custom_gutter=\u00bbon\u00bb gutter_width=\u00bb1&#8243; custom_padding_last_edited=\u00bbon|phone\u00bb _builder_version=\u00bb4.21.0&#8243; _module_preset=\u00bbdefault\u00bb width=\u00bb100%\u00bb max_width=\u00bb100%\u00bb custom_padding=\u00bb150px|15%||15%|false|true\u00bb custom_padding_tablet=\u00bb150px|15%||15%|false|true\u00bb custom_padding_phone=\u00bb50px|50px||50px|false|true\u00bb global_colors_info=\u00bb{}\u00bb][et_pb_column type=\u00bb4_4&#8243; _builder_version=\u00bb4.21.0&#8243; _module_preset=\u00bbdefault\u00bb global_colors_info=\u00bb{}\u00bb][et_pb_text _builder_version=\u00bb4.21.0&#8243; _module_preset=\u00bbdefault\u00bb text_font=\u00bbPoppins|300|||||||\u00bb header_2_line_height=\u00bb1.2em\u00bb custom_margin=\u00bb||||false|false\u00bb global_colors_info=\u00bb{}\u00bb]<\/p>\n<h2>Echa un vistazo a nuestras vacantes actuales en<br \/><span style=\"color: #96887b;\">y presenta tu candidatura ahora para unirte a nosotros en<\/span><br \/><span style=\"color: #96887b;\">y forjar juntos el futuro del Grupo Odealim.<\/span><\/h2>\n<p>[\/et_pb_text][\/et_pb_column][\/et_pb_row][et_pb_row column_structure=\u00bb1_3,1_3,1_3&#8243; use_custom_gutter=\u00bbon\u00bb gutter_width=\u00bb1&#8243; _builder_version=\u00bb4.21.0&#8243; _module_preset=\u00bbdefault\u00bb width=\u00bb100%\u00bb max_width=\u00bb100%\u00bb custom_margin=\u00bb||0px||false|false\u00bb custom_padding=\u00bb||0px||false|false\u00bb global_colors_info=\u00bb{}\u00bb][et_pb_column type=\u00bb1_3&#8243; _builder_version=\u00bb4.21.0&#8243; _module_preset=\u00bbdefault\u00bb global_colors_info=\u00bb{}\u00bb][et_pb_cta button_url=\u00bbhttps:\/\/odealim.com\/postes\/\u00bb button_text=\u00bbDescubre\u00bb _builder_version=\u00bb4.21.0&#8243; _module_preset=\u00bbdefault\u00bb header_font_size=\u00bb30px\u00bb body_font=\u00bbPoppins|300|||||||\u00bb body_font_size=\u00bb19px\u00bb background_enable_color=\u00bboff\u00bb background_image=\u00bbhttp:\/\/groupe-odealim.com\/wp-content\/uploads\/2023\/08\/emploi-1.jpg\u00bb custom_button=\u00bbon\u00bb button_text_size=\u00bb24px\u00bb button_bg_color=\u00bbRGBA(255,255,255,0)\u00bb button_border_width=\u00bb0px\u00bb button_icon=\u00bb&#x35;||divi||400&#8243; button_on_hover=\u00bboff\u00bb button_alignment=\u00bbcenter\u00bb button_custom_margin=\u00bb200px||||false|false\u00bb text_orientation=\u00bbleft\u00bb global_colors_info=\u00bb{}\u00bb]<\/p>\n<p>Seguros inmobiliarios y de construcci\u00f3n<\/p>\n<p>[\/et_pb_cta][\/et_pb_column][et_pb_column type=\u00bb1_3&#8243; _builder_version=\u00bb4.21.0&#8243; _module_preset=\u00bbdefault\u00bb global_colors_info=\u00bb{}\u00bb][et_pb_cta button_url=\u00bbhttps:\/\/www.artemiscourtage.com\/job-openings\/\u00bb button_text=\u00bbDescubre\u00bb _builder_version=\u00bb4.21.0&#8243; _module_preset=\u00bbdefault\u00bb header_font_size=\u00bb30px\u00bb body_font=\u00bbPoppins|300|||||||\u00bb body_font_size=\u00bb19px\u00bb background_enable_color=\u00bboff\u00bb background_image=\u00bbhttp:\/\/groupe-odealim.com\/wp-content\/uploads\/2023\/08\/EMPLOI-2.jpg\u00bb custom_button=\u00bbon\u00bb button_text_size=\u00bb24px\u00bb button_bg_color=\u00bbRGBA(255,255,255,0)\u00bb button_border_width=\u00bb0px\u00bb button_icon=\u00bb&#x35;||divi||400&#8243; button_on_hover=\u00bboff\u00bb button_alignment=\u00bbcenter\u00bb button_custom_margin=\u00bb200px||||false|false\u00bb text_orientation=\u00bbleft\u00bb global_colors_info=\u00bb{}\u00bb]<\/p>\n<p>Cr\u00e9dito<\/p>\n<p>[\/et_pb_cta][\/et_pb_column][et_pb_column type=\u00bb1_3&#8243; _builder_version=\u00bb4.21.0&#8243; _module_preset=\u00bbdefault\u00bb global_colors_info=\u00bb{}\u00bb][et_pb_cta button_url=\u00bbhttps:\/\/www.digital-insure.fr\/jobs\/\u00bb button_text=\u00bbDescubre\u00bb _builder_version=\u00bb4.21.0&#8243; _module_preset=\u00bbdefault\u00bb header_font_size=\u00bb30px\u00bb body_font=\u00bbPoppins|300|||||||\u00bb body_font_size=\u00bb19px\u00bb background_enable_color=\u00bboff\u00bb background_image=\u00bbhttp:\/\/groupe-odealim.com\/wp-content\/uploads\/2023\/08\/EMPLOI-3.jpg\u00bb custom_button=\u00bbon\u00bb button_text_size=\u00bb24px\u00bb button_bg_color=\u00bbRGBA(255,255,255,0)\u00bb button_border_width=\u00bb0px\u00bb button_icon=\u00bb&#x35;||divi||400&#8243; button_on_hover=\u00bboff\u00bb button_alignment=\u00bbcenter\u00bb button_custom_margin=\u00bb200px||||false|false\u00bb text_orientation=\u00bbleft\u00bb global_colors_info=\u00bb{}\u00bb]<\/p>\n<p>Seguro de pr\u00e9stamo y protecci\u00f3n personal<\/p>\n<p>[\/et_pb_cta][\/et_pb_column][\/et_pb_row][\/et_pb_section][et_pb_section fb_built=\u00bb1&#8243; _builder_version=\u00bb4.21.0&#8243; _module_preset=\u00bbdefault\u00bb global_colors_info=\u00bb{}\u00bb][et_pb_row use_custom_gutter=\u00bbon\u00bb gutter_width=\u00bb1&#8243; _builder_version=\u00bb4.21.0&#8243; _module_preset=\u00bbdefault\u00bb width=\u00bb100%\u00bb max_width=\u00bb100%\u00bb custom_padding=\u00bb|15%||15%|false|true\u00bb global_colors_info=\u00bb{}\u00bb][et_pb_column type=\u00bb4_4&#8243; _builder_version=\u00bb4.21.0&#8243; _module_preset=\u00bbdefault\u00bb global_colors_info=\u00bb{}\u00bb][et_pb_text _builder_version=\u00bb4.21.0&#8243; _module_preset=\u00bbdefault\u00bb text_font=\u00bbPoppins|300|||||||\u00bb header_2_line_height=\u00bb1.2em\u00bb text_orientation=\u00bbcenter\u00bb custom_margin=\u00bb||||false|false\u00bb global_colors_info=\u00bb{}\u00bb]<\/p>\n<h2>\u00bfListo para emprender un viaje juntos?<br \/><span style=\"color: #96887b;\">Estamos deseando descubrir tus talentos.<\/span><\/h2>\n<p>[\/et_pb_text][\/et_pb_column][\/et_pb_row][\/et_pb_section]<\/p>\n","protected":false},"excerpt":{"rendered":"<p>Te est\u00e1bamos esperando.En Odealim, creemos en la fuerza de nuestros equipos para llevar a nuestra empresa al \u00e9xito. Buscamos personas motivadas y apasionadas que se unan a nuestros equipos y nos ayuden a construir nuestro futuro. Presentes en toda Francia a trav\u00e9s de nuestras distintas entidades , ofrecemos oportunidades profesionales gratificantes en un entorno de [&hellip;]<\/p>\n","protected":false},"author":2,"featured_media":0,"parent":0,"menu_order":0,"comment_status":"closed","ping_status":"closed","template":"","meta":{"_et_pb_use_builder":"on","_et_pb_old_content":"","_et_gb_content_width":"","footnotes":""},"folder":[],"class_list":["post-19296","page","type-page","status-publish","hentry"],"_links":{"self":[{"href":"https:\/\/groupe-odealim.com\/es\/wp-json\/wp\/v2\/pages\/19296","targetHints":{"allow":["GET"]}}],"collection":[{"href":"https:\/\/groupe-odealim.com\/es\/wp-json\/wp\/v2\/pages"}],"about":[{"href":"https:\/\/groupe-odealim.com\/es\/wp-json\/wp\/v2\/types\/page"}],"author":[{"embeddable":true,"href":"https:\/\/groupe-odealim.com\/es\/wp-json\/wp\/v2\/users\/2"}],"replies":[{"embeddable":true,"href":"https:\/\/groupe-odealim.com\/es\/wp-json\/wp\/v2\/comments?post=19296"}],"version-history":[{"count":3,"href":"https:\/\/groupe-odealim.com\/es\/wp-json\/wp\/v2\/pages\/19296\/revisions"}],"predecessor-version":[{"id":19299,"href":"https:\/\/groupe-odealim.com\/es\/wp-json\/wp\/v2\/pages\/19296\/revisions\/19299"}],"wp:attachment":[{"href":"https:\/\/groupe-odealim.com\/es\/wp-json\/wp\/v2\/media?parent=19296"}],"wp:term":[{"taxonomy":"folder","embeddable":true,"href":"https:\/\/groupe-odealim.com\/es\/wp-json\/wp\/v2\/folder?post=19296"}],"curies":[{"name":"wp","href":"https:\/\/api.w.org\/{rel}","templated":true}]}}