{"id":19284,"date":"2023-08-08T10:50:01","date_gmt":"2023-08-08T08:50:01","guid":{"rendered":"https:\/\/groupe-odealim.com\/seguro-de-prestamo\/"},"modified":"2026-02-26T10:34:15","modified_gmt":"2026-02-26T09:34:15","slug":"seguro-de-prestamo","status":"publish","type":"page","link":"https:\/\/groupe-odealim.com\/es\/seguro-de-prestamo\/","title":{"rendered":"Seguro de pr\u00e9stamo"},"content":{"rendered":"<p>[et_pb_section fb_built=\u00bb1&#8243; _builder_version=\u00bb4.21.0&#8243; _module_preset=\u00bbdefault\u00bb global_colors_info=\u00bb{}\u00bb][et_pb_row column_structure=\u00bb1_2,1_2&#8243; _builder_version=\u00bb4.21.0&#8243; _module_preset=\u00bbdefault\u00bb max_width=\u00bb1125px\u00bb custom_margin=\u00bb30px||100px||false|false\u00bb global_colors_info=\u00bb{}\u00bb][et_pb_column type=\u00bb1_2&#8243; _builder_version=\u00bb4.21.0&#8243; _module_preset=\u00bbdefault\u00bb global_colors_info=\u00bb{}\u00bb][et_pb_text _builder_version=\u00bb4.21.0&#8243; _module_preset=\u00bbdefault\u00bb header_2_font=\u00bbPoppins|700|||||||\u00bb header_2_font_size=\u00bb33px\u00bb header_2_line_height=\u00bb1.2em\u00bb header_2_font_size_tablet=\u00bb33px\u00bb header_2_font_size_phone=\u00bb24px\u00bb header_2_font_size_last_edited=\u00bbon|phone\u00bb global_colors_info=\u00bb{}\u00bb]<\/p>\n<h2>La Divisi\u00f3n de Seguros<br \/>en pocas palabras<\/h2>\n<p>[\/et_pb_text][\/et_pb_column][et_pb_column type=\u00bb1_2&#8243; _builder_version=\u00bb4.21.0&#8243; _module_preset=\u00bbdefault\u00bb global_colors_info=\u00bb{}\u00bb][et_pb_text _builder_version=\u00bb4.21.0&#8243; _module_preset=\u00bbdefault\u00bb text_font=\u00bbPoppins|300|||||||\u00bb text_text_color=\u00bb#000000&#8243; text_font_size=\u00bb16px\u00bb header_2_font=\u00bbPoppins||||||||\u00bb global_colors_info=\u00bb{}\u00bb]<\/p>\n<p>Son expertos en seguros de pr\u00e9stamo vivienda y protecci\u00f3n personal, y ofrecen soluciones adaptadas a cada proyecto o perfil, incluso los m\u00e1s complejos.<\/p>\n<p>Sus puntos fuertes: soluciones digitales innovadoras, procesos sencillos y directos, asistencia a medida y equipos de gesti\u00f3n de contratos de primera clase.<\/p>\n<p>&nbsp;<\/p>\n<p>[\/et_pb_text][\/et_pb_column][\/et_pb_row][et_pb_row _builder_version=\u00bb4.21.0&#8243; _module_preset=\u00bbdefault\u00bb custom_margin=\u00bb||40px||false|false\u00bb global_colors_info=\u00bb{}\u00bb][et_pb_column type=\u00bb4_4&#8243; _builder_version=\u00bb4.21.0&#8243; _module_preset=\u00bbdefault\u00bb global_colors_info=\u00bb{}\u00bb][et_pb_text _builder_version=\u00bb4.21.0&#8243; _module_preset=\u00bbdefault\u00bb text_font=\u00bbPoppins|300|||||||\u00bb text_text_color=\u00bb#000000&#8243; text_font_size=\u00bb20px\u00bb text_line_height=\u00bb1.4em\u00bb header_2_font=\u00bbPoppins||||||||\u00bb text_orientation=\u00bbcenter\u00bb global_colors_info=\u00bb{}\u00bb]<\/p>\n<p>Compuesta por <strong>5 grandes marcas<\/strong>, la divisi\u00f3n de Seguros de Pr\u00e9stamos y Protecci\u00f3n Personal ofrece toda su experiencia en BtoB, BtoBtoC y BtoC.  <\/p>\n<p>[\/et_pb_text][et_pb_text _builder_version=\u00bb4.21.0&#8243; _module_preset=\u00bbdefault\u00bb text_font=\u00bbPoppins|300|||||||\u00bb text_text_color=\u00bb#000000&#8243; text_font_size=\u00bb44px\u00bb text_line_height=\u00bb1.4em\u00bb header_2_font=\u00bbPoppins||||||||\u00bb text_orientation=\u00bbcenter\u00bb global_colors_info=\u00bb{}\u00bb]<\/p>\n<p><strong>N\u00ba 3<\/strong> en seguros de pr\u00e9stamos<\/p>\n<p>[\/et_pb_text][\/et_pb_column][\/et_pb_row][et_pb_row column_structure=\u00bb1_5,1_5,1_5,1_5,1_5&#8243; custom_padding_last_edited=\u00bbon|phone\u00bb _builder_version=\u00bb4.21.0&#8243; _module_preset=\u00bbdefault\u00bb width=\u00bb100%\u00bb max_width=\u00bb1583px\u00bb custom_padding=\u00bb||90px||false|false\u00bb custom_padding_tablet=\u00bb||90px||false|false\u00bb custom_padding_phone=\u00bb|100px|90px|100px|false|true\u00bb global_colors_info=\u00bb{}\u00bb][et_pb_column type=\u00bb1_5&#8243; _builder_version=\u00bb4.21.0&#8243; _module_preset=\u00bbdefault\u00bb global_colors_info=\u00bb{}\u00bb][et_pb_image src=\u00bbhttps:\/\/groupe-odealim.com\/wp-content\/uploads\/2026\/02\/logo_mediverif_noir-removebg-preview.png\u00bb title_text=\u00bblogo_mediverif_noir-removebg-preview\u00bb url=\u00bb@ET-DC@eyJkeW5hbWljIjp0cnVlLCJjb250ZW50IjoicG9zdF9saW5rX3VybF9wYWdlIiwic2V0dGluZ3MiOnsicG9zdF9pZCI6IjQzNSJ9fQ==@\u00bb _builder_version=\u00bb4.21.0&#8243; _dynamic_attributes=\u00bburl\u00bb _module_preset=\u00bbdefault\u00bb hover_enabled=\u00bb0&#8243; global_colors_info=\u00bb{}\u00bb alt=\u00bbLogo Mediverif\u00bb sticky_enabled=\u00bb0&#8243;][\/et_pb_image][\/et_pb_column][et_pb_column type=\u00bb1_5&#8243; _builder_version=\u00bb4.21.0&#8243; _module_preset=\u00bbdefault\u00bb global_colors_info=\u00bb{}\u00bb][et_pb_image src=\u00bbhttp:\/\/groupe-odealim.com\/wp-content\/uploads\/2023\/08\/logo-DI.png\u00bb title_text=\u00bblogo-DI\u00bb url=\u00bb@ET-DC@eyJkeW5hbWljIjp0cnVlLCJjb250ZW50IjoicG9zdF9saW5rX3VybF9wYWdlIiwic2V0dGluZ3MiOnsicG9zdF9pZCI6IjQzNSJ9fQ==@\u00bb _builder_version=\u00bb4.21.0&#8243; _dynamic_attributes=\u00bburl\u00bb _module_preset=\u00bbdefault\u00bb global_colors_info=\u00bb{}\u00bb][\/et_pb_image][\/et_pb_column][et_pb_column type=\u00bb1_5&#8243; _builder_version=\u00bb4.21.0&#8243; _module_preset=\u00bbdefault\u00bb global_colors_info=\u00bb{}\u00bb][et_pb_image src=\u00bbhttps:\/\/groupe-odealim.com\/wp-content\/uploads\/2026\/02\/logo_lac_noir-removebg-preview.png\u00bb title_text=\u00bblogo_lac_noir-removebg-preview\u00bb url=\u00bb@ET-DC@eyJkeW5hbWljIjp0cnVlLCJjb250ZW50IjoicG9zdF9saW5rX3VybF9wYWdlIiwic2V0dGluZ3MiOnsicG9zdF9pZCI6IjQ1MCJ9fQ==@\u00bb _builder_version=\u00bb4.21.0&#8243; _dynamic_attributes=\u00bburl\u00bb _module_preset=\u00bbdefault\u00bb hover_enabled=\u00bb0&#8243; global_colors_info=\u00bb{}\u00bb alt=\u00bbLa aseguradora de cr\u00e9dito\u00bb sticky_enabled=\u00bb0&#8243;][\/et_pb_image][\/et_pb_column][et_pb_column type=\u00bb1_5&#8243; _builder_version=\u00bb4.21.0&#8243; _module_preset=\u00bbdefault\u00bb global_colors_info=\u00bb{}\u00bb][et_pb_image src=\u00bbhttp:\/\/groupe-odealim.com\/wp-content\/uploads\/2023\/08\/logo-valorama.png\u00bb title_text=\u00bblogo-valorama\u00bb url=\u00bb@ET-DC@eyJkeW5hbWljIjp0cnVlLCJjb250ZW50IjoicG9zdF9saW5rX3VybF9wYWdlIiwic2V0dGluZ3MiOnsicG9zdF9pZCI6IjQ2MyJ9fQ==@\u00bb _builder_version=\u00bb4.21.0&#8243; _dynamic_attributes=\u00bburl\u00bb _module_preset=\u00bbdefault\u00bb global_colors_info=\u00bb{}\u00bb][\/et_pb_image][\/et_pb_column][et_pb_column type=\u00bb1_5&#8243; _builder_version=\u00bb4.21.0&#8243; _module_preset=\u00bbdefault\u00bb global_colors_info=\u00bb{}\u00bb][et_pb_image src=\u00bbhttps:\/\/groupe-odealim.com\/wp-content\/uploads\/2026\/02\/logo-cipse_noir.png\u00bb title_text=\u00bblogo-cipse_noir\u00bb url=\u00bb@ET-DC@eyJkeW5hbWljIjp0cnVlLCJjb250ZW50IjoicG9zdF9saW5rX3VybF9wYWdlIiwic2V0dGluZ3MiOnsicG9zdF9pZCI6IjQzNSJ9fQ==@\u00bb _builder_version=\u00bb4.21.0&#8243; _dynamic_attributes=\u00bburl\u00bb _module_preset=\u00bbdefault\u00bb hover_enabled=\u00bb0&#8243; global_colors_info=\u00bb{}\u00bb alt=\u00bbCipse\u00bb sticky_enabled=\u00bb0&#8243;][\/et_pb_image][\/et_pb_column][\/et_pb_row][\/et_pb_section]<\/p>\n","protected":false},"excerpt":{"rendered":"<p>La Divisi\u00f3n de Segurosen pocas palabrasSon expertos en seguros de pr\u00e9stamo vivienda y protecci\u00f3n personal, y ofrecen soluciones adaptadas a cada proyecto o perfil, incluso los m\u00e1s complejos. Sus puntos fuertes: soluciones digitales innovadoras, procesos sencillos y directos, asistencia a medida y equipos de gesti\u00f3n de contratos de primera clase. &nbsp;Compuesta por 5 grandes marcas, [&hellip;]<\/p>\n","protected":false},"author":2,"featured_media":0,"parent":0,"menu_order":0,"comment_status":"closed","ping_status":"closed","template":"","meta":{"_et_pb_use_builder":"on","_et_pb_old_content":"","_et_gb_content_width":"","footnotes":""},"folder":[4],"class_list":["post-19284","page","type-page","status-publish","hentry"],"_links":{"self":[{"href":"https:\/\/groupe-odealim.com\/es\/wp-json\/wp\/v2\/pages\/19284","targetHints":{"allow":["GET"]}}],"collection":[{"href":"https:\/\/groupe-odealim.com\/es\/wp-json\/wp\/v2\/pages"}],"about":[{"href":"https:\/\/groupe-odealim.com\/es\/wp-json\/wp\/v2\/types\/page"}],"author":[{"embeddable":true,"href":"https:\/\/groupe-odealim.com\/es\/wp-json\/wp\/v2\/users\/2"}],"replies":[{"embeddable":true,"href":"https:\/\/groupe-odealim.com\/es\/wp-json\/wp\/v2\/comments?post=19284"}],"version-history":[{"count":5,"href":"https:\/\/groupe-odealim.com\/es\/wp-json\/wp\/v2\/pages\/19284\/revisions"}],"predecessor-version":[{"id":20020,"href":"https:\/\/groupe-odealim.com\/es\/wp-json\/wp\/v2\/pages\/19284\/revisions\/20020"}],"wp:attachment":[{"href":"https:\/\/groupe-odealim.com\/es\/wp-json\/wp\/v2\/media?parent=19284"}],"wp:term":[{"taxonomy":"folder","embeddable":true,"href":"https:\/\/groupe-odealim.com\/es\/wp-json\/wp\/v2\/folder?post=19284"}],"curies":[{"name":"wp","href":"https:\/\/api.w.org\/{rel}","templated":true}]}}