{"id":19276,"date":"2023-08-01T15:19:00","date_gmt":"2023-08-01T13:19:00","guid":{"rendered":"https:\/\/groupe-odealim.com\/seguros-inmobiliarios-y-de-construccion\/"},"modified":"2026-02-26T10:07:53","modified_gmt":"2026-02-26T09:07:53","slug":"seguros-inmobiliarios-y-de-construccion","status":"publish","type":"page","link":"https:\/\/groupe-odealim.com\/es\/seguros-inmobiliarios-y-de-construccion\/","title":{"rendered":"Seguros inmobiliarios y de construcci\u00f3n"},"content":{"rendered":"<p>[et_pb_section fb_built=\u00bb1&#8243; custom_padding_last_edited=\u00bbon|phone\u00bb _builder_version=\u00bb4.21.0&#8243; _module_preset=\u00bbdefault\u00bb custom_padding_tablet=\u00bb\u00bb custom_padding_phone=\u00bb|50px||50px|false|true\u00bb global_colors_info=\u00bb{}\u00bb][et_pb_row column_structure=\u00bb1_2,1_2&#8243; _builder_version=\u00bb4.21.0&#8243; _module_preset=\u00bbdefault\u00bb max_width=\u00bb1125px\u00bb custom_margin=\u00bb30px||100px||false|false\u00bb global_colors_info=\u00bb{}\u00bb][et_pb_column type=\u00bb1_2&#8243; _builder_version=\u00bb4.21.0&#8243; _module_preset=\u00bbdefault\u00bb global_colors_info=\u00bb{}\u00bb][et_pb_text _builder_version=\u00bb4.21.0&#8243; _module_preset=\u00bbdefault\u00bb header_2_font=\u00bbPoppins|700|||||||\u00bb header_2_font_size=\u00bb33px\u00bb header_2_line_height=\u00bb1.2em\u00bb header_2_font_size_tablet=\u00bb33px\u00bb header_2_font_size_phone=\u00bb24px\u00bb header_2_font_size_last_edited=\u00bbon|phone\u00bb global_colors_info=\u00bb{}\u00bb]<\/p>\n<h2>La Divisi\u00f3n de Seguros<br \/>Propiedad y Construcci\u00f3n<br \/>En pocas palabras<\/h2>\n<p>[\/et_pb_text][\/et_pb_column][et_pb_column type=\u00bb1_2&#8243; _builder_version=\u00bb4.21.0&#8243; _module_preset=\u00bbdefault\u00bb global_colors_info=\u00bb{}\u00bb][et_pb_text _builder_version=\u00bb4.21.0&#8243; _module_preset=\u00bbdefault\u00bb text_font=\u00bbPoppins|300|||||||\u00bb text_text_color=\u00bb#000000&#8243; text_font_size=\u00bb16px\u00bb header_2_font=\u00bbPoppins||||||||\u00bb global_colors_info=\u00bb{}\u00bb]Es una agrupaci\u00f3n de varias corredur\u00edas, todas ellas especializadas en seguros inmobiliarios.  <\/p>\n<p>Su misi\u00f3n es dise\u00f1ar, distribuir y gestionar productos de seguros para administradores de fincas, empresas inmobiliarias, inversores institucionales, promotores, propietarios, concesionarios inmobiliarios, oficinas de dise\u00f1o, copropiedades, arrendadores, inquilinos y compradores por primera vez.[\/et_pb_text][\/et_pb_column][\/et_pb_row][et_pb_row _builder_version=\u00bb4.21.0&#8243; _module_preset=\u00bbdefault\u00bb custom_margin=\u00bb||40px||false|false\u00bb global_colors_info=\u00bb{}\u00bb][et_pb_column type=\u00bb4_4&#8243; _builder_version=\u00bb4.21.0&#8243; _module_preset=\u00bbdefault\u00bb global_colors_info=\u00bb{}\u00bb][et_pb_text _builder_version=\u00bb4.21.0&#8243; _module_preset=\u00bbdefault\u00bb text_font=\u00bbPoppins|300|||||||\u00bb text_text_color=\u00bb#000000&#8243; text_font_size=\u00bb20px\u00bb text_line_height=\u00bb1.4em\u00bb header_2_font=\u00bbPoppins||||||||\u00bb text_orientation=\u00bbcenter\u00bb global_colors_info=\u00bb{}\u00bb]<\/p>\n<p>Compuesta por <strong>6 grandes marcas<\/strong>, la divisi\u00f3n AIC ofrece una gama diversificada de productos<br \/>a nuestros clientes gracias a una gama de los mejores servicios y garant\u00edas.<\/p>\n<p>[\/et_pb_text][et_pb_text _builder_version=\u00bb4.21.0&#8243; _module_preset=\u00bbdefault\u00bb text_font=\u00bbPoppins|300|||||||\u00bb text_text_color=\u00bb#000000&#8243; text_font_size=\u00bb44px\u00bb text_line_height=\u00bb1.4em\u00bb header_2_font=\u00bbPoppins||||||||\u00bb text_orientation=\u00bbcenter\u00bb global_colors_info=\u00bb{}\u00bb]<\/p>\n<p><strong>N\u00ba 1<\/strong> en MRI y GLI<\/p>\n<p>[\/et_pb_text][\/et_pb_column][\/et_pb_row][et_pb_row column_structure=\u00bb1_6,1_6,1_6,1_6,1_6,1_6&#8243; custom_padding_last_edited=\u00bbon|phone\u00bb _builder_version=\u00bb4.21.0&#8243; _module_preset=\u00bbdefault\u00bb width=\u00bb100%\u00bb max_width=\u00bb1583px\u00bb custom_padding=\u00bb||90px||false|false\u00bb custom_padding_tablet=\u00bb||90px||false|false\u00bb custom_padding_phone=\u00bb|60px||60px|false|true\u00bb global_colors_info=\u00bb{}\u00bb][et_pb_column type=\u00bb1_6&#8243; _builder_version=\u00bb4.21.0&#8243; _module_preset=\u00bbdefault\u00bb global_colors_info=\u00bb{}\u00bb][et_pb_image src=\u00bbhttp:\/\/groupe-odealim.com\/wp-content\/uploads\/2023\/08\/Plan-de-travail-1@3x.png\u00bb title_text=\u00bb1@3x encimera\u00bb url=\u00bb@ET-DC@eyJkeW5hbWljIjp0cnVlLCJjb250ZW50IjoicG9zdF9saW5rX3VybF9wYWdlIiwic2V0dGluZ3MiOnsicG9zdF9pZCI6IjUyIn19@\u00bb _builder_version=\u00bb4.21.0&#8243; _dynamic_attributes=\u00bburl\u00bb _module_preset=\u00bbdefault\u00bb global_colors_info=\u00bb{}\u00bb][\/et_pb_image][\/et_pb_column][et_pb_column type=\u00bb1_6&#8243; _builder_version=\u00bb4.21.0&#8243; _module_preset=\u00bbdefault\u00bb global_colors_info=\u00bb{}\u00bb][et_pb_image src=\u00bbhttp:\/\/groupe-odealim.com\/wp-content\/uploads\/2023\/08\/Plan-de-travail-3@3x.png\u00bb title_text=\u00bbEncimera 3@3x\u00bb url=\u00bb@ET-DC@eyJkeW5hbWljIjp0cnVlLCJjb250ZW50IjoicG9zdF9saW5rX3VybF9wYWdlIiwic2V0dGluZ3MiOnsicG9zdF9pZCI6IjI1NSJ9fQ==@\u00bb _builder_version=\u00bb4.21.0&#8243; _dynamic_attributes=\u00bburl\u00bb _module_preset=\u00bbdefault\u00bb global_colors_info=\u00bb{}\u00bb][\/et_pb_image][\/et_pb_column][et_pb_column type=\u00bb1_6&#8243; _builder_version=\u00bb4.21.0&#8243; _module_preset=\u00bbdefault\u00bb global_colors_info=\u00bb{}\u00bb][et_pb_image src=\u00bbhttp:\/\/groupe-odealim.com\/wp-content\/uploads\/2023\/08\/Plan-de-travail-4@3x.png\u00bb title_text=\u00bb4@3x encimera\u00bb url=\u00bb@ET-DC@eyJkeW5hbWljIjp0cnVlLCJjb250ZW50IjoicG9zdF9saW5rX3VybF9wYWdlIiwic2V0dGluZ3MiOnsicG9zdF9pZCI6IjIyNiJ9fQ==@\u00bb _builder_version=\u00bb4.21.0&#8243; _dynamic_attributes=\u00bburl\u00bb _module_preset=\u00bbdefault\u00bb global_colors_info=\u00bb{}\u00bb][\/et_pb_image][\/et_pb_column][et_pb_column type=\u00bb1_6&#8243; _builder_version=\u00bb4.21.0&#8243; _module_preset=\u00bbdefault\u00bb global_colors_info=\u00bb{}\u00bb][et_pb_image src=\u00bbhttp:\/\/groupe-odealim.com\/wp-content\/uploads\/2023\/08\/Plan-de-travail-5@3x.png\u00bb title_text=\u00bb5@3x encimera\u00bb url=\u00bb@ET-DC@eyJkeW5hbWljIjp0cnVlLCJjb250ZW50IjoicG9zdF9saW5rX3VybF9wYWdlIiwic2V0dGluZ3MiOnsicG9zdF9pZCI6IjE1MiJ9fQ==@\u00bb _builder_version=\u00bb4.21.0&#8243; _dynamic_attributes=\u00bburl\u00bb _module_preset=\u00bbdefault\u00bb global_colors_info=\u00bb{}\u00bb][\/et_pb_image][\/et_pb_column][et_pb_column _builder_version=\u00bb4.21.0&#8243; _module_preset=\u00bbdefault\u00bb type=\u00bb1_6&#8243;][et_pb_image src=\u00bbhttps:\/\/groupe-odealim.com\/wp-content\/uploads\/2026\/02\/logo_assurimo_noir-removebg-preview.png\u00bb title_text=\u00bblogo_assurimo_noir-removebg-preview\u00bb url=\u00bb@ET-DC@eyJkeW5hbWljIjp0cnVlLCJjb250ZW50IjoicG9zdF9saW5rX3VybF9wYWdlIiwic2V0dGluZ3MiOnsicG9zdF9pZCI6IjE1MiJ9fQ==@\u00bb _builder_version=\u00bb4.21.0&#8243; _dynamic_attributes=\u00bburl\u00bb _module_preset=\u00bbdefault\u00bb hover_enabled=\u00bb0&#8243; global_colors_info=\u00bb{}\u00bb alt=\u00bbLogotipo de Assur imo\u00bb sticky_enabled=\u00bb0&#8243;][\/et_pb_image][\/et_pb_column][et_pb_column type=\u00bb1_6&#8243; _builder_version=\u00bb4.21.0&#8243; _module_preset=\u00bbdefault\u00bb global_colors_info=\u00bb{}\u00bb][et_pb_image src=\u00bbhttp:\/\/groupe-odealim.com\/wp-content\/uploads\/2023\/08\/Plan-de-travail-6@3x.png\u00bb title_text=\u00bb6@3x encimera\u00bb url=\u00bb@ET-DC@eyJkeW5hbWljIjp0cnVlLCJjb250ZW50IjoicG9zdF9saW5rX3VybF9wYWdlIiwic2V0dGluZ3MiOnsicG9zdF9pZCI6IjI2OSJ9fQ==@\u00bb _builder_version=\u00bb4.21.0&#8243; _dynamic_attributes=\u00bburl\u00bb _module_preset=\u00bbdefault\u00bb global_colors_info=\u00bb{}\u00bb][\/et_pb_image][\/et_pb_column][\/et_pb_row][\/et_pb_section]<\/p>\n","protected":false},"excerpt":{"rendered":"<p>La Divisi\u00f3n de SegurosPropiedad y Construcci\u00f3nEn pocas palabrasEs una agrupaci\u00f3n de varias corredur\u00edas, todas ellas especializadas en seguros inmobiliarios. Su misi\u00f3n es dise\u00f1ar, distribuir y gestionar productos de seguros para administradores de fincas, empresas inmobiliarias, inversores institucionales, promotores, propietarios, concesionarios inmobiliarios, oficinas de dise\u00f1o, copropiedades, arrendadores, inquilinos y compradores por primera vez.Compuesta por 6 grandes [&hellip;]<\/p>\n","protected":false},"author":2,"featured_media":0,"parent":0,"menu_order":0,"comment_status":"closed","ping_status":"closed","template":"","meta":{"_et_pb_use_builder":"on","_et_pb_old_content":"","_et_gb_content_width":"","footnotes":""},"folder":[4],"class_list":["post-19276","page","type-page","status-publish","hentry"],"_links":{"self":[{"href":"https:\/\/groupe-odealim.com\/es\/wp-json\/wp\/v2\/pages\/19276","targetHints":{"allow":["GET"]}}],"collection":[{"href":"https:\/\/groupe-odealim.com\/es\/wp-json\/wp\/v2\/pages"}],"about":[{"href":"https:\/\/groupe-odealim.com\/es\/wp-json\/wp\/v2\/types\/page"}],"author":[{"embeddable":true,"href":"https:\/\/groupe-odealim.com\/es\/wp-json\/wp\/v2\/users\/2"}],"replies":[{"embeddable":true,"href":"https:\/\/groupe-odealim.com\/es\/wp-json\/wp\/v2\/comments?post=19276"}],"version-history":[{"count":15,"href":"https:\/\/groupe-odealim.com\/es\/wp-json\/wp\/v2\/pages\/19276\/revisions"}],"predecessor-version":[{"id":19963,"href":"https:\/\/groupe-odealim.com\/es\/wp-json\/wp\/v2\/pages\/19276\/revisions\/19963"}],"wp:attachment":[{"href":"https:\/\/groupe-odealim.com\/es\/wp-json\/wp\/v2\/media?parent=19276"}],"wp:term":[{"taxonomy":"folder","embeddable":true,"href":"https:\/\/groupe-odealim.com\/es\/wp-json\/wp\/v2\/folder?post=19276"}],"curies":[{"name":"wp","href":"https:\/\/api.w.org\/{rel}","templated":true}]}}