{"id":19272,"date":"2023-08-01T15:18:06","date_gmt":"2023-08-01T13:18:06","guid":{"rendered":"https:\/\/groupe-odealim.com\/odealim\/"},"modified":"2026-02-26T10:11:59","modified_gmt":"2026-02-26T09:11:59","slug":"odealim","status":"publish","type":"page","link":"https:\/\/groupe-odealim.com\/es\/seguros-inmobiliarios-y-de-construccion\/odealim\/","title":{"rendered":"Odealim"},"content":{"rendered":"<p>[et_pb_section fb_built=\u00bb1&#8243; _builder_version=\u00bb4.21.0&#8243; _module_preset=\u00bbdefault\u00bb custom_margin=\u00bb0px||0px||true|false\u00bb custom_padding=\u00bb0px||0px||true|false\u00bb global_colors_info=\u00bb{}\u00bb][et_pb_row column_structure=\u00bb1_3,1_3,1_3&#8243; use_custom_gutter=\u00bbon\u00bb gutter_width=\u00bb1&#8243; make_equal=\u00bbon\u00bb _builder_version=\u00bb4.21.0&#8243; _module_preset=\u00bbdefault\u00bb width=\u00bb100%\u00bb max_width=\u00bb2560px\u00bb custom_margin=\u00bb||||false|false\u00bb custom_padding=\u00bb0px||0px||true|false\u00bb global_colors_info=\u00bb{}\u00bb][et_pb_column type=\u00bb1_3&#8243; _builder_version=\u00bb4.21.0&#8243; _module_preset=\u00bbdefault\u00bb background_image=\u00bbhttp:\/\/groupe-odealim.com\/wp-content\/uploads\/2023\/08\/visuel-1-odealim.jpg\u00bb custom_padding=\u00bb||||false|false\u00bb custom_padding_tablet=\u00bb||||false|false\u00bb custom_padding_phone=\u00bb300px||300px||true|true\u00bb custom_padding_last_edited=\u00bbon|phone\u00bb custom_css_main_element=\u00bbwidth: 50%!important;\u00bb global_colors_info=\u00bb{}\u00bb custom_css_main_element_last_edited=\u00bbon|phone\u00bb custom_css_main_element_phone=\u00bb\/\u00bb custom_css_main_element_tablet=\u00bbwidth: 50%!important;\u00bb transform_styles__hover_enabled=\u00bboff|desktop\u00bb transform_scale__hover_enabled=\u00bboff|desktop\u00bb transform_translate__hover_enabled=\u00bboff|desktop\u00bb transform_rotate__hover_enabled=\u00bboff|desktop\u00bb transform_skew__hover_enabled=\u00bboff|desktop\u00bb transform_origin__hover_enabled=\u00bboff|desktop\u00bb transform_scale__hover=\u00bb103%|103%\u00bb][\/et_pb_column][et_pb_column type=\u00bb1_3&#8243; _builder_version=\u00bb4.21.0&#8243; _module_preset=\u00bbdefault\u00bb background_color=\u00bb#501b3f\u00bb global_colors_info=\u00bb{}\u00bb][et_pb_text _builder_version=\u00bb4.21.0&#8243; _module_preset=\u00bbdefault\u00bb text_font=\u00bbPoppins|300|||||||\u00bb text_text_color=\u00bb#FFFFFF\u00bb text_font_size=\u00bb18px\u00bb text_line_height=\u00bb1.2em\u00bb header_2_font=\u00bbPoppins||||||||\u00bb header_2_text_color=\u00bb#FFFFFF\u00bb header_2_line_height=\u00bb1.2em\u00bb custom_padding=\u00bb110px|120px|110px|120px|true|true\u00bb custom_padding_tablet=\u00bb150px|120px|150px|120px|true|true\u00bb custom_padding_phone=\u00bb100px|60px|100px|60px|true|true\u00bb custom_padding_last_edited=\u00bbon|phone\u00bb global_colors_info=\u00bb{}\u00bb]<\/p>\n<h2 class=\"p1\">ODEALIM incluye Assurcopro, Assurg\u00e9rance, Bac, Brun, B\u00e2ti-Assure, CGR, Courtage de France, Fidentialp, Insor, <o:p><\/o:p>Interassurances, JBL Courtage, JBSA, Pisano y Ripert de Grissac.<\/h2>\n<p class=\"p2\">\n<p class=\"p2\">\n<p class=\"p2\">\n<p class=\"p2\">Reunir estas distintas empresas bajo una sola marca e identidad nos permitir\u00e1 consolidar nuestra posici\u00f3n y afirmar nuestra experiencia como corredor de seguros especializado en inmuebles y construcci\u00f3n.<span class=\"apple-converted-space\"> <\/span><o:p><\/o:p><\/p>\n<p class=\"p3\">Cada empresa es especialista en su campo, lo que le permite ofrecer toda la gama de soluciones existentes a los profesionales inmobiliarios y de la construcci\u00f3n, tanto para sus propias actividades como para sus clientes.<span class=\"apple-converted-space\"> <\/span><\/p>\n<p>[\/et_pb_text][et_pb_image src=\u00bbhttp:\/\/groupe-odealim.com\/wp-content\/uploads\/2023\/08\/visuel-3.jpg\u00bb title_text=\u00bbvisual-3&#8243; align=\u00bbcenter\u00bb _builder_version=\u00bb4.21.0&#8243; _module_preset=\u00bbdefault\u00bb global_colors_info=\u00bb{}\u00bb transform_styles__hover_enabled=\u00bboff|desktop\u00bb transform_scale__hover_enabled=\u00bboff|desktop\u00bb transform_translate__hover_enabled=\u00bboff|desktop\u00bb transform_rotate__hover_enabled=\u00bboff|desktop\u00bb transform_skew__hover_enabled=\u00bboff|desktop\u00bb transform_origin__hover_enabled=\u00bboff|desktop\u00bb transform_scale__hover=\u00bb103%|103%\u00bb][\/et_pb_image][\/et_pb_column][et_pb_column type=\u00bb1_3&#8243; _builder_version=\u00bb4.21.0&#8243; _module_preset=\u00bbdefault\u00bb background_color=\u00bb#ef7b3b\u00bb global_colors_info=\u00bb{}\u00bb][et_pb_image src=\u00bbhttp:\/\/groupe-odealim.com\/wp-content\/uploads\/2023\/08\/visuel-2-odealim.jpg\u00bb title_text=\u00bbvisual-2-odealim\u00bb _builder_version=\u00bb4.21.0&#8243; _module_preset=\u00bbdefault\u00bb transform_scale_last_edited=\u00bboff|desktop\u00bb transform_translate_last_edited=\u00bboff|desktop\u00bb transform_rotate_last_edited=\u00bboff|desktop\u00bb transform_skew_last_edited=\u00bboff|desktop\u00bb transform_origin_last_edited=\u00bboff|desktop\u00bb transform_styles_last_edited=\u00bboff|desktop\u00bb global_colors_info=\u00bb{}\u00bb transform_styles__hover_enabled=\u00bboff|desktop\u00bb transform_scale__hover_enabled=\u00bboff|desktop\u00bb transform_translate__hover_enabled=\u00bboff|desktop\u00bb transform_rotate__hover_enabled=\u00bboff|desktop\u00bb transform_skew__hover_enabled=\u00bboff|desktop\u00bb transform_origin__hover_enabled=\u00bboff|desktop\u00bb transform_scale__hover=\u00bb103%|103%\u00bb][\/et_pb_image][et_pb_text _builder_version=\u00bb4.21.0&#8243; _module_preset=\u00bbdefault\u00bb text_font=\u00bbPoppins|300|||||||\u00bb text_text_color=\u00bb#FFFFFF\u00bb text_font_size=\u00bb18px\u00bb text_line_height=\u00bb1.2em\u00bb header_2_font=\u00bbPoppins||||||||\u00bb header_2_text_color=\u00bb#FFFFFF\u00bb header_2_line_height=\u00bb1.2em\u00bb custom_padding=\u00bb100px|70px|100px|70px|true|true\u00bb global_colors_info=\u00bb{}\u00bb]<\/p>\n<p style=\"font-weight: 400;\">En los seguros de edificios (multirriesgo inmobiliario, protecci\u00f3n jur\u00eddica, da\u00f1os a edificios), seg\u00fan los productos y las empresas, las empresas trabajan en r\u00e9gimen de delegaci\u00f3n parcial o total para la suscripci\u00f3n y la gesti\u00f3n de siniestros.<\/p>\n<p style=\"font-weight: 400;\">En la gesti\u00f3n de alquileres, y m\u00e1s concretamente en las soluciones de impago de alquileres, toda la cadena de suscripci\u00f3n y litigios est\u00e1 gestionada por los equipos de Odealim.<\/p>\n<p>[\/et_pb_text][\/et_pb_column][\/et_pb_row][\/et_pb_section][et_pb_section fb_built=\u00bb1&#8243; _builder_version=\u00bb4.21.0&#8243; _module_preset=\u00bbdefault\u00bb global_colors_info=\u00bb{}\u00bb][et_pb_row column_structure=\u00bb1_4,1_4,1_4,1_4&#8243; _builder_version=\u00bb4.21.0&#8243; _module_preset=\u00bbdefault\u00bb width=\u00bb100%\u00bb max_width=\u00bb1585px\u00bb global_colors_info=\u00bb{}\u00bb][et_pb_column type=\u00bb1_4&#8243; _builder_version=\u00bb4.21.0&#8243; _module_preset=\u00bbdefault\u00bb global_colors_info=\u00bb{}\u00bb][et_pb_text _builder_version=\u00bb4.21.0&#8243; _module_preset=\u00bbdefault\u00bb text_font=\u00bbPoppins|600|||||||\u00bb text_text_color=\u00bb#00a177&#8243; text_font_size=\u00bb26px\u00bb header_2_font=\u00bbPoppins|800|||||||\u00bb header_3_font=\u00bbPoppins|800|||||||\u00bb header_3_text_color=\u00bb#00a177&#8243; header_3_font_size=\u00bb65px\u00bb text_orientation=\u00bbcenter\u00bb text_font_size_tablet=\u00bb26px\u00bb text_font_size_phone=\u00bb23px\u00bb text_font_size_last_edited=\u00bbon|phone\u00bb header_3_font_size_tablet=\u00bb65px\u00bb header_3_font_size_phone=\u00bb55px\u00bb header_3_font_size_last_edited=\u00bbon|phone\u00bb global_colors_info=\u00bb{}\u00bb]<\/p>\n<h3>100 000<\/h3>\n<p>bienes en copropiedad asegurados<\/p>\n<p>[\/et_pb_text][\/et_pb_column][et_pb_column type=\u00bb1_4&#8243; _builder_version=\u00bb4.21.0&#8243; _module_preset=\u00bbdefault\u00bb global_colors_info=\u00bb{}\u00bb][et_pb_text _builder_version=\u00bb4.21.0&#8243; _module_preset=\u00bbdefault\u00bb text_font=\u00bbPoppins|600|||||||\u00bb text_text_color=\u00bb#df4113&#8243; text_font_size=\u00bb26px\u00bb header_2_font=\u00bbPoppins|800|||||||\u00bb header_3_font=\u00bbPoppins|800|||||||\u00bb header_3_text_color=\u00bb#df4113&#8243; header_3_font_size=\u00bb65px\u00bb text_orientation=\u00bbcenter\u00bb text_font_size_tablet=\u00bb26px\u00bb text_font_size_phone=\u00bb23px\u00bb text_font_size_last_edited=\u00bbon|phone\u00bb header_3_font_size_tablet=\u00bb65px\u00bb header_3_font_size_phone=\u00bb55px\u00bb header_3_font_size_last_edited=\u00bbon|phone\u00bb global_colors_info=\u00bb{}\u00bb]<\/p>\n<h3>225 000<\/h3>\n<p>Lotes GLI<\/p>\n<p>[\/et_pb_text][\/et_pb_column][et_pb_column type=\u00bb1_4&#8243; _builder_version=\u00bb4.21.0&#8243; _module_preset=\u00bbdefault\u00bb global_colors_info=\u00bb{}\u00bb][et_pb_text _builder_version=\u00bb4.21.0&#8243; _module_preset=\u00bbdefault\u00bb text_font=\u00bbPoppins|600|||||||\u00bb text_text_color=\u00bb#581642&#8243; text_font_size=\u00bb26px\u00bb header_2_font=\u00bbPoppins|800|||||||\u00bb header_3_font=\u00bbPoppins|800|||||||\u00bb header_3_text_color=\u00bb#581642&#8243; header_3_font_size=\u00bb65px\u00bb text_orientation=\u00bbcenter\u00bb text_font_size_tablet=\u00bb26px\u00bb text_font_size_phone=\u00bb23px\u00bb text_font_size_last_edited=\u00bbon|phone\u00bb header_3_font_size_tablet=\u00bb65px\u00bb header_3_font_size_phone=\u00bb55px\u00bb header_3_font_size_last_edited=\u00bbon|phone\u00bb global_colors_info=\u00bb{}\u00bb]<\/p>\n<h3>45 000<\/h3>\n<p>siniestros inmobiliarios gestionados al a\u00f1o<\/p>\n<p>[\/et_pb_text][\/et_pb_column][et_pb_column type=\u00bb1_4&#8243; _builder_version=\u00bb4.21.0&#8243; _module_preset=\u00bbdefault\u00bb global_colors_info=\u00bb{}\u00bb][et_pb_text _builder_version=\u00bb4.21.0&#8243; _module_preset=\u00bbdefault\u00bb text_font=\u00bbPoppins|600|||||||\u00bb text_text_color=\u00bb#47bfde\u00bb text_font_size=\u00bb26px\u00bb header_2_font=\u00bbPoppins|800|||||||\u00bb header_3_font=\u00bbPoppins|800|||||||\u00bb header_3_text_color=\u00bb#47bfde\u00bb header_3_font_size=\u00bb65px\u00bb text_orientation=\u00bbcenter\u00bb text_font_size_tablet=\u00bb26px\u00bb text_font_size_phone=\u00bb23px\u00bb text_font_size_last_edited=\u00bbon|phone\u00bb header_3_font_size_tablet=\u00bb65px\u00bb header_3_font_size_phone=\u00bb55px\u00bb header_3_font_size_last_edited=\u00bbon|phone\u00bb global_colors_info=\u00bb{}\u00bb]<\/p>\n<h3>2 200<\/h3>\n<p>Lugar de trabajo DO<\/p>\n<p>[\/et_pb_text][\/et_pb_column][\/et_pb_row][\/et_pb_section]<\/p>\n","protected":false},"excerpt":{"rendered":"<p>ODEALIM incluye Assurcopro, Assurg\u00e9rance, Bac, Brun, B\u00e2ti-Assure, CGR, Courtage de France, Fidentialp, Insor, Interassurances, JBL Courtage, JBSA, Pisano y Ripert de Grissac. Reunir estas distintas empresas bajo una sola marca e identidad nos permitir\u00e1 consolidar nuestra posici\u00f3n y afirmar nuestra experiencia como corredor de seguros especializado en inmuebles y construcci\u00f3n. Cada empresa es especialista en [&hellip;]<\/p>\n","protected":false},"author":2,"featured_media":0,"parent":19276,"menu_order":0,"comment_status":"closed","ping_status":"closed","template":"","meta":{"_et_pb_use_builder":"on","_et_pb_old_content":"","_et_gb_content_width":"","footnotes":""},"folder":[6],"class_list":["post-19272","page","type-page","status-publish","hentry"],"_links":{"self":[{"href":"https:\/\/groupe-odealim.com\/es\/wp-json\/wp\/v2\/pages\/19272","targetHints":{"allow":["GET"]}}],"collection":[{"href":"https:\/\/groupe-odealim.com\/es\/wp-json\/wp\/v2\/pages"}],"about":[{"href":"https:\/\/groupe-odealim.com\/es\/wp-json\/wp\/v2\/types\/page"}],"author":[{"embeddable":true,"href":"https:\/\/groupe-odealim.com\/es\/wp-json\/wp\/v2\/users\/2"}],"replies":[{"embeddable":true,"href":"https:\/\/groupe-odealim.com\/es\/wp-json\/wp\/v2\/comments?post=19272"}],"version-history":[{"count":9,"href":"https:\/\/groupe-odealim.com\/es\/wp-json\/wp\/v2\/pages\/19272\/revisions"}],"predecessor-version":[{"id":19975,"href":"https:\/\/groupe-odealim.com\/es\/wp-json\/wp\/v2\/pages\/19272\/revisions\/19975"}],"up":[{"embeddable":true,"href":"https:\/\/groupe-odealim.com\/es\/wp-json\/wp\/v2\/pages\/19276"}],"wp:attachment":[{"href":"https:\/\/groupe-odealim.com\/es\/wp-json\/wp\/v2\/media?parent=19272"}],"wp:term":[{"taxonomy":"folder","embeddable":true,"href":"https:\/\/groupe-odealim.com\/es\/wp-json\/wp\/v2\/folder?post=19272"}],"curies":[{"name":"wp","href":"https:\/\/api.w.org\/{rel}","templated":true}]}}