{"id":18889,"date":"2023-08-10T10:12:19","date_gmt":"2023-08-10T08:12:19","guid":{"rendered":"https:\/\/groupe-odealim.com\/loan-insurance\/valorama\/"},"modified":"2025-01-15T12:18:06","modified_gmt":"2025-01-15T11:18:06","slug":"valorama","status":"publish","type":"page","link":"https:\/\/groupe-odealim.com\/en\/loan-insurance\/valorama\/","title":{"rendered":"Valorama"},"content":{"rendered":"<p>[et_pb_section fb_built=&#8221;1&#8243; _builder_version=&#8221;4.21.0&#8243; _module_preset=&#8221;default&#8221; custom_margin=&#8221;0px||0px||true|false&#8221; custom_padding=&#8221;0px||0px||true|false&#8221; global_colors_info=&#8221;{}&#8221;][et_pb_row column_structure=&#8221;1_3,1_3,1_3&#8243; use_custom_gutter=&#8221;on&#8221; gutter_width=&#8221;1&#8243; make_equal=&#8221;on&#8221; _builder_version=&#8221;4.21.0&#8243; _module_preset=&#8221;default&#8221; width=&#8221;100%&#8221; max_width=&#8221;2560px&#8221; custom_margin=&#8221;||||false|false&#8221; custom_padding=&#8221;0px||0px||true|false&#8221; global_colors_info=&#8221;{}&#8221;][et_pb_column type=&#8221;1_3&#8243; _builder_version=&#8221;4.21.0&#8243; _module_preset=&#8221;default&#8221; background_image=&#8221;http:\/\/groupe-odealim.com\/wp-content\/uploads\/2023\/08\/VALORAMA-2.jpg&#8221; custom_padding=&#8221;||||false|false&#8221; custom_padding_tablet=&#8221;||||false|false&#8221; custom_padding_phone=&#8221;300px||300px||true|true&#8221; custom_padding_last_edited=&#8221;on|phone&#8221; custom_css_main_element=&#8221;width: 50%!important;&#8221; global_colors_info=&#8221;{}&#8221; custom_css_main_element_last_edited=&#8221;on|phone&#8221; custom_css_main_element_phone=&#8221;\/&#8221; custom_css_main_element_tablet=&#8221;width: 50%!important;&#8221; transform_styles__hover_enabled=&#8221;off|desktop&#8221; transform_scale__hover_enabled=&#8221;off|desktop&#8221; transform_translate__hover_enabled=&#8221;off|desktop&#8221; transform_rotate__hover_enabled=&#8221;off|desktop&#8221; transform_skew__hover_enabled=&#8221;off|desktop&#8221; transform_origin__hover_enabled=&#8221;off|desktop&#8221; transform_scale__hover=&#8221;103%|103%&#8221;][\/et_pb_column][et_pb_column type=&#8221;1_3&#8243; _builder_version=&#8221;4.21.0&#8243; _module_preset=&#8221;default&#8221; background_color=&#8221;#c02e47&#8243; global_colors_info=&#8221;{}&#8221;][et_pb_text _builder_version=&#8221;4.21.0&#8243; _module_preset=&#8221;default&#8221; text_font=&#8221;Poppins|300|||||||&#8221; text_text_color=&#8221;#FFFFFF&#8221; text_font_size=&#8221;18px&#8221; text_line_height=&#8221;1.2em&#8221; header_2_font=&#8221;Poppins||||||||&#8221; header_2_text_color=&#8221;#FFFFFF&#8221; header_2_line_height=&#8221;1.2em&#8221; custom_padding=&#8221;94px|120px|94px|120px|true|true&#8221; custom_padding_tablet=&#8221;150px|120px|150px|120px|true|true&#8221; custom_padding_phone=&#8221;100px|60px|100px|60px|true|true&#8221; custom_padding_last_edited=&#8221;on|phone&#8221; global_colors_info=&#8221;{}&#8221;]<\/p>\n<h2 class=\"p1\">Created in 2012, Valorama is a loan insurance broker aimed at non-French residents and French expatriates and more generally at special risks (high capital, aggravated health risk, &#8230;).<\/h2>\n<h2 class=\"p1\"><span class=\"apple-converted-space\"> <\/span><o:p><\/o:p><\/h2>\n<p class=\"p2\">Working closely with lending institutions, our expert advisors can help you set up loan insurance<br \/>at the best rates and with the best guarantees.  <\/p>\n<p class=\"p2\">Drawing on their experience and know-how in serving international investors and banks, our teams select the best contracts and ensure their implementation through a tailor-made service.  <\/p>\n<p>[\/et_pb_text][et_pb_image src=&#8221;http:\/\/groupe-odealim.com\/wp-content\/uploads\/2023\/08\/VALORAMA-3.jpg&#8221; title_text=&#8221;VALORAMA-3&#8243; align=&#8221;center&#8221; _builder_version=&#8221;4.21.0&#8243; _module_preset=&#8221;default&#8221; global_colors_info=&#8221;{}&#8221; transform_styles__hover_enabled=&#8221;off|desktop&#8221; transform_scale__hover_enabled=&#8221;off|desktop&#8221; transform_translate__hover_enabled=&#8221;off|desktop&#8221; transform_rotate__hover_enabled=&#8221;off|desktop&#8221; transform_skew__hover_enabled=&#8221;off|desktop&#8221; transform_origin__hover_enabled=&#8221;off|desktop&#8221; transform_scale__hover=&#8221;103%|103%&#8221;][\/et_pb_image][\/et_pb_column][et_pb_column type=&#8221;1_3&#8243; _builder_version=&#8221;4.21.0&#8243; _module_preset=&#8221;default&#8221; background_color=&#8221;#1a2044&#8243; global_colors_info=&#8221;{}&#8221;][et_pb_image src=&#8221;http:\/\/groupe-odealim.com\/wp-content\/uploads\/2023\/08\/VALORAMA-4.jpg&#8221; title_text=&#8221;VALORAMA-4&#8243; _builder_version=&#8221;4.21.0&#8243; _module_preset=&#8221;default&#8221; transform_scale_last_edited=&#8221;off|desktop&#8221; transform_translate_last_edited=&#8221;off|desktop&#8221; transform_rotate_last_edited=&#8221;off|desktop&#8221; transform_skew_last_edited=&#8221;off|desktop&#8221; transform_origin_last_edited=&#8221;off|desktop&#8221; transform_styles_last_edited=&#8221;off|desktop&#8221; global_colors_info=&#8221;{}&#8221; transform_styles__hover_enabled=&#8221;off|desktop&#8221; transform_scale__hover_enabled=&#8221;off|desktop&#8221; transform_translate__hover_enabled=&#8221;off|desktop&#8221; transform_rotate__hover_enabled=&#8221;off|desktop&#8221; transform_skew__hover_enabled=&#8221;off|desktop&#8221; transform_origin__hover_enabled=&#8221;off|desktop&#8221; transform_scale__hover=&#8221;103%|103%&#8221;][\/et_pb_image][et_pb_text _builder_version=&#8221;4.21.0&#8243; _module_preset=&#8221;default&#8221; text_font=&#8221;Poppins|300|||||||&#8221; text_text_color=&#8221;#FFFFFF&#8221; text_font_size=&#8221;18px&#8221; text_line_height=&#8221;1.2em&#8221; header_2_font=&#8221;Poppins||||||||&#8221; header_2_text_color=&#8221;#FFFFFF&#8221; header_2_line_height=&#8221;1.2em&#8221; custom_padding=&#8221;100px|70px|100px|70px|true|true&#8221; global_colors_info=&#8221;{}&#8221;]<\/p>\n<p style=\"font-weight: 400;\">Valorama is an official partner of UFE (Union des Fran\u00e7ais \u00e0 l&#8217;\u00c9tranger), which means it is recognized for its added value and independence in insurance selection.  <\/p>\n<p>[\/et_pb_text][\/et_pb_column][\/et_pb_row][\/et_pb_section]<\/p>\n","protected":false},"excerpt":{"rendered":"<p>Created in 2012, Valorama is a loan insurance broker aimed at non-French residents and French expatriates and more generally at special risks (high capital, aggravated health risk, &#8230;). Working closely with lending institutions, our expert advisors can help you set up loan insuranceat the best rates and with the best guarantees. Drawing on their experience [&hellip;]<\/p>\n","protected":false},"author":2,"featured_media":0,"parent":18695,"menu_order":0,"comment_status":"closed","ping_status":"closed","template":"","meta":{"_et_pb_use_builder":"on","_et_pb_old_content":"","_et_gb_content_width":"","footnotes":""},"folder":[14],"class_list":["post-18889","page","type-page","status-publish","hentry"],"_links":{"self":[{"href":"https:\/\/groupe-odealim.com\/en\/wp-json\/wp\/v2\/pages\/18889","targetHints":{"allow":["GET"]}}],"collection":[{"href":"https:\/\/groupe-odealim.com\/en\/wp-json\/wp\/v2\/pages"}],"about":[{"href":"https:\/\/groupe-odealim.com\/en\/wp-json\/wp\/v2\/types\/page"}],"author":[{"embeddable":true,"href":"https:\/\/groupe-odealim.com\/en\/wp-json\/wp\/v2\/users\/2"}],"replies":[{"embeddable":true,"href":"https:\/\/groupe-odealim.com\/en\/wp-json\/wp\/v2\/comments?post=18889"}],"version-history":[{"count":2,"href":"https:\/\/groupe-odealim.com\/en\/wp-json\/wp\/v2\/pages\/18889\/revisions"}],"predecessor-version":[{"id":18893,"href":"https:\/\/groupe-odealim.com\/en\/wp-json\/wp\/v2\/pages\/18889\/revisions\/18893"}],"up":[{"embeddable":true,"href":"https:\/\/groupe-odealim.com\/en\/wp-json\/wp\/v2\/pages\/18695"}],"wp:attachment":[{"href":"https:\/\/groupe-odealim.com\/en\/wp-json\/wp\/v2\/media?parent=18889"}],"wp:term":[{"taxonomy":"folder","embeddable":true,"href":"https:\/\/groupe-odealim.com\/en\/wp-json\/wp\/v2\/folder?post=18889"}],"curies":[{"name":"wp","href":"https:\/\/api.w.org\/{rel}","templated":true}]}}